{"id":47,"date":"2018-12-18T20:51:37","date_gmt":"2018-12-18T20:51:37","guid":{"rendered":"http:\/\/cvalmogaversparc.com\/?page_id=47"},"modified":"2025-09-08T09:02:23","modified_gmt":"2025-09-08T09:02:23","slug":"plans-de-salut","status":"publish","type":"page","link":"https:\/\/cvalmogaversparc.com\/es_ES\/plans-de-salut","title":{"rendered":"PLANES DE SALUD"},"content":{"rendered":"<p><span style=\"font-weight: 400;\">La Cl\u00ednica Veterin\u00e0ria Almog\u00e0vers Parc os ofrece planes de salud anuales para garantizar el bienestar de vuestros animales a un precio apto para todos los bolsillos.<\/span><\/p>\n<p><img loading=\"lazy\" decoding=\"async\" class=\"wp-image-863 alignleft\" src=\"http:\/\/cvalmogaversparc.com\/wp-content\/uploads\/2020\/03\/DANA_LOGO_MOD-839x1024.jpg\" alt=\"\" width=\"292\" height=\"357\"\/><\/p>\n<p><span style=\"font-weight: 400;\">De este modo, en todos los planes de salud os entra: <\/span><\/p>\n<p><span style=\"font-family: inherit; font-size: 1rem;\">\u2022La vacunaci\u00f3n anual (moquillo, hepatitis, parvovirus, leptospira i rabia)<\/span><\/p>\n<p><span style=\"font-family: inherit; font-size: 1rem;\">\u2022L<\/span><span style=\"font-family: inherit; font-size: 1rem;\">a desparasitaci\u00f3n interna trimestral anual<\/span><\/p>\n<p><span style=\"font-family: inherit; font-size: 1rem;\">\u2022TODAS* las visitas que necesit\u00e9is para asegurar la salud de vuestra mascota en un a\u00f1o.<\/span><\/p>\n<p><span style=\"font-family: inherit; font-size: 1rem;\">Aparte tambi\u00e9n tendr\u00e9is descuentos en:<\/span><\/p>\n<p><span style=\"font-family: inherit; font-size: 1rem;\">\u2022TODOS los procedimientos m\u00e9dicos que se consideren necesarios (anal\u00edticas, radiograf\u00edas, cirug\u00edas&#8230;), <\/span><span style=\"font-family: inherit; font-size: 1rem;\">alimentaci\u00f3n, <\/span><span style=\"font-family: inherit; font-size: 1rem;\">accesorios, <\/span><span style=\"font-family: inherit; font-size: 1rem;\">tratamientos.<\/span><\/p>\n<p>&nbsp;<\/p>\n<p>Si quer\u00e9is m\u00e1s informaci\u00f3n, no dud\u00e9is en llamar o venir a la cl\u00ednica y os resoldremos todas las preguntas que teng\u00e1is.<img loading=\"lazy\" decoding=\"async\" class=\"alignnone size-large wp-image-2492\" src=\"https:\/\/cvalmogaversparc.com\/wp-content\/uploads\/2025\/09\/plans-de-salut-2025-721x1024.png\" alt=\"\" width=\"688\" height=\"977\" srcset=\"https:\/\/cvalmogaversparc.com\/wp-content\/uploads\/2025\/09\/plans-de-salut-2025-721x1024.png 721w, https:\/\/cvalmogaversparc.com\/wp-content\/uploads\/2025\/09\/plans-de-salut-2025-211x300.png 211w, https:\/\/cvalmogaversparc.com\/wp-content\/uploads\/2025\/09\/plans-de-salut-2025-768x1090.png 768w, https:\/\/cvalmogaversparc.com\/wp-content\/uploads\/2025\/09\/plans-de-salut-2025-1082x1536.png 1082w, https:\/\/cvalmogaversparc.com\/wp-content\/uploads\/2025\/09\/plans-de-salut-2025.png 1409w\" sizes=\"auto, (max-width: 688px) 100vw, 688px\" \/><\/p>\n<p>*queda excluida la vacuna contra la leishmaniosis y las visitas de especialista, a los cuales se aplicar\u00eda el descuento correspondiente.<\/p>\n<p>&nbsp; <a href=\"https:\/\/www.royalcanin.com\/es\" target=\"_blank\" rel=\"noopener noreferrer\"><img loading=\"lazy\" decoding=\"async\" class=\"aligncenter\" src=\"https:\/\/tradetermsrc.com\/es\/banners\/RC\/Kit-Digital_728x90.jpg\" alt=\"Royal Canin\" width=\"728\" height=\"90\"\/><\/a><\/p>\n","protected":false},"excerpt":{"rendered":"<p><span style=\"font-weight: 400;\">La Cl\u00ednica Veterin\u00e0ria Almog\u00e0vers Parc os ofrece planes de salud anuales para garantizar el bienestar de vuestros animales a un precio apto para todos los bolsillos.<\/span><\/p>\n<p><img class=\"wp-image-863 alignleft...\n<\/p>\n","protected":false},"author":1,"featured_media":0,"parent":0,"menu_order":0,"comment_status":"closed","ping_status":"closed","template":"","meta":{"pgc_meta":"","ngg_post_thumbnail":0,"_joinchat":[],"footnotes":""},"class_list":["post-47","page","type-page","status-publish","hentry"],"pgc_meta":"","yoast_head":"<!-- This site is optimized with the Yoast SEO plugin v21.4 - https:\/\/yoast.com\/wordpress\/plugins\/seo\/ -->\n<title>PLANES DE SALUD<\/title>\n<meta name=\"description\" content=\"La Cl\u00ednica Veterin\u00e0ria Almog\u00e0vers Parc os ofrece planes de salud anuales para garantizar el bienestar de vuestros animales a un precio apto para todos los bolsillos.\" \/>\n<meta name=\"robots\" content=\"index, follow, max-snippet:-1, max-image-preview:large, max-video-preview:-1\" \/>\n<link rel=\"canonical\" href=\"https:\/\/cvalmogaversparc.com\/plans-de-salut\" \/>\n<meta property=\"og:locale\" content=\"ca_ES\" \/>\n<meta property=\"og:type\" content=\"article\" \/>\n<meta property=\"og:title\" content=\"PLANES DE SALUD\" \/>\n<meta property=\"og:description\" content=\"La Cl\u00ednica Veterin\u00e0ria Almog\u00e0vers Parc os ofrece planes de salud anuales para garantizar el bienestar de vuestros animales a un precio apto para todos los bolsillos.\" \/>\n<meta property=\"og:url\" content=\"https:\/\/cvalmogaversparc.com\/plans-de-salut\" \/>\n<meta property=\"og:site_name\" content=\"Cl\u00ednica Veterin\u00e0ria Almog\u00e0vers Parc\" \/>\n<meta property=\"article:publisher\" content=\"https:\/\/www.facebook.com\/cvetalmogaversparc\/\" \/>\n<meta property=\"article:modified_time\" content=\"2025-09-08T09:02:23+00:00\" \/>\n<meta property=\"og:image\" content=\"http:\/\/cvalmogaversparc.com\/wp-content\/uploads\/2020\/03\/DANA_LOGO_MOD-839x1024.jpg\" \/>\n<meta name=\"twitter:card\" content=\"summary_large_image\" \/>\n<meta name=\"twitter:label1\" content=\"Temps estimat de lectura\" \/>\n\t<meta name=\"twitter:data1\" content=\"2 minuts\" \/>\n<script type=\"application\/ld+json\" class=\"yoast-schema-graph\">{\"@context\":\"https:\/\/schema.org\",\"@graph\":[{\"@type\":\"WebPage\",\"@id\":\"https:\/\/cvalmogaversparc.com\/plans-de-salut\",\"url\":\"https:\/\/cvalmogaversparc.com\/plans-de-salut\",\"name\":\"PLANS DE SALUT - Cl\u00ednica Veterin\u00e0ria Almog\u00e0vers Parc\",\"isPartOf\":{\"@id\":\"https:\/\/cvalmogaversparc.com\/es_ES\/#website\"},\"datePublished\":\"2018-12-18T20:51:37+00:00\",\"dateModified\":\"2025-09-08T09:02:23+00:00\",\"description\":\"Plans de salut\",\"breadcrumb\":{\"@id\":\"https:\/\/cvalmogaversparc.com\/plans-de-salut#breadcrumb\"},\"inLanguage\":\"ca\",\"potentialAction\":[{\"@type\":\"ReadAction\",\"target\":[\"https:\/\/cvalmogaversparc.com\/plans-de-salut\"]}]},{\"@type\":\"BreadcrumbList\",\"@id\":\"https:\/\/cvalmogaversparc.com\/plans-de-salut#breadcrumb\",\"itemListElement\":[{\"@type\":\"ListItem\",\"position\":1,\"name\":\"Portada\",\"item\":\"https:\/\/cvalmogaversparc.com\/\"},{\"@type\":\"ListItem\",\"position\":2,\"name\":\"HEALTH PLANS\"}]},{\"@type\":\"WebSite\",\"@id\":\"https:\/\/cvalmogaversparc.com\/es_ES\/#website\",\"url\":\"https:\/\/cvalmogaversparc.com\/es_ES\/\",\"name\":\"Cl\u00ednica Veterin\u00e0ria Almog\u00e0vers Parc\",\"description\":\"Un m\u00e9s de la fam\u00edlia\",\"publisher\":{\"@id\":\"https:\/\/cvalmogaversparc.com\/es_ES\/#organization\"},\"potentialAction\":[{\"@type\":\"SearchAction\",\"target\":{\"@type\":\"EntryPoint\",\"urlTemplate\":\"https:\/\/cvalmogaversparc.com\/es_ES\/?s={search_term_string}\"},\"query-input\":\"required name=search_term_string\"}],\"inLanguage\":\"ca\"},{\"@type\":\"Organization\",\"@id\":\"https:\/\/cvalmogaversparc.com\/es_ES\/#organization\",\"name\":\"Cl\u00ednica Veterin\u00e0ria Almog\u00e0vers Parc\",\"url\":\"https:\/\/cvalmogaversparc.com\/es_ES\/\",\"logo\":{\"@type\":\"ImageObject\",\"inLanguage\":\"ca\",\"@id\":\"https:\/\/cvalmogaversparc.com\/es_ES\/#\/schema\/logo\/image\/\",\"url\":\"https:\/\/cvalmogaversparc.com\/wp-content\/uploads\/2019\/02\/img064.jpg\",\"contentUrl\":\"https:\/\/cvalmogaversparc.com\/wp-content\/uploads\/2019\/02\/img064.jpg\",\"width\":3509,\"height\":2481,\"caption\":\"Cl\u00ednica Veterin\u00e0ria Almog\u00e0vers Parc\"},\"image\":{\"@id\":\"https:\/\/cvalmogaversparc.com\/es_ES\/#\/schema\/logo\/image\/\"},\"sameAs\":[\"https:\/\/www.facebook.com\/cvetalmogaversparc\/\",\"https:\/\/www.instagram.com\/cvetalmogaversparc\/\"]}]}<\/script>\n<!-- \/ Yoast SEO plugin. -->","yoast_head_json":{"title":"PLANES DE SALUD","description":"La Cl\u00ednica Veterin\u00e0ria Almog\u00e0vers Parc os ofrece planes de salud anuales para garantizar el bienestar de vuestros animales a un precio apto para todos los bolsillos.","robots":{"index":"index","follow":"follow","max-snippet":"max-snippet:-1","max-image-preview":"max-image-preview:large","max-video-preview":"max-video-preview:-1"},"canonical":"https:\/\/cvalmogaversparc.com\/plans-de-salut","og_locale":"ca_ES","og_type":"article","og_title":"PLANES DE SALUD","og_description":"La Cl\u00ednica Veterin\u00e0ria Almog\u00e0vers Parc os ofrece planes de salud anuales para garantizar el bienestar de vuestros animales a un precio apto para todos los bolsillos.","og_url":"https:\/\/cvalmogaversparc.com\/plans-de-salut","og_site_name":"Cl\u00ednica Veterin\u00e0ria Almog\u00e0vers Parc","article_publisher":"https:\/\/www.facebook.com\/cvetalmogaversparc\/","article_modified_time":"2025-09-08T09:02:23+00:00","og_image":[{"url":"http:\/\/cvalmogaversparc.com\/wp-content\/uploads\/2020\/03\/DANA_LOGO_MOD-839x1024.jpg"}],"twitter_card":"summary_large_image","twitter_misc":{"Temps estimat de lectura":"2 minuts"},"schema":{"@context":"https:\/\/schema.org","@graph":[{"@type":"WebPage","@id":"https:\/\/cvalmogaversparc.com\/plans-de-salut","url":"https:\/\/cvalmogaversparc.com\/plans-de-salut","name":"PLANS DE SALUT - Cl\u00ednica Veterin\u00e0ria Almog\u00e0vers Parc","isPartOf":{"@id":"https:\/\/cvalmogaversparc.com\/es_ES\/#website"},"datePublished":"2018-12-18T20:51:37+00:00","dateModified":"2025-09-08T09:02:23+00:00","description":"Plans de salut","breadcrumb":{"@id":"https:\/\/cvalmogaversparc.com\/plans-de-salut#breadcrumb"},"inLanguage":"ca","potentialAction":[{"@type":"ReadAction","target":["https:\/\/cvalmogaversparc.com\/plans-de-salut"]}]},{"@type":"BreadcrumbList","@id":"https:\/\/cvalmogaversparc.com\/plans-de-salut#breadcrumb","itemListElement":[{"@type":"ListItem","position":1,"name":"Portada","item":"https:\/\/cvalmogaversparc.com\/"},{"@type":"ListItem","position":2,"name":"HEALTH PLANS"}]},{"@type":"WebSite","@id":"https:\/\/cvalmogaversparc.com\/es_ES\/#website","url":"https:\/\/cvalmogaversparc.com\/es_ES\/","name":"Cl\u00ednica Veterin\u00e0ria Almog\u00e0vers Parc","description":"Un m\u00e9s de la fam\u00edlia","publisher":{"@id":"https:\/\/cvalmogaversparc.com\/es_ES\/#organization"},"potentialAction":[{"@type":"SearchAction","target":{"@type":"EntryPoint","urlTemplate":"https:\/\/cvalmogaversparc.com\/es_ES\/?s={search_term_string}"},"query-input":"required name=search_term_string"}],"inLanguage":"ca"},{"@type":"Organization","@id":"https:\/\/cvalmogaversparc.com\/es_ES\/#organization","name":"Cl\u00ednica Veterin\u00e0ria Almog\u00e0vers Parc","url":"https:\/\/cvalmogaversparc.com\/es_ES\/","logo":{"@type":"ImageObject","inLanguage":"ca","@id":"https:\/\/cvalmogaversparc.com\/es_ES\/#\/schema\/logo\/image\/","url":"https:\/\/cvalmogaversparc.com\/wp-content\/uploads\/2019\/02\/img064.jpg","contentUrl":"https:\/\/cvalmogaversparc.com\/wp-content\/uploads\/2019\/02\/img064.jpg","width":3509,"height":2481,"caption":"Cl\u00ednica Veterin\u00e0ria Almog\u00e0vers Parc"},"image":{"@id":"https:\/\/cvalmogaversparc.com\/es_ES\/#\/schema\/logo\/image\/"},"sameAs":["https:\/\/www.facebook.com\/cvetalmogaversparc\/","https:\/\/www.instagram.com\/cvetalmogaversparc\/"]}]}},"_links":{"self":[{"href":"https:\/\/cvalmogaversparc.com\/es_ES\/wp-json\/wp\/v2\/pages\/47","targetHints":{"allow":["GET"]}}],"collection":[{"href":"https:\/\/cvalmogaversparc.com\/es_ES\/wp-json\/wp\/v2\/pages"}],"about":[{"href":"https:\/\/cvalmogaversparc.com\/es_ES\/wp-json\/wp\/v2\/types\/page"}],"author":[{"embeddable":true,"href":"https:\/\/cvalmogaversparc.com\/es_ES\/wp-json\/wp\/v2\/users\/1"}],"replies":[{"embeddable":true,"href":"https:\/\/cvalmogaversparc.com\/es_ES\/wp-json\/wp\/v2\/comments?post=47"}],"version-history":[{"count":75,"href":"https:\/\/cvalmogaversparc.com\/es_ES\/wp-json\/wp\/v2\/pages\/47\/revisions"}],"predecessor-version":[{"id":166,"href":"https:\/\/cvalmogaversparc.com\/es_ES\/wp-json\/wp\/v2\/pages\/47\/revisions\/166"}],"wp:attachment":[{"href":"https:\/\/cvalmogaversparc.com\/es_ES\/wp-json\/wp\/v2\/media?parent=47"}],"curies":[{"name":"wp","href":"https:\/\/api.w.org\/{rel}","templated":true}]}}