{"id":44,"date":"2018-12-18T20:50:26","date_gmt":"2018-12-18T20:50:26","guid":{"rendered":"http:\/\/cvalmogaversparc.com\/?page_id=44"},"modified":"2022-02-04T18:13:16","modified_gmt":"2022-02-04T18:13:16","slug":"serveis","status":"publish","type":"page","link":"https:\/\/cvalmogaversparc.com\/es_ES\/serveis","title":{"rendered":"SERVICIOS"},"content":{"rendered":"<h4 style=\"text-align: right;\"><strong>medicina GENERAL<\/strong><\/h4>\n<p style=\"font-family: Georgia, serif; font-size: 16px;\"><img loading=\"lazy\" decoding=\"async\" class=\"wp-image-851 alignleft\" src=\"http:\/\/cvalmogaversparc.com\/wp-content\/uploads\/2020\/03\/DSC_0044-1024x680.jpg\" alt=\"\" width=\"346\" height=\"230\"\/><\/p>\n<p>En la Cl\u00ednica Veterinaria Almog\u00e0vers Parc tratamos con todo tipo de enfermedades que pueda tener vuestro animal, s\u00f3lo hace falta una exploraci\u00f3n exhaustiva para poder tener informaci\u00f3n sobre qu\u00e9 le pasa y poderos explicar c\u00f3mo solucionarlo.<\/p>\n<p>&nbsp;<\/p>\n<h4><strong>Medicina Preventiva<\/strong><\/h4>\n<p><strong><img loading=\"lazy\" decoding=\"async\" class=\"wp-image-830 alignright\" src=\"http:\/\/cvalmogaversparc.com\/wp-content\/uploads\/2020\/03\/DSC06027-1024x683.jpg\" alt=\"\" width=\"345\" height=\"230\"\/><\/strong><\/p>\n<p>Es muy importante garantizar la salud de nuestros animales antes de que se pongan enfermos. Pero c\u00f3mo podemos prevenir ciertas enfermedades?<\/p>\n<p>En la Cl\u00ednica Veterinaria Almog\u00e0vers Parc os aconsejaremos sobre las mejores pautas alimentarias, vacunales y de manejo para que nuestros mejores amigos se pongan enfermos menos a menudo. Porque si lo podemos prevenir, ya no har\u00e1 falta curar!<\/p>\n<h4 style=\"text-align: right;\"><strong>Cirug\u00cda general<img loading=\"lazy\" decoding=\"async\" class=\"wp-image-198 alignleft\" src=\"http:\/\/cvalmogaversparc.com\/wp-content\/uploads\/2019\/02\/DSC05948-1024x683.jpg\" alt=\"\" width=\"345\" height=\"230\"\/><\/strong><\/h4>\n<p>Algunos procesos no pueden ser solucionados m\u00e9dicamente y es necesario que realicemos una cirug\u00eda para solucionarlo. Para hacerlo de una forma m\u00e1s eficaz contamos con un quir\u00f3fano completamente equipado y los mejores especialistas para tener las mejores garant\u00edas de resoluci\u00f3n quir\u00fargica.<\/p>\n<h4><strong>HIGIENES DENTALeS<\/strong><\/h4>\n<h4><img loading=\"lazy\" decoding=\"async\" class=\"wp-image-513 alignleft\" src=\"http:\/\/cvalmogaversparc.com\/wp-content\/uploads\/2019\/11\/bocatosca2.jpg\" alt=\"\" width=\"187\" height=\"140\"\/><img loading=\"lazy\" decoding=\"async\" class=\"alignright wp-image-514\" src=\"https:\/\/cvalmogaversparc.com\/wp-content\/uploads\/2019\/11\/bocaneta2.jpg\" alt=\"\" width=\"183\" height=\"137\" srcset=\"https:\/\/cvalmogaversparc.com\/wp-content\/uploads\/2019\/11\/bocaneta2.jpg 960w, https:\/\/cvalmogaversparc.com\/wp-content\/uploads\/2019\/11\/bocaneta2-300x225.jpg 300w, https:\/\/cvalmogaversparc.com\/wp-content\/uploads\/2019\/11\/bocaneta2-768x576.jpg 768w\" sizes=\"auto, (max-width: 183px) 100vw, 183px\" \/><\/h4>\n<p>La salud de nuestra mascota empieza por una buena higiene dental. As\u00ed mismo, os ofrecemos un servicio de higienes dentales profesional, seguro y eficaz. Tambi\u00e9n podemos asesoraros sobre c\u00f3mo prevenir el dep\u00f3sito de sarro y el mal aliento de vuestros animales. Inf\u00f3rmate!&nbsp;<\/p>\n<h4 style=\"text-align: right;\"><strong>Laboratorio PROPIO<\/strong><\/h4>\n<p><img loading=\"lazy\" decoding=\"async\" class=\"wp-image-1771 alignright\" src=\"https:\/\/cvalmogaversparc.com\/wp-content\/uploads\/2021\/06\/DSC_0169-1024x680.jpg\" alt=\"\" width=\"203\" height=\"135\" srcset=\"https:\/\/cvalmogaversparc.com\/wp-content\/uploads\/2021\/06\/DSC_0169-1024x680.jpg 1024w, https:\/\/cvalmogaversparc.com\/wp-content\/uploads\/2021\/06\/DSC_0169-300x199.jpg 300w, https:\/\/cvalmogaversparc.com\/wp-content\/uploads\/2021\/06\/DSC_0169-768x510.jpg 768w, https:\/\/cvalmogaversparc.com\/wp-content\/uploads\/2021\/06\/DSC_0169-1536x1020.jpg 1536w, https:\/\/cvalmogaversparc.com\/wp-content\/uploads\/2021\/06\/DSC_0169-2048x1360.jpg 2048w, https:\/\/cvalmogaversparc.com\/wp-content\/uploads\/2021\/06\/DSC_0169-1600x1063.jpg 1600w\" sizes=\"auto, (max-width: 203px) 100vw, 203px\" \/><\/p>\n<p style=\"font-family: Georgia, serif; font-size: 16px;\"><img loading=\"lazy\" decoding=\"async\" class=\"wp-image-852 alignleft\" src=\"http:\/\/cvalmogaversparc.com\/wp-content\/uploads\/2020\/03\/DSC_0196-1024x680.jpg\" alt=\"\" width=\"212\" height=\"141\"\/><\/p>\n<p>Hay casos en los que tener un resultado inmediato es imprescindible.<\/p>\n<p>Es por eso que en la Cl\u00ednica Veterin\u00e0ria Almogavers Parc disponemos de un laboratorio completamente equipado para poder realizar todo tipo de anal\u00edticas de sangre, orina, heces&#8230; y disponer de los resultados de forma instant\u00e1nea para tener un diagn\u00f3stico de vuestro animal lo antes posible.<\/p>\n<p>&nbsp;<\/p>\n<h4 style=\"text-align: left;\"><strong>Diagn\u00f3stico por imagen (radiolog\u00eda y ecograf\u00eda)<\/strong><\/h4>\n<p><strong><img loading=\"lazy\" decoding=\"async\" class=\"wp-image-704 alignright\" src=\"http:\/\/cvalmogaversparc.com\/wp-content\/uploads\/2020\/02\/IMG_20200225_124429_415-1024x759.jpg\" alt=\"\" width=\"311\" height=\"230\"\/><\/strong><\/p>\n<p>En nuestra cl\u00ednica tenemos un servicio de radiolog\u00eda digital indirecto para detectar cualquier problema de una forma m\u00e1s r\u00e1pida y eficaz, y con una mayor calidad de imagen.<\/p>\n<p>Tambi\u00e9n contamos con el mejor servicio de ecograf\u00eda para que no se nos escape ninguna afecci\u00f3n.<\/p>\n<p>&nbsp;<\/p>\n<h4 style=\"text-align: right;\"><strong>Microchips, pasaportes y certificados oficiales<\/strong><\/h4>\n<p><img loading=\"lazy\" decoding=\"async\" class=\"wp-image-161  alignleft\" src=\"http:\/\/cvalmogaversparc.com\/wp-content\/uploads\/2019\/02\/IMG_20190208_181918_817-e1550765074413-1024x759.jpg\" alt=\"\" width=\"310\" height=\"230\"\/><\/p>\n<p>El microchip es un peque\u00f1o implante obligatorio en todos los perros, gatos y hurones de m\u00e1s de 3 meses, que asociamos inform\u00e1ticamente a los datos del animal y del propietario para facilitar su recuperaci\u00f3n en caso de p\u00e9rdida.<\/p>\n<p>En la Cl\u00ednica Veterinaria Almog\u00e0vers Parc realizamos su implantaci\u00f3n y activaci\u00f3n, y realizamos los tr\u00e1mites necesarios para que puedan viajar por todo el mundo, facilitandoos la documentaci\u00f3n necesaria.<\/p>\n<h4><strong><!-- \/wp:post-content --><!-- wp:paragraph --><\/strong><\/h4>\n<h4><strong>Dermatolog\u00eda<\/strong><\/h4>\n<p><img loading=\"lazy\" decoding=\"async\" class=\"wp-image-854 alignright\" src=\"http:\/\/cvalmogaversparc.com\/wp-content\/uploads\/2020\/03\/DSC_0383-1-1024x680.jpg\" alt=\"\" width=\"346\" height=\"230\"\/><\/p>\n<p>La piel es el \u00f3rgano m\u00e1s grande que tenemos. Los perros, gatos y conejos tambi\u00e9n pueden tener enfermedades cut\u00e1neas como alergias, infecciones por bacterias, par\u00e1sitos, hongos, enfermedades inmunomediadas&#8230; que se pueden manifestar como otitis, enrojecimiento, alopecias&#8230; Preg\u00fantanos y te ayudaremos a hacer que tu animal tenga una piel sana y un pelo bonito.<\/p>\n<h4><strong><!-- \/wp:paragraph --><!-- wp:paragraph --><\/strong><\/h4>\n<h4 style=\"text-align: right;\"><strong>Cardiolog\u00eda<\/strong><\/h4>\n<p><img loading=\"lazy\" decoding=\"async\" class=\"wp-image-855 alignleft\" src=\"http:\/\/cvalmogaversparc.com\/wp-content\/uploads\/2020\/03\/DSC_0426-1.jpg\" alt=\"\" width=\"346\" height=\"230\"\/><\/p>\n<p>Las enfermedades card\u00edacas cada vez son m\u00e1s frecuentes en perros y gatos de edad avanzada, pero tambi\u00e9n en animales j\u00f3venes. Una exploraci\u00f3n peri\u00f3dica nos permitir\u00e1 detectar sonidos an\u00f3malos que pueden ser tratados precozmente para evitar problemas m\u00e1s adelante como cardiomegalia, problemas valvulares o edema de pulm\u00f3n.<\/p>\n<p>&nbsp;<\/p>\n<h4><strong><!-- \/wp:paragraph --><!-- wp:paragraph --><\/strong><\/h4>\n<h4><strong>Oftalmolog\u00eda<\/strong><\/h4>\n<p><img loading=\"lazy\" decoding=\"async\" class=\"wp-image-1775  alignleft\" src=\"https:\/\/cvalmogaversparc.com\/wp-content\/uploads\/2021\/06\/Vet83-1-1024x731.jpg\" alt=\"\" width=\"311\" height=\"222\" srcset=\"https:\/\/cvalmogaversparc.com\/wp-content\/uploads\/2021\/06\/Vet83-1-1024x731.jpg 1024w, https:\/\/cvalmogaversparc.com\/wp-content\/uploads\/2021\/06\/Vet83-1-300x214.jpg 300w, https:\/\/cvalmogaversparc.com\/wp-content\/uploads\/2021\/06\/Vet83-1-768x549.jpg 768w, https:\/\/cvalmogaversparc.com\/wp-content\/uploads\/2021\/06\/Vet83-1-1536x1097.jpg 1536w, https:\/\/cvalmogaversparc.com\/wp-content\/uploads\/2021\/06\/Vet83-1-2048x1463.jpg 2048w, https:\/\/cvalmogaversparc.com\/wp-content\/uploads\/2021\/06\/Vet83-1-1600x1143.jpg 1600w\" sizes=\"auto, (max-width: 311px) 100vw, 311px\" \/><\/p>\n<p>Qui\u00e9n no querr\u00eda preservar esa mirada tan tierna de tu animal? Los ojos pueden tener varias afecciones: desde \u00falceras, inflamaciones de la c\u00f3rnea y los p\u00e1rpados, infecciones, cataratas, glaucoma, problemas de retina&#8230;<\/p>\n<p>En la Cl\u00ednica Veterinaria Almog\u00e0vers Parc os orientaremos sobre la mejor forma de proceder para garantizar la salud ocular de tu animal.<\/p>\n<h4><strong><!-- \/wp:paragraph --><!-- wp:paragraph --><\/strong><\/h4>\n<h4 style=\"text-align: right;\"><strong>Traumatolog\u00eda<\/strong><\/h4>\n<h4><img loading=\"lazy\" decoding=\"async\" class=\"wp-image-331  alignleft\" src=\"http:\/\/cvalmogaversparc.com\/wp-content\/uploads\/2019\/02\/IMG_20190208_182259_640-e1550774337912-1024x759.jpg\" alt=\"\" width=\"284\" height=\"211\"\/><\/h4>\n<p>En la Cl\u00ednica Veterinaria Almog\u00e0vers Parc contamos con los mejores especialistas que nos orientan y ayudan a resolver cualquier problema traumatol\u00f3gico, tanto m\u00e9dico como quir\u00fargico.<\/p>\n<p>&nbsp;<\/p>\n<h4><strong><!-- \/wp:paragraph --><!-- wp:paragraph --><\/strong><\/h4>\n<h4><strong><!-- \/wp:paragraph --><!-- wp:paragraph --><\/strong><\/h4>\n<h4><strong><!-- \/wp:paragraph --><!-- wp:paragraph --><\/strong><\/h4>\n<h4 style=\"text-align: left;\"><strong>Hospital de d\u00eda<\/strong><\/h4>\n<p><img loading=\"lazy\" decoding=\"async\" class=\"wp-image-334 alignright\" src=\"http:\/\/cvalmogaversparc.com\/wp-content\/uploads\/2019\/02\/IMG-20190114-WA000901-1024x576.jpg\" alt=\"\" width=\"411\" height=\"231\"\/><\/p>\n<p>En la Cl\u00ednica Veterin\u00e0ria Almogavers Parc realizamos ingresos en horario diurno en caso de necesidad. Contamos con unas jaulas de la mejor calidad completamente equipadas, infusores y los mejores tratamientos para garantizar la r\u00e1pida recuperaci\u00f3n de vuestros animales.<\/p>\n<h4><strong><!-- \/wp:paragraph --><!-- wp:paragraph --><\/strong><\/h4>\n<h4><strong><!-- \/wp:paragraph --><!-- wp:paragraph --><\/strong><\/h4>\n<h4><strong><!-- \/wp:paragraph --><!-- wp:paragraph --><\/strong><\/h4>\n<h4 style=\"text-align: right;\"><strong>Animales ex\u00f3ticos<\/strong><\/h4>\n<p><img loading=\"lazy\" decoding=\"async\" class=\"wp-image-327  alignleft\" src=\"http:\/\/cvalmogaversparc.com\/wp-content\/uploads\/2019\/02\/IMG_20190131_114056_614-1024x725.jpg\" alt=\"\" width=\"325\" height=\"230\"\/><\/p>\n<p>S\u00ed! Aqu\u00ed tambi\u00e9n atendemos los animales en los que nadie piensa: conejos, hurones, hamsters&#8230; y realizamos las primeras atenciones para garantizar su bienestar.&nbsp;<\/p>\n<!-- wp:paragraph -->\n<h4>&nbsp;<\/h4>\n<p>&nbsp;<\/p>\n<h4><strong>MEDICINA FELINA<\/strong><\/h4>\n<p style=\"font-family: Georgia, serif; font-size: 16px;\"><img loading=\"lazy\" decoding=\"async\" class=\"size-medium wp-image-1382 alignright\" src=\"http:\/\/cvalmogaversparc.com\/wp-content\/uploads\/2020\/09\/Vet-13-scaled-e1599656525847-300x271.jpg\" alt=\"\" width=\"300\" height=\"271\"\/><\/p>\n<p><span style=\"font-family: inherit; font-size: 1rem;\">Os pensabais que nos olvid\u00e1bamos de vuestros gatitos, eh? En la Cl\u00ednica Veterin\u00e0ria Almog\u00e0vers Parc tenemos muy en cuenta que los gatos necesitan una atenci\u00f3n especial, en un entorno m\u00e1s tranquilo, y por eso disponemos de una sala de espera aparte y de una consulta exclusivamente para ellos, para hacer de su paso por el veterinario una experiencia tranquila y agradable. Adem\u00e1s, contamos con la acreditaci\u00f3n de CL\u00cdNICA AMABLE CON LOS GATOS, NIVEL PLATA, concedida por la International Society of Feline Medicine, donde piden altos estandars para una excelente manipulaci\u00f3n de los gatos, siempre libre de estr\u00e9s. M\u00e1s info en nuestro blog y en www.catfriendlyclinic.org<\/span><\/p>\n<p>&nbsp;<\/p>\n<h4><strong><!-- \/wp:paragraph --><!-- wp:paragraph --><\/strong><\/h4>\n<h4>&nbsp;<\/h4>\n<!-- \/wp:paragraph -->","protected":false},"excerpt":{"rendered":"<h4 style=\"text-align: right;\"><strong>medicina GENERAL<\/strong><\/h4>\n<p style=\"font-family: Georgia, serif; font-size: 16px;\"><img loading=\"lazy\" decoding=\"async\" width=\"1024\" height=\"680\" class=\"wp-image-851 alignleft\" src=\"http:\/\/cvalmogaversparc.com\/wp-content\/uploads\/2020\/03\/DSC_0044-1024x680.jpg\" alt=...\n<\/p>\n","protected":false},"author":1,"featured_media":0,"parent":0,"menu_order":0,"comment_status":"closed","ping_status":"closed","template":"","meta":{"pgc_meta":"","ngg_post_thumbnail":0,"_joinchat":[],"footnotes":""},"class_list":["post-44","page","type-page","status-publish","hentry"],"pgc_meta":"","yoast_head":"<!-- This site is optimized with the Yoast SEO plugin v21.4 - https:\/\/yoast.com\/wordpress\/plugins\/seo\/ -->\n<title>SERVICIOS<\/title>\n<meta name=\"description\" content=\"medicina GENERAL\" \/>\n<meta name=\"robots\" content=\"index, follow, max-snippet:-1, max-image-preview:large, max-video-preview:-1\" \/>\n<link rel=\"canonical\" href=\"https:\/\/cvalmogaversparc.com\/serveis\" \/>\n<meta property=\"og:locale\" content=\"ca_ES\" \/>\n<meta property=\"og:type\" content=\"article\" \/>\n<meta property=\"og:title\" content=\"SERVICIOS\" \/>\n<meta property=\"og:description\" content=\"medicina GENERAL\" \/>\n<meta property=\"og:url\" content=\"https:\/\/cvalmogaversparc.com\/serveis\" \/>\n<meta property=\"og:site_name\" content=\"Cl\u00ednica Veterin\u00e0ria Almog\u00e0vers Parc\" \/>\n<meta property=\"article:publisher\" content=\"https:\/\/www.facebook.com\/cvetalmogaversparc\/\" \/>\n<meta property=\"article:modified_time\" content=\"2022-02-04T18:13:16+00:00\" \/>\n<meta property=\"og:image\" content=\"http:\/\/cvalmogaversparc.com\/wp-content\/uploads\/2020\/03\/DSC_0044-1024x680.jpg\" \/>\n<meta name=\"twitter:card\" content=\"summary_large_image\" \/>\n<meta name=\"twitter:label1\" content=\"Temps estimat de lectura\" \/>\n\t<meta name=\"twitter:data1\" content=\"4 minuts\" \/>\n<script type=\"application\/ld+json\" class=\"yoast-schema-graph\">{\"@context\":\"https:\/\/schema.org\",\"@graph\":[{\"@type\":\"WebPage\",\"@id\":\"https:\/\/cvalmogaversparc.com\/serveis\",\"url\":\"https:\/\/cvalmogaversparc.com\/serveis\",\"name\":\"SERVEIS - Cl\u00ednica Veterin\u00e0ria Almog\u00e0vers Parc\",\"isPartOf\":{\"@id\":\"https:\/\/cvalmogaversparc.com\/es_ES\/#website\"},\"datePublished\":\"2018-12-18T20:50:26+00:00\",\"dateModified\":\"2022-02-04T18:13:16+00:00\",\"description\":\"Quins serveis ofereim\",\"breadcrumb\":{\"@id\":\"https:\/\/cvalmogaversparc.com\/serveis#breadcrumb\"},\"inLanguage\":\"ca\",\"potentialAction\":[{\"@type\":\"ReadAction\",\"target\":[\"https:\/\/cvalmogaversparc.com\/serveis\"]}]},{\"@type\":\"BreadcrumbList\",\"@id\":\"https:\/\/cvalmogaversparc.com\/serveis#breadcrumb\",\"itemListElement\":[{\"@type\":\"ListItem\",\"position\":1,\"name\":\"Portada\",\"item\":\"https:\/\/cvalmogaversparc.com\/\"},{\"@type\":\"ListItem\",\"position\":2,\"name\":\"SERVEIS\"}]},{\"@type\":\"WebSite\",\"@id\":\"https:\/\/cvalmogaversparc.com\/es_ES\/#website\",\"url\":\"https:\/\/cvalmogaversparc.com\/es_ES\/\",\"name\":\"Cl\u00ednica Veterin\u00e0ria Almog\u00e0vers Parc\",\"description\":\"Un m\u00e9s de la fam\u00edlia\",\"publisher\":{\"@id\":\"https:\/\/cvalmogaversparc.com\/es_ES\/#organization\"},\"potentialAction\":[{\"@type\":\"SearchAction\",\"target\":{\"@type\":\"EntryPoint\",\"urlTemplate\":\"https:\/\/cvalmogaversparc.com\/es_ES\/?s={search_term_string}\"},\"query-input\":\"required name=search_term_string\"}],\"inLanguage\":\"ca\"},{\"@type\":\"Organization\",\"@id\":\"https:\/\/cvalmogaversparc.com\/es_ES\/#organization\",\"name\":\"Cl\u00ednica Veterin\u00e0ria Almog\u00e0vers Parc\",\"url\":\"https:\/\/cvalmogaversparc.com\/es_ES\/\",\"logo\":{\"@type\":\"ImageObject\",\"inLanguage\":\"ca\",\"@id\":\"https:\/\/cvalmogaversparc.com\/es_ES\/#\/schema\/logo\/image\/\",\"url\":\"https:\/\/cvalmogaversparc.com\/wp-content\/uploads\/2019\/02\/img064.jpg\",\"contentUrl\":\"https:\/\/cvalmogaversparc.com\/wp-content\/uploads\/2019\/02\/img064.jpg\",\"width\":3509,\"height\":2481,\"caption\":\"Cl\u00ednica Veterin\u00e0ria Almog\u00e0vers Parc\"},\"image\":{\"@id\":\"https:\/\/cvalmogaversparc.com\/es_ES\/#\/schema\/logo\/image\/\"},\"sameAs\":[\"https:\/\/www.facebook.com\/cvetalmogaversparc\/\",\"https:\/\/www.instagram.com\/cvetalmogaversparc\/\"]}]}<\/script>\n<!-- \/ Yoast SEO plugin. -->","yoast_head_json":{"title":"SERVICIOS","description":"medicina GENERAL","robots":{"index":"index","follow":"follow","max-snippet":"max-snippet:-1","max-image-preview":"max-image-preview:large","max-video-preview":"max-video-preview:-1"},"canonical":"https:\/\/cvalmogaversparc.com\/serveis","og_locale":"ca_ES","og_type":"article","og_title":"SERVICIOS","og_description":"medicina GENERAL","og_url":"https:\/\/cvalmogaversparc.com\/serveis","og_site_name":"Cl\u00ednica Veterin\u00e0ria Almog\u00e0vers Parc","article_publisher":"https:\/\/www.facebook.com\/cvetalmogaversparc\/","article_modified_time":"2022-02-04T18:13:16+00:00","og_image":[{"url":"http:\/\/cvalmogaversparc.com\/wp-content\/uploads\/2020\/03\/DSC_0044-1024x680.jpg"}],"twitter_card":"summary_large_image","twitter_misc":{"Temps estimat de lectura":"4 minuts"},"schema":{"@context":"https:\/\/schema.org","@graph":[{"@type":"WebPage","@id":"https:\/\/cvalmogaversparc.com\/serveis","url":"https:\/\/cvalmogaversparc.com\/serveis","name":"SERVEIS - Cl\u00ednica Veterin\u00e0ria Almog\u00e0vers Parc","isPartOf":{"@id":"https:\/\/cvalmogaversparc.com\/es_ES\/#website"},"datePublished":"2018-12-18T20:50:26+00:00","dateModified":"2022-02-04T18:13:16+00:00","description":"Quins serveis ofereim","breadcrumb":{"@id":"https:\/\/cvalmogaversparc.com\/serveis#breadcrumb"},"inLanguage":"ca","potentialAction":[{"@type":"ReadAction","target":["https:\/\/cvalmogaversparc.com\/serveis"]}]},{"@type":"BreadcrumbList","@id":"https:\/\/cvalmogaversparc.com\/serveis#breadcrumb","itemListElement":[{"@type":"ListItem","position":1,"name":"Portada","item":"https:\/\/cvalmogaversparc.com\/"},{"@type":"ListItem","position":2,"name":"SERVEIS"}]},{"@type":"WebSite","@id":"https:\/\/cvalmogaversparc.com\/es_ES\/#website","url":"https:\/\/cvalmogaversparc.com\/es_ES\/","name":"Cl\u00ednica Veterin\u00e0ria Almog\u00e0vers Parc","description":"Un m\u00e9s de la fam\u00edlia","publisher":{"@id":"https:\/\/cvalmogaversparc.com\/es_ES\/#organization"},"potentialAction":[{"@type":"SearchAction","target":{"@type":"EntryPoint","urlTemplate":"https:\/\/cvalmogaversparc.com\/es_ES\/?s={search_term_string}"},"query-input":"required name=search_term_string"}],"inLanguage":"ca"},{"@type":"Organization","@id":"https:\/\/cvalmogaversparc.com\/es_ES\/#organization","name":"Cl\u00ednica Veterin\u00e0ria Almog\u00e0vers Parc","url":"https:\/\/cvalmogaversparc.com\/es_ES\/","logo":{"@type":"ImageObject","inLanguage":"ca","@id":"https:\/\/cvalmogaversparc.com\/es_ES\/#\/schema\/logo\/image\/","url":"https:\/\/cvalmogaversparc.com\/wp-content\/uploads\/2019\/02\/img064.jpg","contentUrl":"https:\/\/cvalmogaversparc.com\/wp-content\/uploads\/2019\/02\/img064.jpg","width":3509,"height":2481,"caption":"Cl\u00ednica Veterin\u00e0ria Almog\u00e0vers Parc"},"image":{"@id":"https:\/\/cvalmogaversparc.com\/es_ES\/#\/schema\/logo\/image\/"},"sameAs":["https:\/\/www.facebook.com\/cvetalmogaversparc\/","https:\/\/www.instagram.com\/cvetalmogaversparc\/"]}]}},"_links":{"self":[{"href":"https:\/\/cvalmogaversparc.com\/es_ES\/wp-json\/wp\/v2\/pages\/44","targetHints":{"allow":["GET"]}}],"collection":[{"href":"https:\/\/cvalmogaversparc.com\/es_ES\/wp-json\/wp\/v2\/pages"}],"about":[{"href":"https:\/\/cvalmogaversparc.com\/es_ES\/wp-json\/wp\/v2\/types\/page"}],"author":[{"embeddable":true,"href":"https:\/\/cvalmogaversparc.com\/es_ES\/wp-json\/wp\/v2\/users\/1"}],"replies":[{"embeddable":true,"href":"https:\/\/cvalmogaversparc.com\/es_ES\/wp-json\/wp\/v2\/comments?post=44"}],"version-history":[{"count":149,"href":"https:\/\/cvalmogaversparc.com\/es_ES\/wp-json\/wp\/v2\/pages\/44\/revisions"}],"predecessor-version":[{"id":2118,"href":"https:\/\/cvalmogaversparc.com\/es_ES\/wp-json\/wp\/v2\/pages\/44\/revisions\/2118"}],"wp:attachment":[{"href":"https:\/\/cvalmogaversparc.com\/es_ES\/wp-json\/wp\/v2\/media?parent=44"}],"curies":[{"name":"wp","href":"https:\/\/api.w.org\/{rel}","templated":true}]}}