{"id":356,"date":"2019-02-25T20:35:43","date_gmt":"2019-02-25T20:35:43","guid":{"rendered":"http:\/\/cvalmogaversparc.com\/?page_id=356"},"modified":"2024-09-24T09:09:00","modified_gmt":"2024-09-24T09:09:00","slug":"equip","status":"publish","type":"page","link":"https:\/\/cvalmogaversparc.com\/es_ES\/la-clinica\/equip","title":{"rendered":"EQUIPO"},"content":{"rendered":"<p style=\"text-align: center;\"><strong><img loading=\"lazy\" decoding=\"async\" class=\"wp-image-2401 aligncenter\" src=\"https:\/\/cvalmogaversparc.com\/wp-content\/uploads\/2024\/09\/Isabel.jpg\" alt=\"\" width=\"295\" height=\"284\" srcset=\"https:\/\/cvalmogaversparc.com\/wp-content\/uploads\/2024\/09\/Isabel.jpg 601w, https:\/\/cvalmogaversparc.com\/wp-content\/uploads\/2024\/09\/Isabel-300x289.jpg 300w\" sizes=\"auto, (max-width: 295px) 100vw, 295px\" \/><\/strong> &nbsp;<strong>ISABEL SESERAS <\/strong><\/p>\n<p style=\"text-align: center;\"><strong>-Veterinaria Directora-<\/strong><\/p>\n<p style=\"text-align: justify;\">Licenciada en la Facultad de Veterinaria de la Universitat Aut\u00f2noma de Barcelona (UAB), desde el a\u00f1o 2001 que est\u00e1 trabajando en cl\u00ednicas y hospitales de Barcelona provincia, primero como asistente, y luego como veterinaria titulada.&nbsp;<\/p>\n<p style=\"text-align: justify;\">En formaci\u00f3n constante para ofreceros los mejores tratamientos para ayudar a vuestros animales.&nbsp;<\/p>\n<p style=\"text-align: justify;\"><span style=\"font-family: inherit; font-size: 1rem;\">Gran defensora del manejo sin miedo, para que el veterinario sea un lugar seguro para el animal y su propietario.<\/span><\/p>\n<p><span style=\"font-family: inherit; font-size: 1rem;\">Actualmente miembro del Grupo de Especialidad en Medicina Felina (GEMFE), de la Asociaci\u00f3n de Veterinarios Espa\u00f1oles Especialistas en Peque\u00f1os Animales (AVEPA), y de la International Society of Feline Medicine (ISFM).<\/span> &nbsp;<\/p>\n<div><img loading=\"lazy\" decoding=\"async\" class=\"wp-image-2400 aligncenter\" src=\"https:\/\/cvalmogaversparc.com\/wp-content\/uploads\/2024\/09\/Mee.jpg\" alt=\"\" width=\"286\" height=\"291\" srcset=\"https:\/\/cvalmogaversparc.com\/wp-content\/uploads\/2024\/09\/Mee.jpg 666w, https:\/\/cvalmogaversparc.com\/wp-content\/uploads\/2024\/09\/Mee-295x300.jpg 295w\" sizes=\"auto, (max-width: 286px) 100vw, 286px\" \/><\/div>\n<p style=\"text-align: center;\"><strong>MEENAKSHEE SANCHO <\/strong><\/p>\n<p style=\"text-align: center;\"><strong>-Auxiliar T\u00e9cnico Veterinario-<\/strong><\/p>\n<p style=\"text-align: justify;\">Quien ha venido alguna vez a la cl\u00ednica ya conoce la gran sonrisa y amabilidad que la caracterizan.<\/p>\n<p style=\"text-align: justify;\">Mee es titulada como Auxiliar T\u00e9cnico Veterinario (ATV) en la Escola d\u2019Oficis de Catalunya.<\/p>\n<p style=\"text-align: justify;\">Se incorpora a la Cl\u00ednica Veterin\u00e0ria Almog\u00e0vers Parc para atender vuestras necesidades y colaborar en el bienestar de vuestros animales con la mejor atenci\u00f3n.<\/p>\n<p style=\"text-align: justify;\"><strong>SERVICIOS EXTERNOS COLABORADORES:<\/strong> <a href=\"http:\/\/delvetultrasound.com\/\"><img loading=\"lazy\" decoding=\"async\" class=\"wp-image-975 aligncenter\" src=\"http:\/\/cvalmogaversparc.com\/wp-content\/uploads\/2020\/03\/delvet-ultrasound_cercle.jpg\" alt=\"\" width=\"235\" height=\"235\" srcset=\"https:\/\/cvalmogaversparc.com\/wp-content\/uploads\/2020\/03\/delvet-ultrasound_cercle.jpg 284w, https:\/\/cvalmogaversparc.com\/wp-content\/uploads\/2020\/03\/delvet-ultrasound_cercle-150x150.jpg 150w\" sizes=\"auto, (max-width: 235px) 100vw, 235px\" \/><\/a><a href=\"https:\/\/delvetultrasound.com\/\"><strong>DELVET ULTRASOUND &#8211;<\/strong><\/a>&nbsp;Servicio de <strong>ecograf\u00eda veterinaria<\/strong> m\u00f3vil con m\u00e1s de 10 a\u00f1os de experiencia, que nos ofrecen un servicio de imagen de calidad, con los mejores profesionales y el mejor equipamiento. &nbsp; &nbsp; &nbsp; &nbsp; &nbsp; &nbsp; &nbsp; <a href=\"https:\/\/endolap.cat\/\"><img loading=\"lazy\" decoding=\"async\" class=\"wp-image-976 aligncenter\" src=\"http:\/\/cvalmogaversparc.com\/wp-content\/uploads\/2020\/03\/endolap-veterinaria_cercle.jpg\" alt=\"\" width=\"236\" height=\"236\" srcset=\"https:\/\/cvalmogaversparc.com\/wp-content\/uploads\/2020\/03\/endolap-veterinaria_cercle.jpg 294w, https:\/\/cvalmogaversparc.com\/wp-content\/uploads\/2020\/03\/endolap-veterinaria_cercle-150x150.jpg 150w\" sizes=\"auto, (max-width: 236px) 100vw, 236px\" \/><\/a><a href=\"https:\/\/endolap.cat\/\"><strong>ENDOLAP VETERINARIA &#8211;<\/strong> <\/a>Servicio de<strong> endoscopia, cirug\u00eda de m\u00ednima invasi\u00f3n y cirug\u00eda general especializada<\/strong>, que nos permite ofrecer las t\u00e9cnicas quir\u00fargicas m\u00e1s avanzadas a nuestros clientes, gracias a un equipo plenamente experimentado. &nbsp; &nbsp; &nbsp; &nbsp; &nbsp; &nbsp; &nbsp; &nbsp; &nbsp; &nbsp; &nbsp; &nbsp; &nbsp; &nbsp; &nbsp; &nbsp; &nbsp; &nbsp; &nbsp; &nbsp; &nbsp; &nbsp;<a href=\"http:\/\/www.dermovet.com\/\"><img loading=\"lazy\" decoding=\"async\" class=\"wp-image-2023 aligncenter\" src=\"https:\/\/cvalmogaversparc.com\/wp-content\/uploads\/2021\/10\/CARLOS-VICH.png\" alt=\"\" width=\"245\" height=\"231\" srcset=\"https:\/\/cvalmogaversparc.com\/wp-content\/uploads\/2021\/10\/CARLOS-VICH.png 309w, https:\/\/cvalmogaversparc.com\/wp-content\/uploads\/2021\/10\/CARLOS-VICH-300x283.png 300w\" sizes=\"auto, (max-width: 245px) 100vw, 245px\" \/><\/a><a href=\"https:\/\/www.dermovet.com\/acerca-de\/\"><strong>CARLOS VICH CORD\u00d3N &#8211; Dermovet<\/strong><\/a> <strong>Servicio exclusivo dermatolog\u00eda veterinaria<\/strong> con m\u00e1s de 20 a\u00f1os de experiencia. &nbsp; &nbsp; &nbsp; &nbsp; &nbsp; &nbsp;<img loading=\"lazy\" decoding=\"async\" class=\"wp-image-2138 aligncenter\" src=\"https:\/\/cvalmogaversparc.com\/wp-content\/uploads\/2022\/06\/oftalmovilvet.png\" alt=\"\" width=\"229\" height=\"230\" srcset=\"https:\/\/cvalmogaversparc.com\/wp-content\/uploads\/2022\/06\/oftalmovilvet.png 301w, https:\/\/cvalmogaversparc.com\/wp-content\/uploads\/2022\/06\/oftalmovilvet-300x300.png 300w, https:\/\/cvalmogaversparc.com\/wp-content\/uploads\/2022\/06\/oftalmovilvet-150x150.png 150w\" sizes=\"auto, (max-width: 229px) 100vw, 229px\" \/> <a href=\"https:\/\/oftalmovilvet.com\/\"><strong>JAVIER LAGIOIOSA &#8211; Oftalmovilvet<\/strong><\/a> <strong>Servicio exclusivo de oftalmolog\u00eda y cirug\u00eda oft\u00e1lmica veterinaria.<\/strong> &nbsp; &nbsp; &nbsp; &nbsp; &nbsp; <strong><img loading=\"lazy\" decoding=\"async\" class=\"wp-image-2275 aligncenter\" src=\"https:\/\/cvalmogaversparc.com\/wp-content\/uploads\/2023\/10\/VICTORTRILLABN.gif\" alt=\"\" width=\"252\" height=\"247\"\/><\/strong> <strong>V\u00cdCTOR TRILLA &#8211; Instrumevet <\/strong> <strong>Servicio exclusivo de traumatolog\u00eda y cirug\u00eda&nbsp; ortop\u00e9dica veterinaria<\/strong> con m\u00e1s de 20 a\u00f1os de experiencia.&nbsp; &nbsp; &nbsp; &nbsp; &nbsp; &nbsp; &nbsp; &nbsp; &nbsp;&nbsp; &nbsp; &nbsp; &nbsp; &nbsp; &nbsp; &nbsp; &nbsp;<\/p>\n<p style=\"font-family: Georgia, serif; font-size: 16px;\"><img loading=\"lazy\" decoding=\"async\" class=\"wp-image-2027 aligncenter\" src=\"https:\/\/cvalmogaversparc.com\/wp-content\/uploads\/2021\/10\/Logo-EOC-1-1024x460.png\" alt=\"\" width=\"290\" height=\"131\" srcset=\"https:\/\/cvalmogaversparc.com\/wp-content\/uploads\/2021\/10\/Logo-EOC-1-1024x460.png 1024w, https:\/\/cvalmogaversparc.com\/wp-content\/uploads\/2021\/10\/Logo-EOC-1-300x135.png 300w, https:\/\/cvalmogaversparc.com\/wp-content\/uploads\/2021\/10\/Logo-EOC-1-768x345.png 768w, https:\/\/cvalmogaversparc.com\/wp-content\/uploads\/2021\/10\/Logo-EOC-1-1536x690.png 1536w, https:\/\/cvalmogaversparc.com\/wp-content\/uploads\/2021\/10\/Logo-EOC-1-2048x920.png 2048w, https:\/\/cvalmogaversparc.com\/wp-content\/uploads\/2021\/10\/Logo-EOC-1-1600x719.png 1600w\" sizes=\"auto, (max-width: 290px) 100vw, 290px\" \/><\/p>\n<p><a href=\"https:\/\/eoc.cat\/auxiliar-de-veterinaria\/\"><strong>ESCOLA D&#8217;OFICIS DE CATALUNYA &#8211;&nbsp;<\/strong><\/a> Tambi\u00e9n somos centro colaborador en la formaci\u00f3n de Auxiliares T\u00e9cnicos Veterinarios de la Escola d&#8217;Oficis de Catalunya, permitiendo que los alumnos que han finalizado sus estudios hagan pr\u00e1cticas en nuestro centro, aprendiendo el&nbsp; <span style=\"font-family: inherit; font-size: 1rem;\">d\u00eda a d\u00eda de una cl\u00ednica veterinaria para facilitar su posterior incorporaci\u00f3n al mundo laboral.&nbsp;<\/span> &nbsp; <a href=\"https:\/\/www.royalcanin.com\/es\" target=\"_blank\" rel=\"noopener noreferrer\"><img loading=\"lazy\" decoding=\"async\" class=\"aligncenter\" src=\"https:\/\/tradetermsrc.com\/es\/banners\/RC\/Kit-Digital_728x90.jpg\" alt=\"Royal Canin\" width=\"728\" height=\"90\"\/><\/a><\/p>\n","protected":false},"excerpt":{"rendered":"<p style=\"text-align: center;\"><strong><img loading=\"lazy\" decoding=\"async\" class=\"wp-image-2401 aligncenter\" src=\"https:\/\/cvalmogaversparc.com\/wp-content\/uploads\/2024\/09\/Isabel.jpg\" alt=\"\" width=\"295\" height=\"284\" srcset=\"https:\/\/cvalmogaversparc.com\/wp-content\/uploads\/2024\/09\/Isabel.jpg 601w, https:\/\/cvalmogaversparc.com\/wp-content\/uploads\/2024\/09\/Isabel-300x289.jpg 300w\" sizes=\"auto, (max-width: 295px) 100vw, 295px\" \/><\/strong> &nbsp;<strong>ISABEL SESERAS <\/strong><\/p>\n<p style=\"text-... \n\n","protected":false},"author":1,"featured_media":0,"parent":1048,"menu_order":0,"comment_status":"closed","ping_status":"closed","template":"","meta":{"pgc_meta":"","ngg_post_thumbnail":0,"_joinchat":[],"footnotes":""},"class_list":["post-356","page","type-page","status-publish","hentry"],"pgc_meta":"","yoast_head":"<!-- This site is optimized with the Yoast SEO plugin v21.4 - https:\/\/yoast.com\/wordpress\/plugins\/seo\/ -->\n<title>EQUIPO<\/title>\n<meta name=\"description\" content=\"&nbsp;ISABEL SESERAS\" \/>\n<meta name=\"robots\" content=\"index, follow, max-snippet:-1, max-image-preview:large, max-video-preview:-1\" \/>\n<link rel=\"canonical\" href=\"https:\/\/cvalmogaversparc.com\/la-clinica\/equip\" \/>\n<meta property=\"og:locale\" content=\"ca_ES\" \/>\n<meta property=\"og:type\" content=\"article\" \/>\n<meta property=\"og:title\" content=\"EQUIPO\" \/>\n<meta property=\"og:description\" content=\"&nbsp;ISABEL SESERAS\" \/>\n<meta property=\"og:url\" content=\"https:\/\/cvalmogaversparc.com\/la-clinica\/equip\" \/>\n<meta property=\"og:site_name\" content=\"Cl\u00ednica Veterin\u00e0ria Almog\u00e0vers Parc\" \/>\n<meta property=\"article:publisher\" content=\"https:\/\/www.facebook.com\/cvetalmogaversparc\/\" \/>\n<meta property=\"article:modified_time\" content=\"2024-09-24T09:09:00+00:00\" \/>\n<meta property=\"og:image\" content=\"https:\/\/cvalmogaversparc.com\/wp-content\/uploads\/2024\/09\/Isabel.jpg\" \/>\n<meta name=\"twitter:card\" content=\"summary_large_image\" \/>\n<meta name=\"twitter:label1\" content=\"Temps estimat de lectura\" \/>\n\t<meta name=\"twitter:data1\" content=\"4 minuts\" \/>\n<script type=\"application\/ld+json\" class=\"yoast-schema-graph\">{\"@context\":\"https:\/\/schema.org\",\"@graph\":[{\"@type\":\"WebPage\",\"@id\":\"https:\/\/cvalmogaversparc.com\/la-clinica\/equip\",\"url\":\"https:\/\/cvalmogaversparc.com\/la-clinica\/equip\",\"name\":\"EL NOSTRE EQUIP - Cl\u00ednica Veterin\u00e0ria Almog\u00e0vers Parc\",\"isPartOf\":{\"@id\":\"https:\/\/cvalmogaversparc.com\/es_ES\/#website\"},\"datePublished\":\"2019-02-25T20:35:43+00:00\",\"dateModified\":\"2024-09-24T09:09:00+00:00\",\"description\":\"Qui t'atendr\u00e0\",\"breadcrumb\":{\"@id\":\"https:\/\/cvalmogaversparc.com\/la-clinica\/equip#breadcrumb\"},\"inLanguage\":\"ca\",\"potentialAction\":[{\"@type\":\"ReadAction\",\"target\":[\"https:\/\/cvalmogaversparc.com\/la-clinica\/equip\"]}]},{\"@type\":\"BreadcrumbList\",\"@id\":\"https:\/\/cvalmogaversparc.com\/la-clinica\/equip#breadcrumb\",\"itemListElement\":[{\"@type\":\"ListItem\",\"position\":1,\"name\":\"Portada\",\"item\":\"https:\/\/cvalmogaversparc.com\/\"},{\"@type\":\"ListItem\",\"position\":2,\"name\":\"LA CL\u00cdNICA\",\"item\":\"https:\/\/cvalmogaversparc.com\/es_ES\/la-clinica\"},{\"@type\":\"ListItem\",\"position\":3,\"name\":\"TEAM\"}]},{\"@type\":\"WebSite\",\"@id\":\"https:\/\/cvalmogaversparc.com\/es_ES\/#website\",\"url\":\"https:\/\/cvalmogaversparc.com\/es_ES\/\",\"name\":\"Cl\u00ednica Veterin\u00e0ria Almog\u00e0vers Parc\",\"description\":\"Un m\u00e9s de la fam\u00edlia\",\"publisher\":{\"@id\":\"https:\/\/cvalmogaversparc.com\/es_ES\/#organization\"},\"potentialAction\":[{\"@type\":\"SearchAction\",\"target\":{\"@type\":\"EntryPoint\",\"urlTemplate\":\"https:\/\/cvalmogaversparc.com\/es_ES\/?s={search_term_string}\"},\"query-input\":\"required name=search_term_string\"}],\"inLanguage\":\"ca\"},{\"@type\":\"Organization\",\"@id\":\"https:\/\/cvalmogaversparc.com\/es_ES\/#organization\",\"name\":\"Cl\u00ednica Veterin\u00e0ria Almog\u00e0vers Parc\",\"url\":\"https:\/\/cvalmogaversparc.com\/es_ES\/\",\"logo\":{\"@type\":\"ImageObject\",\"inLanguage\":\"ca\",\"@id\":\"https:\/\/cvalmogaversparc.com\/es_ES\/#\/schema\/logo\/image\/\",\"url\":\"https:\/\/cvalmogaversparc.com\/wp-content\/uploads\/2019\/02\/img064.jpg\",\"contentUrl\":\"https:\/\/cvalmogaversparc.com\/wp-content\/uploads\/2019\/02\/img064.jpg\",\"width\":3509,\"height\":2481,\"caption\":\"Cl\u00ednica Veterin\u00e0ria Almog\u00e0vers Parc\"},\"image\":{\"@id\":\"https:\/\/cvalmogaversparc.com\/es_ES\/#\/schema\/logo\/image\/\"},\"sameAs\":[\"https:\/\/www.facebook.com\/cvetalmogaversparc\/\",\"https:\/\/www.instagram.com\/cvetalmogaversparc\/\"]}]}<\/script>\n<!-- \/ Yoast SEO plugin. -->","yoast_head_json":{"title":"EQUIPO","description":"&nbsp;ISABEL SESERAS","robots":{"index":"index","follow":"follow","max-snippet":"max-snippet:-1","max-image-preview":"max-image-preview:large","max-video-preview":"max-video-preview:-1"},"canonical":"https:\/\/cvalmogaversparc.com\/la-clinica\/equip","og_locale":"ca_ES","og_type":"article","og_title":"EQUIPO","og_description":"&nbsp;ISABEL SESERAS","og_url":"https:\/\/cvalmogaversparc.com\/la-clinica\/equip","og_site_name":"Cl\u00ednica Veterin\u00e0ria Almog\u00e0vers Parc","article_publisher":"https:\/\/www.facebook.com\/cvetalmogaversparc\/","article_modified_time":"2024-09-24T09:09:00+00:00","og_image":[{"url":"https:\/\/cvalmogaversparc.com\/wp-content\/uploads\/2024\/09\/Isabel.jpg"}],"twitter_card":"summary_large_image","twitter_misc":{"Temps estimat de lectura":"4 minuts"},"schema":{"@context":"https:\/\/schema.org","@graph":[{"@type":"WebPage","@id":"https:\/\/cvalmogaversparc.com\/la-clinica\/equip","url":"https:\/\/cvalmogaversparc.com\/la-clinica\/equip","name":"EL NOSTRE EQUIP - Cl\u00ednica Veterin\u00e0ria Almog\u00e0vers Parc","isPartOf":{"@id":"https:\/\/cvalmogaversparc.com\/es_ES\/#website"},"datePublished":"2019-02-25T20:35:43+00:00","dateModified":"2024-09-24T09:09:00+00:00","description":"Qui t'atendr\u00e0","breadcrumb":{"@id":"https:\/\/cvalmogaversparc.com\/la-clinica\/equip#breadcrumb"},"inLanguage":"ca","potentialAction":[{"@type":"ReadAction","target":["https:\/\/cvalmogaversparc.com\/la-clinica\/equip"]}]},{"@type":"BreadcrumbList","@id":"https:\/\/cvalmogaversparc.com\/la-clinica\/equip#breadcrumb","itemListElement":[{"@type":"ListItem","position":1,"name":"Portada","item":"https:\/\/cvalmogaversparc.com\/"},{"@type":"ListItem","position":2,"name":"LA CL\u00cdNICA","item":"https:\/\/cvalmogaversparc.com\/es_ES\/la-clinica"},{"@type":"ListItem","position":3,"name":"TEAM"}]},{"@type":"WebSite","@id":"https:\/\/cvalmogaversparc.com\/es_ES\/#website","url":"https:\/\/cvalmogaversparc.com\/es_ES\/","name":"Cl\u00ednica Veterin\u00e0ria Almog\u00e0vers Parc","description":"Un m\u00e9s de la fam\u00edlia","publisher":{"@id":"https:\/\/cvalmogaversparc.com\/es_ES\/#organization"},"potentialAction":[{"@type":"SearchAction","target":{"@type":"EntryPoint","urlTemplate":"https:\/\/cvalmogaversparc.com\/es_ES\/?s={search_term_string}"},"query-input":"required name=search_term_string"}],"inLanguage":"ca"},{"@type":"Organization","@id":"https:\/\/cvalmogaversparc.com\/es_ES\/#organization","name":"Cl\u00ednica Veterin\u00e0ria Almog\u00e0vers Parc","url":"https:\/\/cvalmogaversparc.com\/es_ES\/","logo":{"@type":"ImageObject","inLanguage":"ca","@id":"https:\/\/cvalmogaversparc.com\/es_ES\/#\/schema\/logo\/image\/","url":"https:\/\/cvalmogaversparc.com\/wp-content\/uploads\/2019\/02\/img064.jpg","contentUrl":"https:\/\/cvalmogaversparc.com\/wp-content\/uploads\/2019\/02\/img064.jpg","width":3509,"height":2481,"caption":"Cl\u00ednica Veterin\u00e0ria Almog\u00e0vers Parc"},"image":{"@id":"https:\/\/cvalmogaversparc.com\/es_ES\/#\/schema\/logo\/image\/"},"sameAs":["https:\/\/www.facebook.com\/cvetalmogaversparc\/","https:\/\/www.instagram.com\/cvetalmogaversparc\/"]}]}},"_links":{"self":[{"href":"https:\/\/cvalmogaversparc.com\/es_ES\/wp-json\/wp\/v2\/pages\/356","targetHints":{"allow":["GET"]}}],"collection":[{"href":"https:\/\/cvalmogaversparc.com\/es_ES\/wp-json\/wp\/v2\/pages"}],"about":[{"href":"https:\/\/cvalmogaversparc.com\/es_ES\/wp-json\/wp\/v2\/types\/page"}],"author":[{"embeddable":true,"href":"https:\/\/cvalmogaversparc.com\/es_ES\/wp-json\/wp\/v2\/users\/1"}],"replies":[{"embeddable":true,"href":"https:\/\/cvalmogaversparc.com\/es_ES\/wp-json\/wp\/v2\/comments?post=356"}],"version-history":[{"count":362,"href":"https:\/\/cvalmogaversparc.com\/es_ES\/wp-json\/wp\/v2\/pages\/356\/revisions"}],"predecessor-version":[{"id":2431,"href":"https:\/\/cvalmogaversparc.com\/es_ES\/wp-json\/wp\/v2\/pages\/356\/revisions\/2431"}],"up":[{"embeddable":true,"href":"https:\/\/cvalmogaversparc.com\/es_ES\/wp-json\/wp\/v2\/pages\/1048"}],"wp:attachment":[{"href":"https:\/\/cvalmogaversparc.com\/es_ES\/wp-json\/wp\/v2\/media?parent=356"}],"curies":[{"name":"wp","href":"https:\/\/api.w.org\/{rel}","templated":true}]}}