{"id":49,"date":"2018-12-18T20:51:51","date_gmt":"2018-12-18T20:51:51","guid":{"rendered":"http:\/\/cvalmogaversparc.com\/?page_id=49"},"modified":"2020-01-17T20:55:49","modified_gmt":"2020-01-17T20:55:49","slug":"blog","status":"publish","type":"page","link":"https:\/\/cvalmogaversparc.com\/en_GB\/blog","title":{"rendered":"BLOG"},"content":{"rendered":"            <div id=\"post-grid-lazy-657\" class=\"post-grid-lazy\"><img decoding=\"async\" alt=\"\" src=\"\" \/><\/div>\r\n        <script>\r\n            jQuery('#post-grid-lazy-657').ready(function($) {\r\n                $('#post-grid-lazy-657').fadeOut();\r\n                $('#post-grid-657   ').fadeIn();\r\n            })\r\n        <\/script>\r\n        <style type=\"text\/css\">\r\n            #post-grid-657 {display: none;}\r\n            .post-grid-lazy {\r\n                text-align: center;\r\n            }\r\n        <\/style>\r\n        <div data-options='{&quot;id&quot;:&quot;657&quot;,&quot;lazy_load&quot;:&quot;yes&quot;,&quot;masonry_enable&quot;:&quot;no&quot;,&quot;view_type&quot;:&quot;grid&quot;}' id=\"post-grid-657\" class=\"post-grid grid\">\r\n                <div class=\"grid-items\">\r\n            <div class=\"item item-2435 skin flat even 0 \">\r\n                <div class=\"layer-wrapper layout-\">\r\n                <div class=\"layer-media\"><a href=\"https:\/\/cvalmogaversparc.com\/en_GB\/esterilitzacions\"><img decoding=\"async\" src=\"https:\/\/cvalmogaversparc.com\/wp-content\/uploads\/2024\/09\/WhatsApp-Image-2024-09-24-at-11.24.21-1.jpeg\" \/><\/a><\/div>\r\n    <div class=\"layer-content\">\r\n            <div class=\"element element_0  title_link \">\r\n                    <a target=\"\" href=\"https:\/\/cvalmogaversparc.com\/en_GB\/esterilitzacions\">ESTERILITZACIONS<\/a>\r\n            <\/div>\r\n    <div class=\"element element_1  excerpt \">\r\n        -Qu\u00e8 \u00e9s esterilitzar un animal? \u00c9s extreure-li quir\u00fargicament els testicles en el cas dels mascles (castraci\u00f3), i l'\u00fater i els            <\/div>\r\n            <a class=\"element element_2  read_more \" target=\"\" href=\"https:\/\/cvalmogaversparc.com\/en_GB\/esterilitzacions\"><\/a>\r\n    \r\n    <\/div>\r\n        <\/div>\r\n    <\/div><div class=\"item item-2085 skin flat odd 1 \">\r\n                <div class=\"layer-wrapper layout-\">\r\n                <div class=\"layer-media\"><a href=\"https:\/\/cvalmogaversparc.com\/en_GB\/somos-cat-friendly\"><img decoding=\"async\" src=\"https:\/\/cvalmogaversparc.com\/wp-content\/uploads\/2022\/02\/catfriendly-2024-1024x642.jpg\" \/><\/a><\/div>\r\n    <div class=\"layer-content\">\r\n            <div class=\"element element_0  title_link \">\r\n                    <a target=\"\" href=\"https:\/\/cvalmogaversparc.com\/en_GB\/somos-cat-friendly\">SOM CAT FRIENDLY!<\/a>\r\n            <\/div>\r\n    <div class=\"element element_1  excerpt \">\r\n        ...            <\/div>\r\n            <a class=\"element element_2  read_more \" target=\"\" href=\"https:\/\/cvalmogaversparc.com\/en_GB\/somos-cat-friendly\"><\/a>\r\n    \r\n    <\/div>\r\n        <\/div>\r\n    <\/div><div class=\"item item-1915 skin flat even 2 \">\r\n                <div class=\"layer-wrapper layout-\">\r\n                <div class=\"layer-media\"><a href=\"https:\/\/cvalmogaversparc.com\/en_GB\/enfermedades-de-nuestras-mascotas\"><img decoding=\"async\" src=\"https:\/\/cvalmogaversparc.com\/wp-content\/uploads\/2021\/08\/Vet-13-1024x731.jpg\" \/><\/a><\/div>\r\n    <div class=\"layer-content\">\r\n            <div class=\"element element_0  title_link \">\r\n                    <a target=\"\" href=\"https:\/\/cvalmogaversparc.com\/en_GB\/enfermedades-de-nuestras-mascotas\">ENFERMEDADES DE NUESTRAS MASCOTAS<\/a>\r\n            <\/div>\r\n    <div class=\"element element_1  excerpt \">\r\n        Haz una revisi\u00f3n peri\u00f3dicamente a tu mascota para evitar enfermedades Cuando se adopta una mascota se convierte en uno m\u00e1s            <\/div>\r\n            <a class=\"element element_2  read_more \" target=\"\" href=\"https:\/\/cvalmogaversparc.com\/en_GB\/enfermedades-de-nuestras-mascotas\"><\/a>\r\n    \r\n    <\/div>\r\n        <\/div>\r\n    <\/div><div class=\"item item-1634 skin flat odd 3 \">\r\n                <div class=\"layer-wrapper layout-\">\r\n                <div class=\"layer-media\"><a href=\"https:\/\/cvalmogaversparc.com\/en_GB\/por-als-petards\"><img decoding=\"async\" src=\"https:\/\/cvalmogaversparc.com\/wp-content\/uploads\/2021\/06\/Cl\u00ednica-Veterin\u00e0ria-almog\u00e0vers-parc-28-1024x1024.png\" \/><\/a><\/div>\r\n    <div class=\"layer-content\">\r\n            <div class=\"element element_0  title_link \">\r\n                    <a target=\"\" href=\"https:\/\/cvalmogaversparc.com\/en_GB\/por-als-petards\">POR ALS PETARDS<\/a>\r\n            <\/div>\r\n    <div class=\"element element_1  excerpt \">\r\n        Tu perro o gato tiene miedo a los petardos? Y a los ruidos fuertes o a las tormentas?            <\/div>\r\n            <a class=\"element element_2  read_more \" target=\"\" href=\"https:\/\/cvalmogaversparc.com\/en_GB\/por-als-petards\"><\/a>\r\n    \r\n    <\/div>\r\n        <\/div>\r\n    <\/div><div class=\"item item-1594 skin flat even 4 \">\r\n                <div class=\"layer-wrapper layout-\">\r\n                <div class=\"layer-media\"><a href=\"https:\/\/cvalmogaversparc.com\/en_GB\/vacunas\"><img decoding=\"async\" src=\"https:\/\/cvalmogaversparc.com\/wp-content\/uploads\/2021\/06\/WhatsApp-Image-2021-06-02-at-17.36.19-1024x951.jpeg\" \/><\/a><\/div>\r\n    <div class=\"layer-content\">\r\n            <div class=\"element element_0  title_link \">\r\n                    <a target=\"\" href=\"https:\/\/cvalmogaversparc.com\/en_GB\/vacunas\">VACCINE<\/a>\r\n            <\/div>\r\n    <div class=\"element element_1  excerpt \">\r\n        ...            <\/div>\r\n            <a class=\"element element_2  read_more \" target=\"\" href=\"https:\/\/cvalmogaversparc.com\/en_GB\/vacunas\"><\/a>\r\n    \r\n    <\/div>\r\n        <\/div>\r\n    <\/div><div class=\"item item-1490 skin flat odd 5 \">\r\n                <div class=\"layer-wrapper layout-\">\r\n                <div class=\"layer-media\"><a href=\"https:\/\/cvalmogaversparc.com\/en_GB\/la-terrible-leishmaniosi\"><img decoding=\"async\" src=\"http:\/\/cvalmogaversparc.com\/wp-content\/uploads\/2020\/02\/CICLE-LEISH.jpg\" \/><\/a><\/div>\r\n    <div class=\"layer-content\">\r\n            <div class=\"element element_0  title_link \">\r\n                    <a target=\"\" href=\"https:\/\/cvalmogaversparc.com\/en_GB\/la-terrible-leishmaniosi\">LA TERRIBLE LEISHMANIOSIS<\/a>\r\n            <\/div>\r\n    <div class=\"element element_1  excerpt \">\r\n        QU\u00c8 \u00c9S LA LEISHMANIOSI? La leishmaniosi \u00e9s una malaltia que afecta molts animals a la nostra zona i que \u00e9s            <\/div>\r\n            <a class=\"element element_2  read_more \" target=\"\" href=\"https:\/\/cvalmogaversparc.com\/en_GB\/la-terrible-leishmaniosi\"><\/a>\r\n    \r\n    <\/div>\r\n        <\/div>\r\n    <\/div><div class=\"item item-1442 skin flat even 6 \">\r\n                <div class=\"layer-wrapper layout-\">\r\n                <div class=\"layer-media\"><a href=\"https:\/\/cvalmogaversparc.com\/en_GB\/plantes-toxiques\"><img decoding=\"async\" src=\"http:\/\/cvalmogaversparc.com\/wp-content\/uploads\/2020\/12\/venta-poinsettia-barcelona-300x225.jpg\" \/><\/a><\/div>\r\n    <div class=\"layer-content\">\r\n            <div class=\"element element_0  title_link \">\r\n                    <a target=\"\" href=\"https:\/\/cvalmogaversparc.com\/en_GB\/plantes-toxiques\">PLANTES T\u00d2XIQUES<\/a>\r\n            <\/div>\r\n    <div class=\"element element_1  excerpt \">\r\n        Ja s'acosta el Nadal! I decorem la casa amb l'arbre, el pessebre, les llums, i... algunes plantes decoratives. Per\u00f2... sabeu            <\/div>\r\n            <a class=\"element element_2  read_more \" target=\"\" href=\"https:\/\/cvalmogaversparc.com\/en_GB\/plantes-toxiques\"><\/a>\r\n    \r\n    <\/div>\r\n        <\/div>\r\n    <\/div><div class=\"item item-1393 skin flat odd 7 \">\r\n                <div class=\"layer-wrapper layout-\">\r\n                <div class=\"layer-media\"><a href=\"https:\/\/cvalmogaversparc.com\/en_GB\/consejos-para-llevar-al-gato-al-veterinario\"><img decoding=\"async\" src=\"http:\/\/cvalmogaversparc.com\/wp-content\/uploads\/2020\/09\/WhatsApp-Image-2020-09-16-at-12.29.00-224x300.jpeg\" \/><\/a><\/div>\r\n    <div class=\"layer-content\">\r\n            <div class=\"element element_0  title_link \">\r\n                    <a target=\"\" href=\"https:\/\/cvalmogaversparc.com\/en_GB\/consejos-para-llevar-al-gato-al-veterinario\">CONSEJOS PARA LLEVAR AL GATO AL VETERINARIO<\/a>\r\n            <\/div>\r\n    <div class=\"element element_1  excerpt \">\r\n        Todos sabemos que los gatos son animales territoriales, y el hecho de salir de casa, su zona de confort (y            <\/div>\r\n            <a class=\"element element_2  read_more \" target=\"\" href=\"https:\/\/cvalmogaversparc.com\/en_GB\/consejos-para-llevar-al-gato-al-veterinario\"><\/a>\r\n    \r\n    <\/div>\r\n        <\/div>\r\n    <\/div><div class=\"item item-1293 skin flat even 8 \">\r\n                <div class=\"layer-wrapper layout-\">\r\n                <div class=\"layer-media\"><a href=\"https:\/\/cvalmogaversparc.com\/en_GB\/covid-19\"><img decoding=\"async\" src=\"http:\/\/cvalmogaversparc.com\/wp-content\/uploads\/2020\/08\/WhatsApp-Image-2020-08-27-at-16.53.46-e1598543703995-1024x1007.jpeg\" \/><\/a><\/div>\r\n    <div class=\"layer-content\">\r\n            <div class=\"element element_0  title_link \">\r\n                    <a target=\"\" href=\"https:\/\/cvalmogaversparc.com\/en_GB\/covid-19\">COVID-19<\/a>\r\n            <\/div>\r\n    <div class=\"element element_1  excerpt \">\r\n        ...            <\/div>\r\n            <a class=\"element element_2  read_more \" target=\"\" href=\"https:\/\/cvalmogaversparc.com\/en_GB\/covid-19\"><\/a>\r\n    \r\n    <\/div>\r\n        <\/div>\r\n    <\/div><div class=\"item item-1110 skin flat odd 9 \">\r\n                <div class=\"layer-wrapper layout-\">\r\n                <div class=\"layer-media\"><a href=\"https:\/\/cvalmogaversparc.com\/en_GB\/consells-per-a-prevenir-els-vomits-de-boles-de-pel-en-els-nostres-gats\"><img decoding=\"async\" src=\"http:\/\/cvalmogaversparc.com\/wp-content\/uploads\/2020\/04\/WhatsApp-Image-2020-04-09-at-13.29.08-e1586431808599-1024x777.jpeg\" \/><\/a><\/div>\r\n    <div class=\"layer-content\">\r\n            <div class=\"element element_0  title_link \">\r\n                    <a target=\"\" href=\"https:\/\/cvalmogaversparc.com\/en_GB\/consells-per-a-prevenir-els-vomits-de-boles-de-pel-en-els-nostres-gats\">COM PREVENIR LES BOLES DE P\u00c8L?<\/a>\r\n            <\/div>\r\n    <div class=\"element element_1  excerpt \">\r\n        Els gats s\u00f3n uns animals molt nets, un gat en poques ocasions fan olor i \u00e9s necessari banyar-los. Aix\u00f2 \u00e9s            <\/div>\r\n            <a class=\"element element_2  read_more \" target=\"\" href=\"https:\/\/cvalmogaversparc.com\/en_GB\/consells-per-a-prevenir-els-vomits-de-boles-de-pel-en-els-nostres-gats\"><\/a>\r\n    \r\n    <\/div>\r\n        <\/div>\r\n    <\/div>        <\/div>\r\n        <div class=\"pagination\">\r\n            <div class=\"paginate\">\r\n        <span aria-current=\"page\" class=\"page-numbers current\">1<\/span>\n<a class=\"page-numbers\" href=\"https:\/\/cvalmogaversparc.com\/en_GB\/wp-json\/wp\/v2\/pages\/49\/page\/2\">2<\/a>\n<a class=\"next page-numbers\" href=\"https:\/\/cvalmogaversparc.com\/en_GB\/wp-json\/wp\/v2\/pages\/49\/page\/2\">Next \u00bb<\/a>    <\/div>\r\n    <style type=\"text\/css\">\r\n        #post-grid-657 .pagination .page-numbers {\r\n            font-size: 16px;\r\n            color: #fff;\r\n            background: #646464;\r\n        }\r\n        #post-grid-657 .pagination .page-numbers:hover,\r\n        #post-grid-657 .pagination .page-numbers.current {\r\n            background: #4b4b4b;\r\n        }\r\n    <\/style>\r\n    <\/div>\r\n    \r\n\r\n        <script>\r\n        <\/script>\r\n        <style type=\"text\/css\">\r\n        #post-grid-657 .element_0 {\r\n            display: block;font-size: 21px;line-height: normal;padding: 5px 10px;text-align: left; text-decoration: none;        }\r\n        #post-grid-657 .element_1 {\r\n            display: block;font-size: 14px;padding: 5px 10px;text-align: left;        }\r\n        #post-grid-657 .element_2 {\r\n            display: block;font-size: 12px;font-weight: bold;padding: 0 10px;text-align: left;text-decoration: none;        }\r\n        #post-grid-657 .element_0:hover{}#post-grid-657 .element_1:hover{}#post-grid-657 .element_2:hover{}    <\/style>\r\n    <style type=\"text\/css\">\r\n        #post-grid-657 {\r\n            padding: 10px;\r\n                    }\r\n        #post-grid-657 .item {\r\n            padding: 0px;\r\n            background: #fff;\r\n                    }\r\n        #post-grid-657 .item .layer-media {\r\n            height:auto;        }\r\n        @media only screen and (min-width: 0px) and (max-width: 767px) {\r\n            #post-grid-657 .grid-items {\r\n                text-align: center;\r\n                            }\r\n            #post-grid-657 .item {\r\n                width: 90%;\r\n                margin: 10px;\r\n                display: inline-block;\r\n                vertical-align: top;\r\n                height:auto;            }\r\n        }\r\n        @media only screen and (min-width: 768px) and (max-width: 1023px) {\r\n            #post-grid-657 .grid-items {\r\n                 text-align: center;\r\n                            }\r\n            #post-grid-657 .item {\r\n                width: 280px;\r\n                margin: 10px;\r\n                display: inline-block;\r\n                vertical-align: top;\r\n                max-height:auto;            }\r\n        }\r\n        @media only screen and (min-width: 1024px) {\r\n            #post-grid-657 .grid-items {\r\n                text-align: center;\r\n                            }\r\n            #post-grid-657 .item {\r\n                width: 280px;\r\n                display: inline-block;\r\n                margin: 10px;\r\n                vertical-align: top;\r\n                height:auto;            }\r\n        }\r\n            <\/style>\r\n    <\/div>\r\n\n","protected":false},"excerpt":{"rendered":"","protected":false},"author":1,"featured_media":0,"parent":0,"menu_order":0,"comment_status":"closed","ping_status":"closed","template":"","meta":{"pgc_meta":"","ngg_post_thumbnail":0,"_joinchat":[],"footnotes":""},"class_list":["post-49","page","type-page","status-publish","hentry"],"pgc_meta":"","yoast_head":"<!-- This site is optimized with the Yoast SEO plugin v21.4 - https:\/\/yoast.com\/wordpress\/plugins\/seo\/ -->\n<title>BLOG - Cl\u00ednica Veterin\u00e0ria Almog\u00e0vers Parc<\/title>\n<meta name=\"description\" content=\"BLOG Cl\u00ednica Veterin\u00e0ria Almog\u00e0vers Parc\" \/>\n<meta name=\"robots\" content=\"index, follow, max-snippet:-1, max-image-preview:large, max-video-preview:-1\" \/>\n<link rel=\"canonical\" href=\"https:\/\/cvalmogaversparc.com\/es_ES\/blog\" \/>\n<meta property=\"og:locale\" content=\"ca_ES\" \/>\n<meta property=\"og:type\" content=\"article\" \/>\n<meta property=\"og:title\" content=\"BLOG - Cl\u00ednica Veterin\u00e0ria Almog\u00e0vers Parc\" \/>\n<meta property=\"og:description\" content=\"BLOG Cl\u00ednica Veterin\u00e0ria Almog\u00e0vers Parc\" \/>\n<meta property=\"og:url\" content=\"https:\/\/cvalmogaversparc.com\/es_ES\/blog\" \/>\n<meta property=\"og:site_name\" content=\"Cl\u00ednica Veterin\u00e0ria Almog\u00e0vers Parc\" \/>\n<meta property=\"article:publisher\" content=\"https:\/\/www.facebook.com\/cvetalmogaversparc\/\" \/>\n<meta property=\"article:modified_time\" content=\"2020-01-17T20:55:49+00:00\" \/>\n<meta property=\"og:image\" content=\"https:\/\/cvalmogaversparc.com\/wp-content\/uploads\/2019\/02\/img064.jpg\" \/>\n\t<meta property=\"og:image:width\" content=\"3509\" \/>\n\t<meta property=\"og:image:height\" content=\"2481\" \/>\n\t<meta property=\"og:image:type\" content=\"image\/jpeg\" \/>\n<meta name=\"twitter:card\" content=\"summary_large_image\" \/>\n<script type=\"application\/ld+json\" class=\"yoast-schema-graph\">{\"@context\":\"https:\/\/schema.org\",\"@graph\":[{\"@type\":\"WebPage\",\"@id\":\"https:\/\/cvalmogaversparc.com\/es_ES\/blog\",\"url\":\"https:\/\/cvalmogaversparc.com\/es_ES\/blog\",\"name\":\"BLOG - Cl\u00ednica Veterin\u00e0ria Almog\u00e0vers Parc\",\"isPartOf\":{\"@id\":\"https:\/\/cvalmogaversparc.com\/es_ES\/#website\"},\"datePublished\":\"2018-12-18T20:51:51+00:00\",\"dateModified\":\"2020-01-17T20:55:49+00:00\",\"description\":\"BLOG Cl\u00ednica Veterin\u00e0ria Almog\u00e0vers Parc\",\"breadcrumb\":{\"@id\":\"https:\/\/cvalmogaversparc.com\/es_ES\/blog#breadcrumb\"},\"inLanguage\":\"ca\",\"potentialAction\":[{\"@type\":\"ReadAction\",\"target\":[\"https:\/\/cvalmogaversparc.com\/es_ES\/blog\"]}]},{\"@type\":\"BreadcrumbList\",\"@id\":\"https:\/\/cvalmogaversparc.com\/es_ES\/blog#breadcrumb\",\"itemListElement\":[{\"@type\":\"ListItem\",\"position\":1,\"name\":\"Portada\",\"item\":\"https:\/\/cvalmogaversparc.com\/\"},{\"@type\":\"ListItem\",\"position\":2,\"name\":\"BLOG\"}]},{\"@type\":\"WebSite\",\"@id\":\"https:\/\/cvalmogaversparc.com\/es_ES\/#website\",\"url\":\"https:\/\/cvalmogaversparc.com\/es_ES\/\",\"name\":\"Cl\u00ednica Veterin\u00e0ria Almog\u00e0vers Parc\",\"description\":\"Un m\u00e9s de la fam\u00edlia\",\"publisher\":{\"@id\":\"https:\/\/cvalmogaversparc.com\/es_ES\/#organization\"},\"potentialAction\":[{\"@type\":\"SearchAction\",\"target\":{\"@type\":\"EntryPoint\",\"urlTemplate\":\"https:\/\/cvalmogaversparc.com\/es_ES\/?s={search_term_string}\"},\"query-input\":\"required name=search_term_string\"}],\"inLanguage\":\"ca\"},{\"@type\":\"Organization\",\"@id\":\"https:\/\/cvalmogaversparc.com\/es_ES\/#organization\",\"name\":\"Cl\u00ednica Veterin\u00e0ria Almog\u00e0vers Parc\",\"url\":\"https:\/\/cvalmogaversparc.com\/es_ES\/\",\"logo\":{\"@type\":\"ImageObject\",\"inLanguage\":\"ca\",\"@id\":\"https:\/\/cvalmogaversparc.com\/es_ES\/#\/schema\/logo\/image\/\",\"url\":\"https:\/\/cvalmogaversparc.com\/wp-content\/uploads\/2019\/02\/img064.jpg\",\"contentUrl\":\"https:\/\/cvalmogaversparc.com\/wp-content\/uploads\/2019\/02\/img064.jpg\",\"width\":3509,\"height\":2481,\"caption\":\"Cl\u00ednica Veterin\u00e0ria Almog\u00e0vers Parc\"},\"image\":{\"@id\":\"https:\/\/cvalmogaversparc.com\/es_ES\/#\/schema\/logo\/image\/\"},\"sameAs\":[\"https:\/\/www.facebook.com\/cvetalmogaversparc\/\",\"https:\/\/www.instagram.com\/cvetalmogaversparc\/\"]}]}<\/script>\n<!-- \/ Yoast SEO plugin. -->","yoast_head_json":{"title":"BLOG - Cl\u00ednica Veterin\u00e0ria Almog\u00e0vers Parc","description":"BLOG Cl\u00ednica Veterin\u00e0ria Almog\u00e0vers Parc","robots":{"index":"index","follow":"follow","max-snippet":"max-snippet:-1","max-image-preview":"max-image-preview:large","max-video-preview":"max-video-preview:-1"},"canonical":"https:\/\/cvalmogaversparc.com\/es_ES\/blog","og_locale":"ca_ES","og_type":"article","og_title":"BLOG - Cl\u00ednica Veterin\u00e0ria Almog\u00e0vers Parc","og_description":"BLOG Cl\u00ednica Veterin\u00e0ria Almog\u00e0vers Parc","og_url":"https:\/\/cvalmogaversparc.com\/es_ES\/blog","og_site_name":"Cl\u00ednica Veterin\u00e0ria Almog\u00e0vers Parc","article_publisher":"https:\/\/www.facebook.com\/cvetalmogaversparc\/","article_modified_time":"2020-01-17T20:55:49+00:00","og_image":[{"width":3509,"height":2481,"url":"https:\/\/cvalmogaversparc.com\/wp-content\/uploads\/2019\/02\/img064.jpg","type":"image\/jpeg"}],"twitter_card":"summary_large_image","schema":{"@context":"https:\/\/schema.org","@graph":[{"@type":"WebPage","@id":"https:\/\/cvalmogaversparc.com\/es_ES\/blog","url":"https:\/\/cvalmogaversparc.com\/es_ES\/blog","name":"BLOG - Cl\u00ednica Veterin\u00e0ria Almog\u00e0vers Parc","isPartOf":{"@id":"https:\/\/cvalmogaversparc.com\/es_ES\/#website"},"datePublished":"2018-12-18T20:51:51+00:00","dateModified":"2020-01-17T20:55:49+00:00","description":"BLOG Cl\u00ednica Veterin\u00e0ria Almog\u00e0vers Parc","breadcrumb":{"@id":"https:\/\/cvalmogaversparc.com\/es_ES\/blog#breadcrumb"},"inLanguage":"ca","potentialAction":[{"@type":"ReadAction","target":["https:\/\/cvalmogaversparc.com\/es_ES\/blog"]}]},{"@type":"BreadcrumbList","@id":"https:\/\/cvalmogaversparc.com\/es_ES\/blog#breadcrumb","itemListElement":[{"@type":"ListItem","position":1,"name":"Portada","item":"https:\/\/cvalmogaversparc.com\/"},{"@type":"ListItem","position":2,"name":"BLOG"}]},{"@type":"WebSite","@id":"https:\/\/cvalmogaversparc.com\/es_ES\/#website","url":"https:\/\/cvalmogaversparc.com\/es_ES\/","name":"Cl\u00ednica Veterin\u00e0ria Almog\u00e0vers Parc","description":"Un m\u00e9s de la fam\u00edlia","publisher":{"@id":"https:\/\/cvalmogaversparc.com\/es_ES\/#organization"},"potentialAction":[{"@type":"SearchAction","target":{"@type":"EntryPoint","urlTemplate":"https:\/\/cvalmogaversparc.com\/es_ES\/?s={search_term_string}"},"query-input":"required name=search_term_string"}],"inLanguage":"ca"},{"@type":"Organization","@id":"https:\/\/cvalmogaversparc.com\/es_ES\/#organization","name":"Cl\u00ednica Veterin\u00e0ria Almog\u00e0vers Parc","url":"https:\/\/cvalmogaversparc.com\/es_ES\/","logo":{"@type":"ImageObject","inLanguage":"ca","@id":"https:\/\/cvalmogaversparc.com\/es_ES\/#\/schema\/logo\/image\/","url":"https:\/\/cvalmogaversparc.com\/wp-content\/uploads\/2019\/02\/img064.jpg","contentUrl":"https:\/\/cvalmogaversparc.com\/wp-content\/uploads\/2019\/02\/img064.jpg","width":3509,"height":2481,"caption":"Cl\u00ednica Veterin\u00e0ria Almog\u00e0vers Parc"},"image":{"@id":"https:\/\/cvalmogaversparc.com\/es_ES\/#\/schema\/logo\/image\/"},"sameAs":["https:\/\/www.facebook.com\/cvetalmogaversparc\/","https:\/\/www.instagram.com\/cvetalmogaversparc\/"]}]}},"_links":{"self":[{"href":"https:\/\/cvalmogaversparc.com\/en_GB\/wp-json\/wp\/v2\/pages\/49","targetHints":{"allow":["GET"]}}],"collection":[{"href":"https:\/\/cvalmogaversparc.com\/en_GB\/wp-json\/wp\/v2\/pages"}],"about":[{"href":"https:\/\/cvalmogaversparc.com\/en_GB\/wp-json\/wp\/v2\/types\/page"}],"author":[{"embeddable":true,"href":"https:\/\/cvalmogaversparc.com\/en_GB\/wp-json\/wp\/v2\/users\/1"}],"replies":[{"embeddable":true,"href":"https:\/\/cvalmogaversparc.com\/en_GB\/wp-json\/wp\/v2\/comments?post=49"}],"version-history":[{"count":5,"href":"https:\/\/cvalmogaversparc.com\/en_GB\/wp-json\/wp\/v2\/pages\/49\/revisions"}],"predecessor-version":[{"id":658,"href":"https:\/\/cvalmogaversparc.com\/en_GB\/wp-json\/wp\/v2\/pages\/49\/revisions\/658"}],"wp:attachment":[{"href":"https:\/\/cvalmogaversparc.com\/en_GB\/wp-json\/wp\/v2\/media?parent=49"}],"curies":[{"name":"wp","href":"https:\/\/api.w.org\/{rel}","templated":true}]}}