{"id":47,"date":"2018-12-18T20:51:37","date_gmt":"2018-12-18T20:51:37","guid":{"rendered":"http:\/\/cvalmogaversparc.com\/?page_id=47"},"modified":"2025-09-08T09:02:23","modified_gmt":"2025-09-08T09:02:23","slug":"plans-de-salut","status":"publish","type":"page","link":"https:\/\/cvalmogaversparc.com\/en_GB\/plans-de-salut","title":{"rendered":"HEALTH PLANS"},"content":{"rendered":"\r\n<div dir=\"auto\">\r\n<p>The Cl\u00ednica Veterin\u00e0ria Almog\u00e0vers Parc offers yearly health plans to guarantee your pet wellness ar an affordable price.<\/p>\r\n<img loading=\"lazy\" decoding=\"async\" class=\"wp-image-863 alignleft\" src=\"http:\/\/cvalmogaversparc.com\/wp-content\/uploads\/2020\/03\/DANA_LOGO_MOD-839x1024.jpg\" alt=\"\" width=\"292\" height=\"357\"\/><\/div>\r\n<p>In this regard, all health plans include:<\/p>\r\n<p>-Yearly vaccination (distemper, leptospira, parvovirus, adenovirus, rabies)<\/p>\r\n<p>-Quarterly deworming<\/p>\r\n<p><span style=\"font-family: inherit; font-size: 1rem;\">-All* the needed visits to ensure the health of your animal for a full year<\/span><\/p>\r\n<p>Also, you will have discounts on:<\/p>\r\n<p>-ALL needed medical procedures (analysis, radiographies, ultrasonographies, surgeries\u2026), diets, accessories and treatments.<\/p>\r\n<p>&nbsp;<\/p>\r\n<p>If you want more information, please contact or better come to know us and we will resolve all your questions.<\/p>\r\n<p>&nbsp;<\/p>\r\n<div><img loading=\"lazy\" decoding=\"async\" class=\"alignnone size-large wp-image-2492\" src=\"https:\/\/cvalmogaversparc.com\/wp-content\/uploads\/2025\/09\/plans-de-salut-2025-721x1024.png\" alt=\"\" width=\"688\" height=\"977\" srcset=\"https:\/\/cvalmogaversparc.com\/wp-content\/uploads\/2025\/09\/plans-de-salut-2025-721x1024.png 721w, https:\/\/cvalmogaversparc.com\/wp-content\/uploads\/2025\/09\/plans-de-salut-2025-211x300.png 211w, https:\/\/cvalmogaversparc.com\/wp-content\/uploads\/2025\/09\/plans-de-salut-2025-768x1090.png 768w, https:\/\/cvalmogaversparc.com\/wp-content\/uploads\/2025\/09\/plans-de-salut-2025-1082x1536.png 1082w, https:\/\/cvalmogaversparc.com\/wp-content\/uploads\/2025\/09\/plans-de-salut-2025.png 1409w\" sizes=\"auto, (max-width: 688px) 100vw, 688px\" \/><\/div>\r\n\r\n<p>*Leishmania vaccination and specialist consultation are not included, but the corresponding discount will be applied.<\/p>\r\n\r\n<p>&nbsp;<\/p>\r\n<p><a href=\"https:\/\/www.royalcanin.com\/es\" target=\"_blank\" rel=\"noopener noreferrer\"><img loading=\"lazy\" decoding=\"async\" src=\"https:\/\/tradetermsrc.com\/es\/banners\/RC\/Kit-Digital_728x90.jpg\" alt=\"Royal Canin\" width=\"728\" height=\"90\"\/><\/a><\/p>","protected":false},"excerpt":{"rendered":"<p><!-- wp:paragraph --><\/p>\n<div dir=\"auto\">\n<p>The Cl\u00ednica Veterin\u00e0ria Almog\u00e0vers Parc offers yearly health plans to guarantee your pet wellness ar an affordable price.<\/p>\n<p><img decoding=\"async\" class=\"wp-image-863 alignleft\" src=\"http:\/\/cvalmogaversparc.com\/wp-content...\n<\/p>\n","protected":false},"author":1,"featured_media":0,"parent":0,"menu_order":0,"comment_status":"closed","ping_status":"closed","template":"","meta":{"pgc_meta":"","ngg_post_thumbnail":0,"_joinchat":[],"footnotes":""},"class_list":["post-47","page","type-page","status-publish","hentry"],"pgc_meta":"","yoast_head":"<!-- This site is optimized with the Yoast SEO plugin v21.4 - https:\/\/yoast.com\/wordpress\/plugins\/seo\/ -->\n<title>HEALTH PLANS<\/title>\n<meta name=\"description\" content=\"The Cl\u00ednica Veterin\u00e0ria Almog\u00e0vers Parc offers yearly health plans to guarantee your pet wellness ar an affordable price.\" \/>\n<meta name=\"robots\" content=\"index, follow, max-snippet:-1, max-image-preview:large, max-video-preview:-1\" \/>\n<link rel=\"canonical\" href=\"https:\/\/cvalmogaversparc.com\/plans-de-salut\" \/>\n<meta property=\"og:locale\" content=\"ca_ES\" \/>\n<meta property=\"og:type\" content=\"article\" \/>\n<meta property=\"og:title\" content=\"HEALTH PLANS\" \/>\n<meta property=\"og:description\" content=\"The Cl\u00ednica Veterin\u00e0ria Almog\u00e0vers Parc offers yearly health plans to guarantee your pet wellness ar an affordable price.\" \/>\n<meta property=\"og:url\" content=\"https:\/\/cvalmogaversparc.com\/plans-de-salut\" \/>\n<meta property=\"og:site_name\" content=\"Cl\u00ednica Veterin\u00e0ria Almog\u00e0vers Parc\" \/>\n<meta property=\"article:publisher\" content=\"https:\/\/www.facebook.com\/cvetalmogaversparc\/\" \/>\n<meta property=\"article:modified_time\" content=\"2025-09-08T09:02:23+00:00\" \/>\n<meta property=\"og:image\" content=\"http:\/\/cvalmogaversparc.com\/wp-content\/uploads\/2020\/03\/DANA_LOGO_MOD-839x1024.jpg\" \/>\n<meta name=\"twitter:card\" content=\"summary_large_image\" \/>\n<meta name=\"twitter:label1\" content=\"Temps estimat de lectura\" \/>\n\t<meta name=\"twitter:data1\" content=\"2 minuts\" \/>\n<script type=\"application\/ld+json\" class=\"yoast-schema-graph\">{\"@context\":\"https:\/\/schema.org\",\"@graph\":[{\"@type\":\"WebPage\",\"@id\":\"https:\/\/cvalmogaversparc.com\/plans-de-salut\",\"url\":\"https:\/\/cvalmogaversparc.com\/plans-de-salut\",\"name\":\"PLANS DE SALUT - Cl\u00ednica Veterin\u00e0ria Almog\u00e0vers Parc\",\"isPartOf\":{\"@id\":\"https:\/\/cvalmogaversparc.com\/es_ES\/#website\"},\"datePublished\":\"2018-12-18T20:51:37+00:00\",\"dateModified\":\"2025-09-08T09:02:23+00:00\",\"description\":\"Plans de salut\",\"breadcrumb\":{\"@id\":\"https:\/\/cvalmogaversparc.com\/plans-de-salut#breadcrumb\"},\"inLanguage\":\"ca\",\"potentialAction\":[{\"@type\":\"ReadAction\",\"target\":[\"https:\/\/cvalmogaversparc.com\/plans-de-salut\"]}]},{\"@type\":\"BreadcrumbList\",\"@id\":\"https:\/\/cvalmogaversparc.com\/plans-de-salut#breadcrumb\",\"itemListElement\":[{\"@type\":\"ListItem\",\"position\":1,\"name\":\"Portada\",\"item\":\"https:\/\/cvalmogaversparc.com\/\"},{\"@type\":\"ListItem\",\"position\":2,\"name\":\"HEALTH PLANS\"}]},{\"@type\":\"WebSite\",\"@id\":\"https:\/\/cvalmogaversparc.com\/es_ES\/#website\",\"url\":\"https:\/\/cvalmogaversparc.com\/es_ES\/\",\"name\":\"Cl\u00ednica Veterin\u00e0ria Almog\u00e0vers Parc\",\"description\":\"Un m\u00e9s de la fam\u00edlia\",\"publisher\":{\"@id\":\"https:\/\/cvalmogaversparc.com\/es_ES\/#organization\"},\"potentialAction\":[{\"@type\":\"SearchAction\",\"target\":{\"@type\":\"EntryPoint\",\"urlTemplate\":\"https:\/\/cvalmogaversparc.com\/es_ES\/?s={search_term_string}\"},\"query-input\":\"required name=search_term_string\"}],\"inLanguage\":\"ca\"},{\"@type\":\"Organization\",\"@id\":\"https:\/\/cvalmogaversparc.com\/es_ES\/#organization\",\"name\":\"Cl\u00ednica Veterin\u00e0ria Almog\u00e0vers Parc\",\"url\":\"https:\/\/cvalmogaversparc.com\/es_ES\/\",\"logo\":{\"@type\":\"ImageObject\",\"inLanguage\":\"ca\",\"@id\":\"https:\/\/cvalmogaversparc.com\/es_ES\/#\/schema\/logo\/image\/\",\"url\":\"https:\/\/cvalmogaversparc.com\/wp-content\/uploads\/2019\/02\/img064.jpg\",\"contentUrl\":\"https:\/\/cvalmogaversparc.com\/wp-content\/uploads\/2019\/02\/img064.jpg\",\"width\":3509,\"height\":2481,\"caption\":\"Cl\u00ednica Veterin\u00e0ria Almog\u00e0vers Parc\"},\"image\":{\"@id\":\"https:\/\/cvalmogaversparc.com\/es_ES\/#\/schema\/logo\/image\/\"},\"sameAs\":[\"https:\/\/www.facebook.com\/cvetalmogaversparc\/\",\"https:\/\/www.instagram.com\/cvetalmogaversparc\/\"]}]}<\/script>\n<!-- \/ Yoast SEO plugin. -->","yoast_head_json":{"title":"HEALTH PLANS","description":"The Cl\u00ednica Veterin\u00e0ria Almog\u00e0vers Parc offers yearly health plans to guarantee your pet wellness ar an affordable price.","robots":{"index":"index","follow":"follow","max-snippet":"max-snippet:-1","max-image-preview":"max-image-preview:large","max-video-preview":"max-video-preview:-1"},"canonical":"https:\/\/cvalmogaversparc.com\/plans-de-salut","og_locale":"ca_ES","og_type":"article","og_title":"HEALTH PLANS","og_description":"The Cl\u00ednica Veterin\u00e0ria Almog\u00e0vers Parc offers yearly health plans to guarantee your pet wellness ar an affordable price.","og_url":"https:\/\/cvalmogaversparc.com\/plans-de-salut","og_site_name":"Cl\u00ednica Veterin\u00e0ria Almog\u00e0vers Parc","article_publisher":"https:\/\/www.facebook.com\/cvetalmogaversparc\/","article_modified_time":"2025-09-08T09:02:23+00:00","og_image":[{"url":"http:\/\/cvalmogaversparc.com\/wp-content\/uploads\/2020\/03\/DANA_LOGO_MOD-839x1024.jpg"}],"twitter_card":"summary_large_image","twitter_misc":{"Temps estimat de lectura":"2 minuts"},"schema":{"@context":"https:\/\/schema.org","@graph":[{"@type":"WebPage","@id":"https:\/\/cvalmogaversparc.com\/plans-de-salut","url":"https:\/\/cvalmogaversparc.com\/plans-de-salut","name":"PLANS DE SALUT - Cl\u00ednica Veterin\u00e0ria Almog\u00e0vers Parc","isPartOf":{"@id":"https:\/\/cvalmogaversparc.com\/es_ES\/#website"},"datePublished":"2018-12-18T20:51:37+00:00","dateModified":"2025-09-08T09:02:23+00:00","description":"Plans de salut","breadcrumb":{"@id":"https:\/\/cvalmogaversparc.com\/plans-de-salut#breadcrumb"},"inLanguage":"ca","potentialAction":[{"@type":"ReadAction","target":["https:\/\/cvalmogaversparc.com\/plans-de-salut"]}]},{"@type":"BreadcrumbList","@id":"https:\/\/cvalmogaversparc.com\/plans-de-salut#breadcrumb","itemListElement":[{"@type":"ListItem","position":1,"name":"Portada","item":"https:\/\/cvalmogaversparc.com\/"},{"@type":"ListItem","position":2,"name":"HEALTH PLANS"}]},{"@type":"WebSite","@id":"https:\/\/cvalmogaversparc.com\/es_ES\/#website","url":"https:\/\/cvalmogaversparc.com\/es_ES\/","name":"Cl\u00ednica Veterin\u00e0ria Almog\u00e0vers Parc","description":"Un m\u00e9s de la fam\u00edlia","publisher":{"@id":"https:\/\/cvalmogaversparc.com\/es_ES\/#organization"},"potentialAction":[{"@type":"SearchAction","target":{"@type":"EntryPoint","urlTemplate":"https:\/\/cvalmogaversparc.com\/es_ES\/?s={search_term_string}"},"query-input":"required name=search_term_string"}],"inLanguage":"ca"},{"@type":"Organization","@id":"https:\/\/cvalmogaversparc.com\/es_ES\/#organization","name":"Cl\u00ednica Veterin\u00e0ria Almog\u00e0vers Parc","url":"https:\/\/cvalmogaversparc.com\/es_ES\/","logo":{"@type":"ImageObject","inLanguage":"ca","@id":"https:\/\/cvalmogaversparc.com\/es_ES\/#\/schema\/logo\/image\/","url":"https:\/\/cvalmogaversparc.com\/wp-content\/uploads\/2019\/02\/img064.jpg","contentUrl":"https:\/\/cvalmogaversparc.com\/wp-content\/uploads\/2019\/02\/img064.jpg","width":3509,"height":2481,"caption":"Cl\u00ednica Veterin\u00e0ria Almog\u00e0vers Parc"},"image":{"@id":"https:\/\/cvalmogaversparc.com\/es_ES\/#\/schema\/logo\/image\/"},"sameAs":["https:\/\/www.facebook.com\/cvetalmogaversparc\/","https:\/\/www.instagram.com\/cvetalmogaversparc\/"]}]}},"_links":{"self":[{"href":"https:\/\/cvalmogaversparc.com\/en_GB\/wp-json\/wp\/v2\/pages\/47","targetHints":{"allow":["GET"]}}],"collection":[{"href":"https:\/\/cvalmogaversparc.com\/en_GB\/wp-json\/wp\/v2\/pages"}],"about":[{"href":"https:\/\/cvalmogaversparc.com\/en_GB\/wp-json\/wp\/v2\/types\/page"}],"author":[{"embeddable":true,"href":"https:\/\/cvalmogaversparc.com\/en_GB\/wp-json\/wp\/v2\/users\/1"}],"replies":[{"embeddable":true,"href":"https:\/\/cvalmogaversparc.com\/en_GB\/wp-json\/wp\/v2\/comments?post=47"}],"version-history":[{"count":75,"href":"https:\/\/cvalmogaversparc.com\/en_GB\/wp-json\/wp\/v2\/pages\/47\/revisions"}],"predecessor-version":[{"id":166,"href":"https:\/\/cvalmogaversparc.com\/en_GB\/wp-json\/wp\/v2\/pages\/47\/revisions\/166"}],"wp:attachment":[{"href":"https:\/\/cvalmogaversparc.com\/en_GB\/wp-json\/wp\/v2\/media?parent=47"}],"curies":[{"name":"wp","href":"https:\/\/api.w.org\/{rel}","templated":true}]}}