{"id":44,"date":"2018-12-18T20:50:26","date_gmt":"2018-12-18T20:50:26","guid":{"rendered":"http:\/\/cvalmogaversparc.com\/?page_id=44"},"modified":"2022-02-04T18:13:16","modified_gmt":"2022-02-04T18:13:16","slug":"serveis","status":"publish","type":"page","link":"https:\/\/cvalmogaversparc.com\/en_GB\/serveis","title":{"rendered":"SERVICES"},"content":{"rendered":"\r\n<h4 style=\"text-align: right;\"><strong>GENERAL PRACTICE<\/strong><\/h4>\r\n<p style=\"font-family: Georgia, serif; font-size: 16px;\"><img loading=\"lazy\" decoding=\"async\" class=\"wp-image-851 alignleft\" src=\"http:\/\/cvalmogaversparc.com\/wp-content\/uploads\/2020\/03\/DSC_0044-1024x680.jpg\" alt=\"\" width=\"346\" height=\"230\"\/><\/p>\r\n<p>At the Almog\u00e0vers Parc Veterinary Clinic we deal with any kind of illness your pet might have.&nbsp; it\u2019s only needed an exhaustive exploration to have information about what the problem may be, and could explain you how to solve it.<\/p>\r\n<p>&nbsp;<\/p>\r\n<h4><strong>PreventivE MEDICINE<\/strong><\/h4>\r\n<p><strong><img loading=\"lazy\" decoding=\"async\" class=\"wp-image-830 alignright\" src=\"http:\/\/cvalmogaversparc.com\/wp-content\/uploads\/2020\/03\/DSC06027-1024x683.jpg\" alt=\"\" width=\"345\" height=\"230\"\/><\/strong><\/p>\r\n<p>Ensure the health of our pets before they become sick is the base of our job. But how can we prevent illnesses?<\/p>\r\n<p>At the Almog\u00e0vers Parc Veterinary Clinic we give you guidelines on diet, vaccination and handling to prevent our best fiends becoming sick, Because if we can prevent illnesses, it will not be necessary to heal them!<\/p>\r\n<h4 style=\"text-align: right;\"><strong>SOFT TISSUES SURGERY<img loading=\"lazy\" decoding=\"async\" class=\"wp-image-198 alignleft\" src=\"http:\/\/cvalmogaversparc.com\/wp-content\/uploads\/2019\/02\/DSC05948-1024x683.jpg\" alt=\"\" width=\"345\" height=\"230\"\/><\/strong><\/h4>\r\n<p>Some processes may not be medically solved and surgery may be needed. To do it in a more effective way, we have a fully equipped operations room and the best specialists to ensure the surgery success.<\/p>\r\n<h4>&nbsp;<\/h4>\r\n<h4><strong>dentistry<\/strong><\/h4>\r\n<p><img loading=\"lazy\" decoding=\"async\" class=\"wp-image-513 alignleft\" src=\"http:\/\/cvalmogaversparc.com\/wp-content\/uploads\/2019\/11\/bocatosca2.jpg\" alt=\"\" width=\"187\" height=\"140\"\/><img loading=\"lazy\" decoding=\"async\" class=\"alignright wp-image-514\" src=\"https:\/\/cvalmogaversparc.com\/wp-content\/uploads\/2019\/11\/bocaneta2.jpg\" alt=\"\" width=\"183\" height=\"137\" srcset=\"https:\/\/cvalmogaversparc.com\/wp-content\/uploads\/2019\/11\/bocaneta2.jpg 960w, https:\/\/cvalmogaversparc.com\/wp-content\/uploads\/2019\/11\/bocaneta2-300x225.jpg 300w, https:\/\/cvalmogaversparc.com\/wp-content\/uploads\/2019\/11\/bocaneta2-768x576.jpg 768w\" sizes=\"auto, (max-width: 183px) 100vw, 183px\" \/><\/p>\r\n<p>Our pet health starts from a good dental hygiene. Therefore, we offer a professional, safe and accurate dental hygiene service. We can also give you advice on how to prevent tartar deposits and the bad breath. Ask us! &nbsp; &nbsp; &nbsp; &nbsp;&nbsp;<\/p>\r\n<h4 style=\"text-align: right;\"><strong>OUR OWN Laboratory<\/strong><\/h4>\r\n<p><img loading=\"lazy\" decoding=\"async\" class=\"wp-image-1771 alignright\" src=\"https:\/\/cvalmogaversparc.com\/wp-content\/uploads\/2021\/06\/DSC_0169-1024x680.jpg\" alt=\"\" width=\"203\" height=\"135\" srcset=\"https:\/\/cvalmogaversparc.com\/wp-content\/uploads\/2021\/06\/DSC_0169-1024x680.jpg 1024w, https:\/\/cvalmogaversparc.com\/wp-content\/uploads\/2021\/06\/DSC_0169-300x199.jpg 300w, https:\/\/cvalmogaversparc.com\/wp-content\/uploads\/2021\/06\/DSC_0169-768x510.jpg 768w, https:\/\/cvalmogaversparc.com\/wp-content\/uploads\/2021\/06\/DSC_0169-1536x1020.jpg 1536w, https:\/\/cvalmogaversparc.com\/wp-content\/uploads\/2021\/06\/DSC_0169-2048x1360.jpg 2048w, https:\/\/cvalmogaversparc.com\/wp-content\/uploads\/2021\/06\/DSC_0169-1600x1063.jpg 1600w\" sizes=\"auto, (max-width: 203px) 100vw, 203px\" \/><\/p>\r\n<p style=\"font-family: Georgia, serif; font-size: 16px;\"><img loading=\"lazy\" decoding=\"async\" class=\"wp-image-852 alignleft\" src=\"http:\/\/cvalmogaversparc.com\/wp-content\/uploads\/2020\/03\/DSC_0196-1024x680.jpg\" alt=\"\" width=\"212\" height=\"141\"\/><\/p>\r\n<p>There are some cases where having immediate analytical results is essential.<\/p>\r\n<p>That is why at the Cl\u00ednica Veterin\u00e0ria Almog\u00e0vers Parc we have a fully equipped laboratory to do all kind of blood, urine, faeces,\u2026 analysis, and have immediate results to have your pet diagnosis as soon as possible.<\/p>\r\n<h4 style=\"text-align: left;\"><strong>imaging diagnostics (radiology and ultrasonography)<\/strong><\/h4>\r\n<p><strong><img loading=\"lazy\" decoding=\"async\" class=\"wp-image-704 alignright\" src=\"http:\/\/cvalmogaversparc.com\/wp-content\/uploads\/2020\/02\/IMG_20200225_124429_415-1024x759.jpg\" alt=\"\" width=\"311\" height=\"230\"\/><\/strong><\/p>\r\n<p>In our clinic we have an indirect digital radiology service to detect any problem in a fast and easy way, and with a better imaging quality.<\/p>\r\n<p>Also, we provide the best ultrasonography service to detect every disease.<\/p>\r\n<h4 style=\"text-align: right;\"><strong>Microchips, passports and official certificates<\/strong><\/h4>\r\n<p><img loading=\"lazy\" decoding=\"async\" class=\"wp-image-161  alignleft\" src=\"http:\/\/cvalmogaversparc.com\/wp-content\/uploads\/2019\/02\/IMG_20190208_181918_817-e1550765074413-1024x759.jpg\" alt=\"\" width=\"310\" height=\"230\"\/><\/p>\r\n<p>The microchip is a small mandatory implant in all older than 3 months dogs, cats and ferrets . We digitally associate the animal&#8217;s data with the owner to make recovery easier in case of loss.<\/p>\r\n<p>At the Cl\u00ednica Veterin\u00e0ria Almog\u00e0vers Parc we make the microchip&#8217;s implantation and activation, and we do all the needed procedures to facilitate their travelling around the world, only giving us the necessary documentation.<\/p>\r\n<h4><strong>\r\n\r\n<\/strong><\/h4>\r\n<h4><strong>Dermatology<\/strong><\/h4>\r\n<p><img loading=\"lazy\" decoding=\"async\" class=\"wp-image-854 alignright\" src=\"http:\/\/cvalmogaversparc.com\/wp-content\/uploads\/2020\/03\/DSC_0383-1-1024x680.jpg\" alt=\"\" width=\"346\" height=\"230\"\/><\/p>\r\n<p>Skin is the biggest organ we human and animals have. Dogs, cats and rabbits can also have skin diseases like allergies, bacterial, fungal or parasite infections; immunomediate diseases\u2026and they can be shown as otitis, redness, itchiness, hair loss\u2026<br \/>Ask us and we will try to make your pet have a beautiful and healthy hair and skin.<\/p>\r\n<h4><strong>\r\n\r\n<\/strong><\/h4>\r\n<h4 style=\"text-align: right;\"><strong>CardiologY<\/strong><\/h4>\r\n<p><img loading=\"lazy\" decoding=\"async\" class=\"wp-image-855 alignleft\" src=\"http:\/\/cvalmogaversparc.com\/wp-content\/uploads\/2020\/03\/DSC_0426-1.jpg\" alt=\"\" width=\"346\" height=\"230\"\/><\/p>\r\n<p>Heart diseases appear more frequently in old animals, but sometimes also in young ones.<\/p>\r\n<p>A periodic exploration will let us detect anomalous sounds that can be early detected to prevent later diseases as cardiomegalia, valvular pathologies or lung edema.<\/p>\r\n<h4><strong>\r\n\r\n<\/strong><\/h4>\r\n<h4><strong>Ophtalmology<\/strong><\/h4>\r\n<p><img loading=\"lazy\" decoding=\"async\" class=\"wp-image-1775  alignright\" src=\"https:\/\/cvalmogaversparc.com\/wp-content\/uploads\/2021\/06\/Vet83-1-1024x731.jpg\" alt=\"\" width=\"297\" height=\"212\" srcset=\"https:\/\/cvalmogaversparc.com\/wp-content\/uploads\/2021\/06\/Vet83-1-1024x731.jpg 1024w, https:\/\/cvalmogaversparc.com\/wp-content\/uploads\/2021\/06\/Vet83-1-300x214.jpg 300w, https:\/\/cvalmogaversparc.com\/wp-content\/uploads\/2021\/06\/Vet83-1-768x549.jpg 768w, https:\/\/cvalmogaversparc.com\/wp-content\/uploads\/2021\/06\/Vet83-1-1536x1097.jpg 1536w, https:\/\/cvalmogaversparc.com\/wp-content\/uploads\/2021\/06\/Vet83-1-2048x1463.jpg 2048w, https:\/\/cvalmogaversparc.com\/wp-content\/uploads\/2021\/06\/Vet83-1-1600x1143.jpg 1600w\" sizes=\"auto, (max-width: 297px) 100vw, 297px\" \/><\/p>\r\n<p>Who does not want to preserve your pet tender gaze? Eyes can have some conditions: from ulcer, eyelid or cornea inflamation, infections, cataracts, glaucoma, retinal diseases\u2026<\/p>\r\n<p>At the Cl\u00ednica Veterin\u00e0ria Almog\u00e0vers Parc we will give you advice on the best way to proceed to ensure your pet&#8217;s ocular health.<\/p>\r\n<h4><strong>\r\n\r\n<\/strong><\/h4>\r\n<h4>&nbsp;<\/h4>\r\n<h4 style=\"text-align: right;\"><strong>orthopedic medicine and surgery<\/strong><\/h4>\r\n<p style=\"font-family: Georgia, serif; font-size: 16px;\"><img loading=\"lazy\" decoding=\"async\" class=\"wp-image-331  alignleft\" src=\"http:\/\/cvalmogaversparc.com\/wp-content\/uploads\/2019\/02\/IMG_20190208_182259_640-e1550774337912-1024x759.jpg\" alt=\"\" width=\"284\" height=\"211\"\/><\/p>\r\n<p>At the Cl\u00ednica Veterin\u00e0ria Almog\u00e0vers Parc have the best specialists to fix any medical or surgical orthopaedics disease.<\/p>\r\n<p>&nbsp;<\/p>\r\n<h4><strong>\r\n\r\n<\/strong><\/h4>\r\n<h4><strong>\r\n\r\n<\/strong><\/h4>\r\n<h4><strong>\r\n\r\n<\/strong><\/h4>\r\n<h4>&nbsp;<\/h4>\r\n<h4 style=\"text-align: left;\"><strong>DAY HOSPITAL<\/strong><\/h4>\r\n<p><img loading=\"lazy\" decoding=\"async\" class=\"wp-image-334 alignright\" src=\"http:\/\/cvalmogaversparc.com\/wp-content\/uploads\/2019\/02\/IMG-20190114-WA000901-1024x576.jpg\" alt=\"\" width=\"411\" height=\"231\"\/><\/p>\r\n<p>At the Cl\u00ednica Veterin\u00e0ria Almog\u00e0vers Parc we make day hospitalization in case of need. We have the best quality boxes and completely equipped with systems to make sure of your pet&#8217;s quick recovery.<\/p>\r\n<h4><strong>\r\n\r\n<\/strong><\/h4>\r\n<h4><strong>\r\n\r\n<\/strong><\/h4>\r\n<h4><strong>\r\n\r\n<\/strong><\/h4>\r\n<h4>&nbsp;<\/h4>\r\n<p>&nbsp;<\/p>\r\n<p>&nbsp;<\/p>\r\n<p><img loading=\"lazy\" decoding=\"async\" class=\"wp-image-327  alignleft\" src=\"http:\/\/cvalmogaversparc.com\/wp-content\/uploads\/2019\/02\/IMG_20190131_114056_614-1024x725.jpg\" alt=\"\" width=\"325\" height=\"230\"\/><\/p>\r\n<h4 style=\"text-align: right;\"><strong>exOtic ANIMALS<\/strong><\/h4>\r\n<p>YES! Here we attend the animals nobody thinks about: rabbits, hamsters, ferrets\u2026 and do the fist care for their wellbeing.<\/p>\r\n<h4><strong>\r\n\r\n<\/strong><\/h4>\r\n<h4>&nbsp;<\/h4>\r\n<h4>&nbsp;<\/h4>\r\n<h4><strong>Feline medicine<\/strong><\/h4>\r\n<p style=\"font-family: Georgia, serif; font-size: 16px;\"><img loading=\"lazy\" decoding=\"async\" class=\"size-medium wp-image-1382 alignright\" src=\"http:\/\/cvalmogaversparc.com\/wp-content\/uploads\/2020\/09\/Vet-13-scaled-e1599656525847-300x271.jpg\" alt=\"\" width=\"300\" height=\"271\"\/><\/p>\r\n<p><span style=\"font-family: inherit; font-size: 1rem;\">Were you thinking we forgot your cats?? At the <\/span>Cl\u00ednica Veterin\u00e0ria Almog\u00e0vers Parc we keep in mind cats need an special attention, in a more quiet environment. That&#8217;s why we dispone an appart waiting room and consultation, exclusive for them, to make their visit to our centre a calmed and nice experience. We also have achieved accreditation as a Cat Friendly Clinic (CFC) by the International Society of Feline Medicine. It aims to promote well-being and high standards of care for all cats visiting or being hospitalised in a veterinary clinic, always stress-free to promote a better experience of the cat.<\/p>\r\n<p>&nbsp;<\/p>\r\n","protected":false},"excerpt":{"rendered":"<p><!-- wp:paragraph --><\/p>\n<h4 style=\"text-align: right;\"><strong>GENERAL PRACTICE<\/strong><\/h4>\n<p style=\"font-family: Georgia, serif; font-size: 16px;\"><img decoding=\"async\" class=\"wp-image-851 alignleft\" src=\"http:\/\/cvalmogaversparc.com\/wp-content\/uploads\/2020\/03\/DSC...\n<\/p>\n","protected":false},"author":1,"featured_media":0,"parent":0,"menu_order":0,"comment_status":"closed","ping_status":"closed","template":"","meta":{"pgc_meta":"","ngg_post_thumbnail":0,"_joinchat":[],"footnotes":""},"class_list":["post-44","page","type-page","status-publish","hentry"],"pgc_meta":"","yoast_head":"<!-- This site is optimized with the Yoast SEO plugin v21.4 - https:\/\/yoast.com\/wordpress\/plugins\/seo\/ -->\n<title>SERVICES<\/title>\n<meta name=\"description\" content=\"GENERAL PRACTICE\" \/>\n<meta name=\"robots\" content=\"index, follow, max-snippet:-1, max-image-preview:large, max-video-preview:-1\" \/>\n<link rel=\"canonical\" href=\"https:\/\/cvalmogaversparc.com\/serveis\" \/>\n<meta property=\"og:locale\" content=\"ca_ES\" \/>\n<meta property=\"og:type\" content=\"article\" \/>\n<meta property=\"og:title\" content=\"SERVICES\" \/>\n<meta property=\"og:description\" content=\"GENERAL PRACTICE\" \/>\n<meta property=\"og:url\" content=\"https:\/\/cvalmogaversparc.com\/serveis\" \/>\n<meta property=\"og:site_name\" content=\"Cl\u00ednica Veterin\u00e0ria Almog\u00e0vers Parc\" \/>\n<meta property=\"article:publisher\" content=\"https:\/\/www.facebook.com\/cvetalmogaversparc\/\" \/>\n<meta property=\"article:modified_time\" content=\"2022-02-04T18:13:16+00:00\" \/>\n<meta property=\"og:image\" content=\"http:\/\/cvalmogaversparc.com\/wp-content\/uploads\/2020\/03\/DSC_0044-1024x680.jpg\" \/>\n<meta name=\"twitter:card\" content=\"summary_large_image\" \/>\n<meta name=\"twitter:label1\" content=\"Temps estimat de lectura\" \/>\n\t<meta name=\"twitter:data1\" content=\"4 minuts\" \/>\n<script type=\"application\/ld+json\" class=\"yoast-schema-graph\">{\"@context\":\"https:\/\/schema.org\",\"@graph\":[{\"@type\":\"WebPage\",\"@id\":\"https:\/\/cvalmogaversparc.com\/serveis\",\"url\":\"https:\/\/cvalmogaversparc.com\/serveis\",\"name\":\"SERVEIS - Cl\u00ednica Veterin\u00e0ria Almog\u00e0vers Parc\",\"isPartOf\":{\"@id\":\"https:\/\/cvalmogaversparc.com\/es_ES\/#website\"},\"datePublished\":\"2018-12-18T20:50:26+00:00\",\"dateModified\":\"2022-02-04T18:13:16+00:00\",\"description\":\"Quins serveis ofereim\",\"breadcrumb\":{\"@id\":\"https:\/\/cvalmogaversparc.com\/serveis#breadcrumb\"},\"inLanguage\":\"ca\",\"potentialAction\":[{\"@type\":\"ReadAction\",\"target\":[\"https:\/\/cvalmogaversparc.com\/serveis\"]}]},{\"@type\":\"BreadcrumbList\",\"@id\":\"https:\/\/cvalmogaversparc.com\/serveis#breadcrumb\",\"itemListElement\":[{\"@type\":\"ListItem\",\"position\":1,\"name\":\"Portada\",\"item\":\"https:\/\/cvalmogaversparc.com\/\"},{\"@type\":\"ListItem\",\"position\":2,\"name\":\"SERVEIS\"}]},{\"@type\":\"WebSite\",\"@id\":\"https:\/\/cvalmogaversparc.com\/es_ES\/#website\",\"url\":\"https:\/\/cvalmogaversparc.com\/es_ES\/\",\"name\":\"Cl\u00ednica Veterin\u00e0ria Almog\u00e0vers Parc\",\"description\":\"Un m\u00e9s de la fam\u00edlia\",\"publisher\":{\"@id\":\"https:\/\/cvalmogaversparc.com\/es_ES\/#organization\"},\"potentialAction\":[{\"@type\":\"SearchAction\",\"target\":{\"@type\":\"EntryPoint\",\"urlTemplate\":\"https:\/\/cvalmogaversparc.com\/es_ES\/?s={search_term_string}\"},\"query-input\":\"required name=search_term_string\"}],\"inLanguage\":\"ca\"},{\"@type\":\"Organization\",\"@id\":\"https:\/\/cvalmogaversparc.com\/es_ES\/#organization\",\"name\":\"Cl\u00ednica Veterin\u00e0ria Almog\u00e0vers Parc\",\"url\":\"https:\/\/cvalmogaversparc.com\/es_ES\/\",\"logo\":{\"@type\":\"ImageObject\",\"inLanguage\":\"ca\",\"@id\":\"https:\/\/cvalmogaversparc.com\/es_ES\/#\/schema\/logo\/image\/\",\"url\":\"https:\/\/cvalmogaversparc.com\/wp-content\/uploads\/2019\/02\/img064.jpg\",\"contentUrl\":\"https:\/\/cvalmogaversparc.com\/wp-content\/uploads\/2019\/02\/img064.jpg\",\"width\":3509,\"height\":2481,\"caption\":\"Cl\u00ednica Veterin\u00e0ria Almog\u00e0vers Parc\"},\"image\":{\"@id\":\"https:\/\/cvalmogaversparc.com\/es_ES\/#\/schema\/logo\/image\/\"},\"sameAs\":[\"https:\/\/www.facebook.com\/cvetalmogaversparc\/\",\"https:\/\/www.instagram.com\/cvetalmogaversparc\/\"]}]}<\/script>\n<!-- \/ Yoast SEO plugin. -->","yoast_head_json":{"title":"SERVICES","description":"GENERAL PRACTICE","robots":{"index":"index","follow":"follow","max-snippet":"max-snippet:-1","max-image-preview":"max-image-preview:large","max-video-preview":"max-video-preview:-1"},"canonical":"https:\/\/cvalmogaversparc.com\/serveis","og_locale":"ca_ES","og_type":"article","og_title":"SERVICES","og_description":"GENERAL PRACTICE","og_url":"https:\/\/cvalmogaversparc.com\/serveis","og_site_name":"Cl\u00ednica Veterin\u00e0ria Almog\u00e0vers Parc","article_publisher":"https:\/\/www.facebook.com\/cvetalmogaversparc\/","article_modified_time":"2022-02-04T18:13:16+00:00","og_image":[{"url":"http:\/\/cvalmogaversparc.com\/wp-content\/uploads\/2020\/03\/DSC_0044-1024x680.jpg"}],"twitter_card":"summary_large_image","twitter_misc":{"Temps estimat de lectura":"4 minuts"},"schema":{"@context":"https:\/\/schema.org","@graph":[{"@type":"WebPage","@id":"https:\/\/cvalmogaversparc.com\/serveis","url":"https:\/\/cvalmogaversparc.com\/serveis","name":"SERVEIS - Cl\u00ednica Veterin\u00e0ria Almog\u00e0vers Parc","isPartOf":{"@id":"https:\/\/cvalmogaversparc.com\/es_ES\/#website"},"datePublished":"2018-12-18T20:50:26+00:00","dateModified":"2022-02-04T18:13:16+00:00","description":"Quins serveis ofereim","breadcrumb":{"@id":"https:\/\/cvalmogaversparc.com\/serveis#breadcrumb"},"inLanguage":"ca","potentialAction":[{"@type":"ReadAction","target":["https:\/\/cvalmogaversparc.com\/serveis"]}]},{"@type":"BreadcrumbList","@id":"https:\/\/cvalmogaversparc.com\/serveis#breadcrumb","itemListElement":[{"@type":"ListItem","position":1,"name":"Portada","item":"https:\/\/cvalmogaversparc.com\/"},{"@type":"ListItem","position":2,"name":"SERVEIS"}]},{"@type":"WebSite","@id":"https:\/\/cvalmogaversparc.com\/es_ES\/#website","url":"https:\/\/cvalmogaversparc.com\/es_ES\/","name":"Cl\u00ednica Veterin\u00e0ria Almog\u00e0vers Parc","description":"Un m\u00e9s de la fam\u00edlia","publisher":{"@id":"https:\/\/cvalmogaversparc.com\/es_ES\/#organization"},"potentialAction":[{"@type":"SearchAction","target":{"@type":"EntryPoint","urlTemplate":"https:\/\/cvalmogaversparc.com\/es_ES\/?s={search_term_string}"},"query-input":"required name=search_term_string"}],"inLanguage":"ca"},{"@type":"Organization","@id":"https:\/\/cvalmogaversparc.com\/es_ES\/#organization","name":"Cl\u00ednica Veterin\u00e0ria Almog\u00e0vers Parc","url":"https:\/\/cvalmogaversparc.com\/es_ES\/","logo":{"@type":"ImageObject","inLanguage":"ca","@id":"https:\/\/cvalmogaversparc.com\/es_ES\/#\/schema\/logo\/image\/","url":"https:\/\/cvalmogaversparc.com\/wp-content\/uploads\/2019\/02\/img064.jpg","contentUrl":"https:\/\/cvalmogaversparc.com\/wp-content\/uploads\/2019\/02\/img064.jpg","width":3509,"height":2481,"caption":"Cl\u00ednica Veterin\u00e0ria Almog\u00e0vers Parc"},"image":{"@id":"https:\/\/cvalmogaversparc.com\/es_ES\/#\/schema\/logo\/image\/"},"sameAs":["https:\/\/www.facebook.com\/cvetalmogaversparc\/","https:\/\/www.instagram.com\/cvetalmogaversparc\/"]}]}},"_links":{"self":[{"href":"https:\/\/cvalmogaversparc.com\/en_GB\/wp-json\/wp\/v2\/pages\/44","targetHints":{"allow":["GET"]}}],"collection":[{"href":"https:\/\/cvalmogaversparc.com\/en_GB\/wp-json\/wp\/v2\/pages"}],"about":[{"href":"https:\/\/cvalmogaversparc.com\/en_GB\/wp-json\/wp\/v2\/types\/page"}],"author":[{"embeddable":true,"href":"https:\/\/cvalmogaversparc.com\/en_GB\/wp-json\/wp\/v2\/users\/1"}],"replies":[{"embeddable":true,"href":"https:\/\/cvalmogaversparc.com\/en_GB\/wp-json\/wp\/v2\/comments?post=44"}],"version-history":[{"count":149,"href":"https:\/\/cvalmogaversparc.com\/en_GB\/wp-json\/wp\/v2\/pages\/44\/revisions"}],"predecessor-version":[{"id":2118,"href":"https:\/\/cvalmogaversparc.com\/en_GB\/wp-json\/wp\/v2\/pages\/44\/revisions\/2118"}],"wp:attachment":[{"href":"https:\/\/cvalmogaversparc.com\/en_GB\/wp-json\/wp\/v2\/media?parent=44"}],"curies":[{"name":"wp","href":"https:\/\/api.w.org\/{rel}","templated":true}]}}