{"id":356,"date":"2019-02-25T20:35:43","date_gmt":"2019-02-25T20:35:43","guid":{"rendered":"http:\/\/cvalmogaversparc.com\/?page_id=356"},"modified":"2024-09-24T09:09:00","modified_gmt":"2024-09-24T09:09:00","slug":"equip","status":"publish","type":"page","link":"https:\/\/cvalmogaversparc.com\/en_GB\/la-clinica\/equip","title":{"rendered":"TEAM"},"content":{"rendered":"<p><img loading=\"lazy\" decoding=\"async\" class=\" wp-image-2401 aligncenter\" src=\"https:\/\/cvalmogaversparc.com\/wp-content\/uploads\/2024\/09\/Isabel.jpg\" alt=\"\" width=\"295\" height=\"284\" srcset=\"https:\/\/cvalmogaversparc.com\/wp-content\/uploads\/2024\/09\/Isabel.jpg 601w, https:\/\/cvalmogaversparc.com\/wp-content\/uploads\/2024\/09\/Isabel-300x289.jpg 300w\" sizes=\"auto, (max-width: 295px) 100vw, 295px\" \/><\/p>\n<p style=\"text-align: center;\"><strong>ISABEL SESERAS<\/strong>&nbsp;<\/p>\n<p style=\"text-align: center;\"><strong>-Veterinary and CEO-&nbsp;<\/strong><\/p>\n<p style=\"text-align: justify;\">Licensed at the Universitat Aut\u00f2noma de Barcelona (UAB) Veterinary Faculty, she has been working in several clinics and hospitals since 2001, first as assistant and later as licensed veterinary.<\/p>\n<p style=\"text-align: justify;\">In constant updating to offer you the best treatments to help your animals.<\/p>\n<p style=\"text-align: justify;\"><span style=\"font-family: inherit; font-size: 1rem;\">Great defensor of fear free handling, to make the veterinary clinic a safe and quiet place for animals and owners.<\/span><\/p>\n<p style=\"text-align: justify;\"><span style=\"font-family: inherit; font-size: 1rem;\">At present membereship of Feline Medicine Specialty Group (GEMFE), of the Spanish Small Animals Vet Association (AVEPA) and of the International Society of Feline Medicine (ISFM).<\/span><\/p>\n<p style=\"text-align: justify;\"><strong>&nbsp;<\/strong> <img loading=\"lazy\" decoding=\"async\" class=\" wp-image-2400 aligncenter\" src=\"https:\/\/cvalmogaversparc.com\/wp-content\/uploads\/2024\/09\/Mee.jpg\" alt=\"\" width=\"290\" height=\"295\" srcset=\"https:\/\/cvalmogaversparc.com\/wp-content\/uploads\/2024\/09\/Mee.jpg 666w, https:\/\/cvalmogaversparc.com\/wp-content\/uploads\/2024\/09\/Mee-295x300.jpg 295w\" sizes=\"auto, (max-width: 290px) 100vw, 290px\" \/><\/p>\n<p style=\"text-align: center;\"><strong>MEENAKSHEE SANCHO<\/strong>&nbsp;<\/p>\n<p style=\"text-align: center;\"><strong>-Veterinary Nurse (ATV)-&nbsp;<\/strong><\/p>\n<p style=\"text-align: justify;\">If you came to the clinic any time, you already know her big smile and kindness.<\/p>\n<p style=\"text-align: justify;\">Mee is certified as a Veterinary assistant at the Escola d&#8217;Oficis de Catalunya.<\/p>\n<p>She joined the Cl\u00ednica Veterin\u00e0ria Almog\u00e0vers Parc to attend your needs, give you some pet cares and collaborate in your pets wellness with the best attention. <strong>EXTERNAL COLLABORATING SERVICES:<\/strong> <span style=\"font-size: 13.5pt; font-family: 'Arial',sans-serif; color: #252525;\"><strong><a href=\"http:\/\/delvetultrasound.com\/\"><img loading=\"lazy\" decoding=\"async\" class=\"wp-image-975 aligncenter\" src=\"http:\/\/cvalmogaversparc.com\/wp-content\/uploads\/2020\/03\/delvet-ultrasound_cercle.jpg\" alt=\"\" width=\"234\" height=\"234\" srcset=\"https:\/\/cvalmogaversparc.com\/wp-content\/uploads\/2020\/03\/delvet-ultrasound_cercle.jpg 284w, https:\/\/cvalmogaversparc.com\/wp-content\/uploads\/2020\/03\/delvet-ultrasound_cercle-150x150.jpg 150w\" sizes=\"auto, (max-width: 234px) 100vw, 234px\" \/><\/a><\/strong><\/span><strong><a href=\"https:\/\/delvetultrasound.com\/\">DELVET ULTRASOUND &#8211;<\/a> Ultrasound veterinary service <\/strong>with more than 10 years of experience offering quality imaging services, with the best professionals and latest equipment. &nbsp; &nbsp; &nbsp; &nbsp; &nbsp; &nbsp; <span style=\"font-size: 13.5pt; font-family: 'Arial',sans-serif; color: #252525;\">&nbsp;<\/span> &nbsp; <a href=\"https:\/\/endolap.cat\/\"><img loading=\"lazy\" decoding=\"async\" class=\"wp-image-976 aligncenter\" src=\"http:\/\/cvalmogaversparc.com\/wp-content\/uploads\/2020\/03\/endolap-veterinaria_cercle.jpg\" alt=\"\" width=\"235\" height=\"235\" srcset=\"https:\/\/cvalmogaversparc.com\/wp-content\/uploads\/2020\/03\/endolap-veterinaria_cercle.jpg 294w, https:\/\/cvalmogaversparc.com\/wp-content\/uploads\/2020\/03\/endolap-veterinaria_cercle-150x150.jpg 150w\" sizes=\"auto, (max-width: 235px) 100vw, 235px\" \/><strong>ENDOLAP VETERINARIA &#8211;<\/strong><\/a> &nbsp;<strong>Endoscopy, specialised in general surgery and minimal invasive surgery,<\/strong> that allows us to offer our clients the best and more advanced surgery techniques, thanks to a very experienced team. &nbsp; &nbsp; &nbsp; &nbsp; &nbsp;<a href=\"http:\/\/www.dermovet.com\/\"><img loading=\"lazy\" decoding=\"async\" class=\"wp-image-2023 aligncenter\" src=\"https:\/\/cvalmogaversparc.com\/wp-content\/uploads\/2021\/10\/CARLOS-VICH.png\" alt=\"\" width=\"245\" height=\"231\" srcset=\"https:\/\/cvalmogaversparc.com\/wp-content\/uploads\/2021\/10\/CARLOS-VICH.png 309w, https:\/\/cvalmogaversparc.com\/wp-content\/uploads\/2021\/10\/CARLOS-VICH-300x283.png 300w\" sizes=\"auto, (max-width: 245px) 100vw, 245px\" \/><\/a> <a href=\"https:\/\/www.dermovet.com\/acerca-de\/\"><strong>CARLOS VICH CORD\u00d3N &#8211; Dermovet<\/strong><\/a> <strong>Veterinarian dermatology exclusive service<\/strong> with more than 20 years experience. &nbsp; &nbsp; &nbsp; &nbsp; &nbsp;<img loading=\"lazy\" decoding=\"async\" class=\"wp-image-2138 aligncenter\" src=\"https:\/\/cvalmogaversparc.com\/wp-content\/uploads\/2022\/06\/oftalmovilvet.png\" alt=\"\" width=\"229\" height=\"230\" srcset=\"https:\/\/cvalmogaversparc.com\/wp-content\/uploads\/2022\/06\/oftalmovilvet.png 301w, https:\/\/cvalmogaversparc.com\/wp-content\/uploads\/2022\/06\/oftalmovilvet-300x300.png 300w, https:\/\/cvalmogaversparc.com\/wp-content\/uploads\/2022\/06\/oftalmovilvet-150x150.png 150w\" sizes=\"auto, (max-width: 229px) 100vw, 229px\" \/> &nbsp;<a href=\"https:\/\/oftalmovilvet.com\/\"><strong>JAVIER LAGIOIOSA- Oftalmovilvet<\/strong><\/a> <strong>Veterinarian oftalmology and oftalmic exclusive surgery service<\/strong>. &nbsp; &nbsp; &nbsp; &nbsp; &nbsp; &nbsp; <strong><img loading=\"lazy\" decoding=\"async\" class=\"wp-image-2275 aligncenter\" src=\"https:\/\/cvalmogaversparc.com\/wp-content\/uploads\/2023\/10\/VICTORTRILLABN.gif\" alt=\"\" width=\"244\" height=\"240\"\/><\/strong> &nbsp;<strong>V\u00cdCTOR TRILLA &#8211; Instrumevet <\/strong> <strong>Servei exclusiu de traumatologia i cirurgia ortop\u00e8dica veterin\u00e0ria<\/strong> amb m\u00e9s de 20 anys d&#8217;experi\u00e8ncia. &nbsp; &nbsp; &nbsp; &nbsp; &nbsp; &nbsp; <img loading=\"lazy\" decoding=\"async\" class=\"wp-image-2027 aligncenter\" src=\"https:\/\/cvalmogaversparc.com\/wp-content\/uploads\/2021\/10\/Logo-EOC-1-1024x460.png\" alt=\"\" width=\"290\" height=\"131\" srcset=\"https:\/\/cvalmogaversparc.com\/wp-content\/uploads\/2021\/10\/Logo-EOC-1-1024x460.png 1024w, https:\/\/cvalmogaversparc.com\/wp-content\/uploads\/2021\/10\/Logo-EOC-1-300x135.png 300w, https:\/\/cvalmogaversparc.com\/wp-content\/uploads\/2021\/10\/Logo-EOC-1-768x345.png 768w, https:\/\/cvalmogaversparc.com\/wp-content\/uploads\/2021\/10\/Logo-EOC-1-1536x690.png 1536w, https:\/\/cvalmogaversparc.com\/wp-content\/uploads\/2021\/10\/Logo-EOC-1-2048x920.png 2048w, https:\/\/cvalmogaversparc.com\/wp-content\/uploads\/2021\/10\/Logo-EOC-1-1600x719.png 1600w\" sizes=\"auto, (max-width: 290px) 100vw, 290px\" \/><a href=\"https:\/\/eoc.cat\/auxiliar-de-veterinaria\/\"><strong>ESCOLA D&#8217;OFICIS DE CATALUNYA &#8211;<\/strong><\/a> We are also collaborating center in the Escola d&#8217;Oficis de Catalunya Veterinarian Nurses formation, allowing the <span style=\"font-family: inherit; font-size: 1rem;\">students that finished their studies to do internships in our centre, learning how is the day in a veterinary clinic, and facilitating their incorporation to a job.&nbsp;&nbsp;<\/span> &nbsp; <a href=\"https:\/\/www.royalcanin.com\/es\" target=\"_blank\" rel=\"noopener noreferrer\"><img loading=\"lazy\" decoding=\"async\" class=\"aligncenter\" src=\"https:\/\/tradetermsrc.com\/es\/banners\/RC\/Kit-Digital_728x90.jpg\" alt=\"Royal Canin\" width=\"728\" height=\"90\"\/><\/a><\/p>\n","protected":false},"excerpt":{"rendered":"<p><img loading=\"lazy\" decoding=\"async\" class=\" wp-image-2401 aligncenter\" src=\"https:\/\/cvalmogaversparc.com\/wp-content\/uploads\/2024\/09\/Isabel.jpg\" alt=\"\" width=\"295\" height=\"284\" srcset=\"https:\/\/cvalmogaversparc.com\/wp-content\/uploads\/2024\/09\/Isabel.jpg 601w, https:\/\/cvalmogaversparc.com\/wp-content\/uploads\/2024\/09\/Isabel-300x289.jpg 300w\" sizes=\"auto, (max-width: 295px) 100vw, 295px\" \/><\/p>\n<p style=\"text-align: center;\"><strong>ISABEL SESERAS<\/strong>&nbsp;<\/p>\n<p style=\"text-align: center;... \n\n","protected":false},"author":1,"featured_media":0,"parent":1048,"menu_order":0,"comment_status":"closed","ping_status":"closed","template":"","meta":{"pgc_meta":"","ngg_post_thumbnail":0,"_joinchat":[],"footnotes":""},"class_list":["post-356","page","type-page","status-publish","hentry"],"pgc_meta":"","yoast_head":"<!-- This site is optimized with the Yoast SEO plugin v21.4 - https:\/\/yoast.com\/wordpress\/plugins\/seo\/ -->\n<title>TEAM<\/title>\n<meta name=\"description\" content=\"ISABEL SESERAS&nbsp;\" \/>\n<meta name=\"robots\" content=\"index, follow, max-snippet:-1, max-image-preview:large, max-video-preview:-1\" \/>\n<link rel=\"canonical\" href=\"https:\/\/cvalmogaversparc.com\/la-clinica\/equip\" \/>\n<meta property=\"og:locale\" content=\"ca_ES\" \/>\n<meta property=\"og:type\" content=\"article\" \/>\n<meta property=\"og:title\" content=\"TEAM\" \/>\n<meta property=\"og:description\" content=\"ISABEL SESERAS&nbsp;\" \/>\n<meta property=\"og:url\" content=\"https:\/\/cvalmogaversparc.com\/la-clinica\/equip\" \/>\n<meta property=\"og:site_name\" content=\"Cl\u00ednica Veterin\u00e0ria Almog\u00e0vers Parc\" \/>\n<meta property=\"article:publisher\" content=\"https:\/\/www.facebook.com\/cvetalmogaversparc\/\" \/>\n<meta property=\"article:modified_time\" content=\"2024-09-24T09:09:00+00:00\" \/>\n<meta property=\"og:image\" content=\"https:\/\/cvalmogaversparc.com\/wp-content\/uploads\/2024\/09\/Isabel.jpg\" \/>\n<meta name=\"twitter:card\" content=\"summary_large_image\" \/>\n<meta name=\"twitter:label1\" content=\"Temps estimat de lectura\" \/>\n\t<meta name=\"twitter:data1\" content=\"4 minuts\" \/>\n<script type=\"application\/ld+json\" class=\"yoast-schema-graph\">{\"@context\":\"https:\/\/schema.org\",\"@graph\":[{\"@type\":\"WebPage\",\"@id\":\"https:\/\/cvalmogaversparc.com\/la-clinica\/equip\",\"url\":\"https:\/\/cvalmogaversparc.com\/la-clinica\/equip\",\"name\":\"EL NOSTRE EQUIP - Cl\u00ednica Veterin\u00e0ria Almog\u00e0vers Parc\",\"isPartOf\":{\"@id\":\"https:\/\/cvalmogaversparc.com\/es_ES\/#website\"},\"datePublished\":\"2019-02-25T20:35:43+00:00\",\"dateModified\":\"2024-09-24T09:09:00+00:00\",\"description\":\"Qui t'atendr\u00e0\",\"breadcrumb\":{\"@id\":\"https:\/\/cvalmogaversparc.com\/la-clinica\/equip#breadcrumb\"},\"inLanguage\":\"ca\",\"potentialAction\":[{\"@type\":\"ReadAction\",\"target\":[\"https:\/\/cvalmogaversparc.com\/la-clinica\/equip\"]}]},{\"@type\":\"BreadcrumbList\",\"@id\":\"https:\/\/cvalmogaversparc.com\/la-clinica\/equip#breadcrumb\",\"itemListElement\":[{\"@type\":\"ListItem\",\"position\":1,\"name\":\"Portada\",\"item\":\"https:\/\/cvalmogaversparc.com\/\"},{\"@type\":\"ListItem\",\"position\":2,\"name\":\"LA CL\u00cdNICA\",\"item\":\"https:\/\/cvalmogaversparc.com\/es_ES\/la-clinica\"},{\"@type\":\"ListItem\",\"position\":3,\"name\":\"TEAM\"}]},{\"@type\":\"WebSite\",\"@id\":\"https:\/\/cvalmogaversparc.com\/es_ES\/#website\",\"url\":\"https:\/\/cvalmogaversparc.com\/es_ES\/\",\"name\":\"Cl\u00ednica Veterin\u00e0ria Almog\u00e0vers Parc\",\"description\":\"Un m\u00e9s de la fam\u00edlia\",\"publisher\":{\"@id\":\"https:\/\/cvalmogaversparc.com\/es_ES\/#organization\"},\"potentialAction\":[{\"@type\":\"SearchAction\",\"target\":{\"@type\":\"EntryPoint\",\"urlTemplate\":\"https:\/\/cvalmogaversparc.com\/es_ES\/?s={search_term_string}\"},\"query-input\":\"required name=search_term_string\"}],\"inLanguage\":\"ca\"},{\"@type\":\"Organization\",\"@id\":\"https:\/\/cvalmogaversparc.com\/es_ES\/#organization\",\"name\":\"Cl\u00ednica Veterin\u00e0ria Almog\u00e0vers Parc\",\"url\":\"https:\/\/cvalmogaversparc.com\/es_ES\/\",\"logo\":{\"@type\":\"ImageObject\",\"inLanguage\":\"ca\",\"@id\":\"https:\/\/cvalmogaversparc.com\/es_ES\/#\/schema\/logo\/image\/\",\"url\":\"https:\/\/cvalmogaversparc.com\/wp-content\/uploads\/2019\/02\/img064.jpg\",\"contentUrl\":\"https:\/\/cvalmogaversparc.com\/wp-content\/uploads\/2019\/02\/img064.jpg\",\"width\":3509,\"height\":2481,\"caption\":\"Cl\u00ednica Veterin\u00e0ria Almog\u00e0vers Parc\"},\"image\":{\"@id\":\"https:\/\/cvalmogaversparc.com\/es_ES\/#\/schema\/logo\/image\/\"},\"sameAs\":[\"https:\/\/www.facebook.com\/cvetalmogaversparc\/\",\"https:\/\/www.instagram.com\/cvetalmogaversparc\/\"]}]}<\/script>\n<!-- \/ Yoast SEO plugin. -->","yoast_head_json":{"title":"TEAM","description":"ISABEL SESERAS&nbsp;","robots":{"index":"index","follow":"follow","max-snippet":"max-snippet:-1","max-image-preview":"max-image-preview:large","max-video-preview":"max-video-preview:-1"},"canonical":"https:\/\/cvalmogaversparc.com\/la-clinica\/equip","og_locale":"ca_ES","og_type":"article","og_title":"TEAM","og_description":"ISABEL SESERAS&nbsp;","og_url":"https:\/\/cvalmogaversparc.com\/la-clinica\/equip","og_site_name":"Cl\u00ednica Veterin\u00e0ria Almog\u00e0vers Parc","article_publisher":"https:\/\/www.facebook.com\/cvetalmogaversparc\/","article_modified_time":"2024-09-24T09:09:00+00:00","og_image":[{"url":"https:\/\/cvalmogaversparc.com\/wp-content\/uploads\/2024\/09\/Isabel.jpg"}],"twitter_card":"summary_large_image","twitter_misc":{"Temps estimat de lectura":"4 minuts"},"schema":{"@context":"https:\/\/schema.org","@graph":[{"@type":"WebPage","@id":"https:\/\/cvalmogaversparc.com\/la-clinica\/equip","url":"https:\/\/cvalmogaversparc.com\/la-clinica\/equip","name":"EL NOSTRE EQUIP - Cl\u00ednica Veterin\u00e0ria Almog\u00e0vers Parc","isPartOf":{"@id":"https:\/\/cvalmogaversparc.com\/es_ES\/#website"},"datePublished":"2019-02-25T20:35:43+00:00","dateModified":"2024-09-24T09:09:00+00:00","description":"Qui t'atendr\u00e0","breadcrumb":{"@id":"https:\/\/cvalmogaversparc.com\/la-clinica\/equip#breadcrumb"},"inLanguage":"ca","potentialAction":[{"@type":"ReadAction","target":["https:\/\/cvalmogaversparc.com\/la-clinica\/equip"]}]},{"@type":"BreadcrumbList","@id":"https:\/\/cvalmogaversparc.com\/la-clinica\/equip#breadcrumb","itemListElement":[{"@type":"ListItem","position":1,"name":"Portada","item":"https:\/\/cvalmogaversparc.com\/"},{"@type":"ListItem","position":2,"name":"LA CL\u00cdNICA","item":"https:\/\/cvalmogaversparc.com\/es_ES\/la-clinica"},{"@type":"ListItem","position":3,"name":"TEAM"}]},{"@type":"WebSite","@id":"https:\/\/cvalmogaversparc.com\/es_ES\/#website","url":"https:\/\/cvalmogaversparc.com\/es_ES\/","name":"Cl\u00ednica Veterin\u00e0ria Almog\u00e0vers Parc","description":"Un m\u00e9s de la fam\u00edlia","publisher":{"@id":"https:\/\/cvalmogaversparc.com\/es_ES\/#organization"},"potentialAction":[{"@type":"SearchAction","target":{"@type":"EntryPoint","urlTemplate":"https:\/\/cvalmogaversparc.com\/es_ES\/?s={search_term_string}"},"query-input":"required name=search_term_string"}],"inLanguage":"ca"},{"@type":"Organization","@id":"https:\/\/cvalmogaversparc.com\/es_ES\/#organization","name":"Cl\u00ednica Veterin\u00e0ria Almog\u00e0vers Parc","url":"https:\/\/cvalmogaversparc.com\/es_ES\/","logo":{"@type":"ImageObject","inLanguage":"ca","@id":"https:\/\/cvalmogaversparc.com\/es_ES\/#\/schema\/logo\/image\/","url":"https:\/\/cvalmogaversparc.com\/wp-content\/uploads\/2019\/02\/img064.jpg","contentUrl":"https:\/\/cvalmogaversparc.com\/wp-content\/uploads\/2019\/02\/img064.jpg","width":3509,"height":2481,"caption":"Cl\u00ednica Veterin\u00e0ria Almog\u00e0vers Parc"},"image":{"@id":"https:\/\/cvalmogaversparc.com\/es_ES\/#\/schema\/logo\/image\/"},"sameAs":["https:\/\/www.facebook.com\/cvetalmogaversparc\/","https:\/\/www.instagram.com\/cvetalmogaversparc\/"]}]}},"_links":{"self":[{"href":"https:\/\/cvalmogaversparc.com\/en_GB\/wp-json\/wp\/v2\/pages\/356","targetHints":{"allow":["GET"]}}],"collection":[{"href":"https:\/\/cvalmogaversparc.com\/en_GB\/wp-json\/wp\/v2\/pages"}],"about":[{"href":"https:\/\/cvalmogaversparc.com\/en_GB\/wp-json\/wp\/v2\/types\/page"}],"author":[{"embeddable":true,"href":"https:\/\/cvalmogaversparc.com\/en_GB\/wp-json\/wp\/v2\/users\/1"}],"replies":[{"embeddable":true,"href":"https:\/\/cvalmogaversparc.com\/en_GB\/wp-json\/wp\/v2\/comments?post=356"}],"version-history":[{"count":362,"href":"https:\/\/cvalmogaversparc.com\/en_GB\/wp-json\/wp\/v2\/pages\/356\/revisions"}],"predecessor-version":[{"id":2431,"href":"https:\/\/cvalmogaversparc.com\/en_GB\/wp-json\/wp\/v2\/pages\/356\/revisions\/2431"}],"up":[{"embeddable":true,"href":"https:\/\/cvalmogaversparc.com\/en_GB\/wp-json\/wp\/v2\/pages\/1048"}],"wp:attachment":[{"href":"https:\/\/cvalmogaversparc.com\/en_GB\/wp-json\/wp\/v2\/media?parent=356"}],"curies":[{"name":"wp","href":"https:\/\/api.w.org\/{rel}","templated":true}]}}