{"id":1671,"date":"2021-06-09T15:59:10","date_gmt":"2021-06-09T15:59:10","guid":{"rendered":"https:\/\/cvalmogaversparc.com\/?page_id=1671"},"modified":"2024-09-24T09:37:02","modified_gmt":"2024-09-24T09:37:02","slug":"esterilitzacions","status":"publish","type":"page","link":"https:\/\/cvalmogaversparc.com\/en_GB\/blog\/esterilitzacions","title":{"rendered":"NEUTERING"},"content":{"rendered":"<p>\u2022<strong>JUNIO 2021:&nbsp;<\/strong>Esterilizaciones: &#8211;<em>\u00bfQu\u00e9 es esterilizar a un animal?<\/em> Es extraerle quir\u00fargicamente los test\u00edculos en el caso de los machos (castraci\u00f3n), y el \u00fatero y los ovarios en el caso de las hembras. &nbsp;<\/p>\n<div class=\"row align-items-center\">\n<div class=\"col-12 col-md-6\">&#8211;<em>\u00bfA qu\u00e9 edad se puede hacer? <\/em> &nbsp; &nbsp; &nbsp;En los <strong>gatos machos<\/strong> se puede realizar a partir de los 5-6 meses, que es cuando empiezan con la&nbsp; &nbsp; &nbsp; &nbsp; &nbsp;pubertad y el marcaje con orina. &nbsp; &nbsp; &nbsp;En las <strong>gatas&nbsp;<\/strong>se realiza <strong>antes del primer celo<\/strong>, que aparece alrededor de los 5-6 meses. &nbsp; &nbsp; &nbsp;En los <strong>perros machos<\/strong> se puede hacer a partir de los 6-9 meses de edad. &nbsp; &nbsp; &nbsp;En las <strong>perras&nbsp;<\/strong>se realiza <strong>antes del primer celo<\/strong>, que aparece alrededor de los 6 meses de edad. &nbsp;<\/div>\n<p>&#8211;<em>\u00bfPor qu\u00e9 antes del primer celo?<\/em> Porque al operar en este momento se reduce la posibilidad de tener cancer de mama de adulta a pr\u00e1cticamente el 0%. &nbsp;<\/p>\n<p style=\"box-sizing: border-box; margin: 0px 0px 1rem; padding: 0px; font-family: Georgia, serif; font-weight: normal; font-size: 16px; line-height: 1.6; text-rendering: optimizelegibility;\"><img loading=\"lazy\" decoding=\"async\" class=\"alignnone size-large wp-image-1571\" style=\"box-sizing: border-box; height: auto; max-width: 100%; border-style: none; float: none; display: block; margin-bottom: 1rem; text-align: center;\" src=\"https:\/\/cvalmogaversparc.com\/wp-content\/uploads\/2021\/06\/WhatsApp-Image-2021-06-02-at-16.35.46-1024x1024.jpeg\" alt=\"\" width=\"688\" height=\"688\" srcset=\"https:\/\/cvalmogaversparc.com\/wp-content\/uploads\/2021\/06\/WhatsApp-Image-2021-06-02-at-16.35.46-1024x1024.jpeg 1024w, https:\/\/cvalmogaversparc.com\/wp-content\/uploads\/2021\/06\/WhatsApp-Image-2021-06-02-at-16.35.46-300x300.jpeg 300w, https:\/\/cvalmogaversparc.com\/wp-content\/uploads\/2021\/06\/WhatsApp-Image-2021-06-02-at-16.35.46-150x150.jpeg 150w, https:\/\/cvalmogaversparc.com\/wp-content\/uploads\/2021\/06\/WhatsApp-Image-2021-06-02-at-16.35.46-768x768.jpeg 768w, https:\/\/cvalmogaversparc.com\/wp-content\/uploads\/2021\/06\/WhatsApp-Image-2021-06-02-at-16.35.46.jpeg 1080w\" sizes=\"auto, (max-width: 688px) 100vw, 688px\" \/><\/p>\n<div class=\"col-12 col-md-6\">&#8211;<em>\u00bfQu\u00e9 cuidados necesita tu perro o gato una vez esterilizado?<\/em> &nbsp; &nbsp;*El d\u00eda en que se ha realizado la intervenci\u00f3n el animal estar\u00e1 m\u00e1s tranquilo de lo normal. Es importante <strong>dejarle descansar<\/strong>. &nbsp; *A partir del d\u00eda siguiente tu perro o gato necesitar\u00e1 <strong>medicaci\u00f3n<\/strong> (tu veterinario te indicar\u00e1 las pautas) <strong>y curas de la herida<\/strong>. &nbsp; *Es importante <strong>que no se laman<\/strong> la zona quir\u00fargica para evitar que se abran o infecten los puntos. Para ello utilizaremos un <strong>collar isabelino<\/strong> para que la herida est\u00e9 al aire libre, pero manteniendo los puntos lejos del alcance del animal. &nbsp; *Los <strong>paseos<\/strong> los primeros d\u00edas del postoperatorio ser\u00e1n m\u00e1s <strong>cortos<\/strong> de lo normal para evitar que se abran los puntos internos. &nbsp; *A los <strong>7-10 d\u00edas<\/strong> se realizar\u00e1 una revisi\u00f3n con tu veterinario para asegurar que todo est\u00e1 bien. &nbsp; <em>-\u00bfSe engordan despu\u00e9s de operados?<\/em> Una vez recuperados, volveremos a nuestra rutina normal de paseos y juego con nuestro mejor amigo, \u00fanicamente cambiando su dieta a una <strong>comida para esterilizado<\/strong>, que es menos cal\u00f3rica. De este modo adecuaremos sus necesidades energ\u00e9ticas a su nuevo estado f\u00edsico y no tienen por qu\u00e9 engordar.<\/div>\n<\/div>\n<p><img loading=\"lazy\" decoding=\"async\" class=\"alignnone size-large wp-image-1572\" src=\"https:\/\/cvalmogaversparc.com\/wp-content\/uploads\/2021\/06\/WhatsApp-Image-2021-06-02-at-16.35.47-1024x1024.jpeg\" alt=\"\" width=\"688\" height=\"688\" srcset=\"https:\/\/cvalmogaversparc.com\/wp-content\/uploads\/2021\/06\/WhatsApp-Image-2021-06-02-at-16.35.47-1024x1024.jpeg 1024w, https:\/\/cvalmogaversparc.com\/wp-content\/uploads\/2021\/06\/WhatsApp-Image-2021-06-02-at-16.35.47-300x300.jpeg 300w, https:\/\/cvalmogaversparc.com\/wp-content\/uploads\/2021\/06\/WhatsApp-Image-2021-06-02-at-16.35.47-150x150.jpeg 150w, https:\/\/cvalmogaversparc.com\/wp-content\/uploads\/2021\/06\/WhatsApp-Image-2021-06-02-at-16.35.47-768x768.jpeg 768w, https:\/\/cvalmogaversparc.com\/wp-content\/uploads\/2021\/06\/WhatsApp-Image-2021-06-02-at-16.35.47.jpeg 1080w\" sizes=\"auto, (max-width: 688px) 100vw, 688px\" \/> <strong>PRECIOS FINALES:&nbsp;<\/strong> <strong>-GATOS: Macho 135 \u20ac \/\/ Hembra 175 \u20ac<\/strong> <strong>-PERROS: Macho -10 kg 180 \u20ac<\/strong> <strong>&nbsp; &nbsp; &nbsp; &nbsp; &nbsp; &nbsp; &nbsp; &nbsp; &nbsp; &nbsp; Macho 10-25 kg 205 \u20ac<\/strong> <strong>&nbsp; &nbsp; &nbsp; &nbsp; &nbsp; &nbsp; &nbsp; &nbsp; &nbsp; &nbsp; Macho +25 kg 240 \u20ac<\/strong> <strong>&nbsp; &nbsp; &nbsp; &nbsp; &nbsp; &nbsp; &nbsp; &nbsp; &nbsp; &nbsp; Hembra&nbsp; -10 kg 250 \u20ac<\/strong> <strong>&nbsp; &nbsp; &nbsp; &nbsp; &nbsp; &nbsp; &nbsp; &nbsp; &nbsp; &nbsp; Hembra 10-25 kg 300 \u20ac<\/strong> <strong>&nbsp; &nbsp; &nbsp; &nbsp; &nbsp; &nbsp; &nbsp; &nbsp; &nbsp; &nbsp; Hembra +25 kg 400 \u20ac<\/strong> &nbsp; <strong>Dichos precios incluyen anal\u00edtica preoperatoria OBLIGATORIA BASICA + intervenci\u00f3n + pauta de medicaci\u00f3n + revisi\u00f3n de los puntos + collar isabelino b\u00e1sico seg\u00fan criterio de la cl\u00ednica.<\/strong> Oferta v\u00e1lida del 1 al 30 de Junio del 2021. No acumulable a otras ofertas. En el caso de tener plan de salud, se aplicar\u00e1 el descuento mayor. El precio final variar\u00e1 dependiendo de la especie, raza y peso del animal. Razas braquiocef\u00e1licas con suplemento y radiograf\u00eda tor\u00e1cica previa obligatoria. Imprescindible cita previa seg\u00fan disponibilidad de la cl\u00ednica.<\/p>\n","protected":false},"excerpt":{"rendered":"<p>\u2022<strong>JUNIO 2021:&nbsp;<\/strong>Esterilizaciones: &#8211;<em>\u00bfQu\u00e9 es esterilizar a un animal?<\/em> Es extraerle quir\u00fargicamente los test\u00edculos en el caso de los machos (castraci\u00f3n), y el \u00fatero y los ovarios en el caso de las hembras. &nbsp;<\/p>\n<div c... \n\n","protected":false},"author":1,"featured_media":0,"parent":49,"menu_order":0,"comment_status":"closed","ping_status":"closed","template":"","meta":{"pgc_meta":"","ngg_post_thumbnail":0,"_joinchat":[],"footnotes":""},"class_list":["post-1671","page","type-page","status-publish","hentry"],"pgc_meta":"","yoast_head":"<!-- This site is optimized with the Yoast SEO plugin v21.4 - https:\/\/yoast.com\/wordpress\/plugins\/seo\/ -->\n<title>NEUTERING<\/title>\n<meta name=\"description\" content=\"\u2022JUNIO 2021:&nbsp;Esterilizaciones: -\u00bfQu\u00e9 es esterilizar a un animal? Es extraerle quir\u00fargicamente los test\u00edculos en el caso de los machos (castraci\u00f3n), y el \u00fatero y los ovarios en el caso de las hembras. &nbsp;\" \/>\n<meta name=\"robots\" content=\"index, follow, max-snippet:-1, max-image-preview:large, max-video-preview:-1\" \/>\n<link rel=\"canonical\" href=\"https:\/\/cvalmogaversparc.com\/blog\/esterilitzacions\" \/>\n<meta property=\"og:locale\" content=\"ca_ES\" \/>\n<meta property=\"og:type\" content=\"article\" \/>\n<meta property=\"og:title\" content=\"NEUTERING\" \/>\n<meta property=\"og:description\" content=\"\u2022JUNIO 2021:&nbsp;Esterilizaciones: -\u00bfQu\u00e9 es esterilizar a un animal? Es extraerle quir\u00fargicamente los test\u00edculos en el caso de los machos (castraci\u00f3n), y el \u00fatero y los ovarios en el caso de las hembras. &nbsp;\" \/>\n<meta property=\"og:url\" content=\"https:\/\/cvalmogaversparc.com\/blog\/esterilitzacions\" \/>\n<meta property=\"og:site_name\" content=\"Cl\u00ednica Veterin\u00e0ria Almog\u00e0vers Parc\" \/>\n<meta property=\"article:publisher\" content=\"https:\/\/www.facebook.com\/cvetalmogaversparc\/\" \/>\n<meta property=\"article:modified_time\" content=\"2024-09-24T09:37:02+00:00\" \/>\n<meta property=\"og:image\" content=\"https:\/\/cvalmogaversparc.com\/wp-content\/uploads\/2021\/06\/WhatsApp-Image-2021-06-02-at-16.35.46-1024x1024.jpeg\" \/>\n<meta name=\"twitter:card\" content=\"summary_large_image\" \/>\n<meta name=\"twitter:label1\" content=\"Temps estimat de lectura\" \/>\n\t<meta name=\"twitter:data1\" content=\"3 minuts\" \/>\n<script type=\"application\/ld+json\" class=\"yoast-schema-graph\">{\"@context\":\"https:\/\/schema.org\",\"@graph\":[{\"@type\":\"WebPage\",\"@id\":\"https:\/\/cvalmogaversparc.com\/blog\/esterilitzacions\",\"url\":\"https:\/\/cvalmogaversparc.com\/blog\/esterilitzacions\",\"name\":\"ESTERILITZACIONS - Cl\u00ednica Veterin\u00e0ria Almog\u00e0vers Parc\",\"isPartOf\":{\"@id\":\"https:\/\/cvalmogaversparc.com\/es_ES\/#website\"},\"datePublished\":\"2021-06-09T15:59:10+00:00\",\"dateModified\":\"2024-09-24T09:37:02+00:00\",\"description\":\"ESTERILITZACIONS Cl\u00ednica Veterin\u00e0ria Almog\u00e0vers Parc\",\"breadcrumb\":{\"@id\":\"https:\/\/cvalmogaversparc.com\/blog\/esterilitzacions#breadcrumb\"},\"inLanguage\":\"ca\",\"potentialAction\":[{\"@type\":\"ReadAction\",\"target\":[\"https:\/\/cvalmogaversparc.com\/blog\/esterilitzacions\"]}]},{\"@type\":\"BreadcrumbList\",\"@id\":\"https:\/\/cvalmogaversparc.com\/blog\/esterilitzacions#breadcrumb\",\"itemListElement\":[{\"@type\":\"ListItem\",\"position\":1,\"name\":\"Portada\",\"item\":\"https:\/\/cvalmogaversparc.com\/\"},{\"@type\":\"ListItem\",\"position\":2,\"name\":\"BLOG\",\"item\":\"https:\/\/cvalmogaversparc.com\/es_ES\/blog\"},{\"@type\":\"ListItem\",\"position\":3,\"name\":\"ESTERILITZACIONS\"}]},{\"@type\":\"WebSite\",\"@id\":\"https:\/\/cvalmogaversparc.com\/es_ES\/#website\",\"url\":\"https:\/\/cvalmogaversparc.com\/es_ES\/\",\"name\":\"Cl\u00ednica Veterin\u00e0ria Almog\u00e0vers Parc\",\"description\":\"Un m\u00e9s de la fam\u00edlia\",\"publisher\":{\"@id\":\"https:\/\/cvalmogaversparc.com\/es_ES\/#organization\"},\"potentialAction\":[{\"@type\":\"SearchAction\",\"target\":{\"@type\":\"EntryPoint\",\"urlTemplate\":\"https:\/\/cvalmogaversparc.com\/es_ES\/?s={search_term_string}\"},\"query-input\":\"required name=search_term_string\"}],\"inLanguage\":\"ca\"},{\"@type\":\"Organization\",\"@id\":\"https:\/\/cvalmogaversparc.com\/es_ES\/#organization\",\"name\":\"Cl\u00ednica Veterin\u00e0ria Almog\u00e0vers Parc\",\"url\":\"https:\/\/cvalmogaversparc.com\/es_ES\/\",\"logo\":{\"@type\":\"ImageObject\",\"inLanguage\":\"ca\",\"@id\":\"https:\/\/cvalmogaversparc.com\/es_ES\/#\/schema\/logo\/image\/\",\"url\":\"https:\/\/cvalmogaversparc.com\/wp-content\/uploads\/2019\/02\/img064.jpg\",\"contentUrl\":\"https:\/\/cvalmogaversparc.com\/wp-content\/uploads\/2019\/02\/img064.jpg\",\"width\":3509,\"height\":2481,\"caption\":\"Cl\u00ednica Veterin\u00e0ria Almog\u00e0vers Parc\"},\"image\":{\"@id\":\"https:\/\/cvalmogaversparc.com\/es_ES\/#\/schema\/logo\/image\/\"},\"sameAs\":[\"https:\/\/www.facebook.com\/cvetalmogaversparc\/\",\"https:\/\/www.instagram.com\/cvetalmogaversparc\/\"]}]}<\/script>\n<!-- \/ Yoast SEO plugin. -->","yoast_head_json":{"title":"NEUTERING","description":"\u2022JUNIO 2021:&nbsp;Esterilizaciones: -\u00bfQu\u00e9 es esterilizar a un animal? Es extraerle quir\u00fargicamente los test\u00edculos en el caso de los machos (castraci\u00f3n), y el \u00fatero y los ovarios en el caso de las hembras. &nbsp;","robots":{"index":"index","follow":"follow","max-snippet":"max-snippet:-1","max-image-preview":"max-image-preview:large","max-video-preview":"max-video-preview:-1"},"canonical":"https:\/\/cvalmogaversparc.com\/blog\/esterilitzacions","og_locale":"ca_ES","og_type":"article","og_title":"NEUTERING","og_description":"\u2022JUNIO 2021:&nbsp;Esterilizaciones: -\u00bfQu\u00e9 es esterilizar a un animal? Es extraerle quir\u00fargicamente los test\u00edculos en el caso de los machos (castraci\u00f3n), y el \u00fatero y los ovarios en el caso de las hembras. &nbsp;","og_url":"https:\/\/cvalmogaversparc.com\/blog\/esterilitzacions","og_site_name":"Cl\u00ednica Veterin\u00e0ria Almog\u00e0vers Parc","article_publisher":"https:\/\/www.facebook.com\/cvetalmogaversparc\/","article_modified_time":"2024-09-24T09:37:02+00:00","og_image":[{"url":"https:\/\/cvalmogaversparc.com\/wp-content\/uploads\/2021\/06\/WhatsApp-Image-2021-06-02-at-16.35.46-1024x1024.jpeg"}],"twitter_card":"summary_large_image","twitter_misc":{"Temps estimat de lectura":"3 minuts"},"schema":{"@context":"https:\/\/schema.org","@graph":[{"@type":"WebPage","@id":"https:\/\/cvalmogaversparc.com\/blog\/esterilitzacions","url":"https:\/\/cvalmogaversparc.com\/blog\/esterilitzacions","name":"ESTERILITZACIONS - Cl\u00ednica Veterin\u00e0ria Almog\u00e0vers Parc","isPartOf":{"@id":"https:\/\/cvalmogaversparc.com\/es_ES\/#website"},"datePublished":"2021-06-09T15:59:10+00:00","dateModified":"2024-09-24T09:37:02+00:00","description":"ESTERILITZACIONS Cl\u00ednica Veterin\u00e0ria Almog\u00e0vers Parc","breadcrumb":{"@id":"https:\/\/cvalmogaversparc.com\/blog\/esterilitzacions#breadcrumb"},"inLanguage":"ca","potentialAction":[{"@type":"ReadAction","target":["https:\/\/cvalmogaversparc.com\/blog\/esterilitzacions"]}]},{"@type":"BreadcrumbList","@id":"https:\/\/cvalmogaversparc.com\/blog\/esterilitzacions#breadcrumb","itemListElement":[{"@type":"ListItem","position":1,"name":"Portada","item":"https:\/\/cvalmogaversparc.com\/"},{"@type":"ListItem","position":2,"name":"BLOG","item":"https:\/\/cvalmogaversparc.com\/es_ES\/blog"},{"@type":"ListItem","position":3,"name":"ESTERILITZACIONS"}]},{"@type":"WebSite","@id":"https:\/\/cvalmogaversparc.com\/es_ES\/#website","url":"https:\/\/cvalmogaversparc.com\/es_ES\/","name":"Cl\u00ednica Veterin\u00e0ria Almog\u00e0vers Parc","description":"Un m\u00e9s de la fam\u00edlia","publisher":{"@id":"https:\/\/cvalmogaversparc.com\/es_ES\/#organization"},"potentialAction":[{"@type":"SearchAction","target":{"@type":"EntryPoint","urlTemplate":"https:\/\/cvalmogaversparc.com\/es_ES\/?s={search_term_string}"},"query-input":"required name=search_term_string"}],"inLanguage":"ca"},{"@type":"Organization","@id":"https:\/\/cvalmogaversparc.com\/es_ES\/#organization","name":"Cl\u00ednica Veterin\u00e0ria Almog\u00e0vers Parc","url":"https:\/\/cvalmogaversparc.com\/es_ES\/","logo":{"@type":"ImageObject","inLanguage":"ca","@id":"https:\/\/cvalmogaversparc.com\/es_ES\/#\/schema\/logo\/image\/","url":"https:\/\/cvalmogaversparc.com\/wp-content\/uploads\/2019\/02\/img064.jpg","contentUrl":"https:\/\/cvalmogaversparc.com\/wp-content\/uploads\/2019\/02\/img064.jpg","width":3509,"height":2481,"caption":"Cl\u00ednica Veterin\u00e0ria Almog\u00e0vers Parc"},"image":{"@id":"https:\/\/cvalmogaversparc.com\/es_ES\/#\/schema\/logo\/image\/"},"sameAs":["https:\/\/www.facebook.com\/cvetalmogaversparc\/","https:\/\/www.instagram.com\/cvetalmogaversparc\/"]}]}},"_links":{"self":[{"href":"https:\/\/cvalmogaversparc.com\/en_GB\/wp-json\/wp\/v2\/pages\/1671","targetHints":{"allow":["GET"]}}],"collection":[{"href":"https:\/\/cvalmogaversparc.com\/en_GB\/wp-json\/wp\/v2\/pages"}],"about":[{"href":"https:\/\/cvalmogaversparc.com\/en_GB\/wp-json\/wp\/v2\/types\/page"}],"author":[{"embeddable":true,"href":"https:\/\/cvalmogaversparc.com\/en_GB\/wp-json\/wp\/v2\/users\/1"}],"replies":[{"embeddable":true,"href":"https:\/\/cvalmogaversparc.com\/en_GB\/wp-json\/wp\/v2\/comments?post=1671"}],"version-history":[{"count":18,"href":"https:\/\/cvalmogaversparc.com\/en_GB\/wp-json\/wp\/v2\/pages\/1671\/revisions"}],"predecessor-version":[{"id":1744,"href":"https:\/\/cvalmogaversparc.com\/en_GB\/wp-json\/wp\/v2\/pages\/1671\/revisions\/1744"}],"up":[{"embeddable":true,"href":"https:\/\/cvalmogaversparc.com\/en_GB\/wp-json\/wp\/v2\/pages\/49"}],"wp:attachment":[{"href":"https:\/\/cvalmogaversparc.com\/en_GB\/wp-json\/wp\/v2\/media?parent=1671"}],"curies":[{"name":"wp","href":"https:\/\/api.w.org\/{rel}","templated":true}]}}