{"id":126,"date":"2019-02-04T19:23:42","date_gmt":"2019-02-04T19:23:42","guid":{"rendered":"http:\/\/cvalmogaversparc.com\/?page_id=126"},"modified":"2024-09-24T09:48:12","modified_gmt":"2024-09-24T09:48:12","slug":"inici","status":"publish","type":"page","link":"https:\/\/cvalmogaversparc.com\/en_GB\/","title":{"rendered":"HOME"},"content":{"rendered":"\t<style>\n\t#sr-slider-313 .sr-image {\n\t  margin: 5px;\n\t}\n\t#sr-slider-313 .sr-image img {\n\t  display: block;\n\t  width: 100%;\n\t  height: auto;\n\t}\n\t#sr-slider-313 .sr-title {\n\t\ttext-align: center;\n\t\tfont-weight: bolder;\n\t}\n\t#sr-slider-313 .sr-desc {\n\t\ttext-align: center;\n\t}\n\t#sr-slider-313 .sr-image .sr-link {\n\t\ttext-align: center;\n\t}\n\t\t<\/style>\n\t\t<!-- HTML Script Part Start From Here-->\n\t<script>\n\tjQuery(document).ready(function() {\n\t   jQuery(\"#sr-slider-313\").owlCarousel({ \n\t\t\t\/\/ Most important owl features\n\t\t\titems : 3,\n\n\t\t\t\/\/Basic Speeds\n\t\t\tslideSpeed : 400,\n\t\t\tpaginationSpeed : 400,\n\t\t\trewindSpeed : 800,\n\n\t\t\t\/\/Autoplay\n\t\t\tautoPlay : true,\n\t\t \n\t\t\t\/\/ Navigation\n\t\t\tnavigation : true,\n\t\t\tnavigationText : [\"Anterior\",\"Seg\u00fcent\"],\n\t\t\trewindNav : true,\n\t \n\t\t\t\/\/ Responsive \n\t\t\tresponsive: true,\n\t\t\tresponsiveRefreshRate : 200,\n\t\t\tresponsiveBaseWidth: window,\n\t\t \n\t\t\t\/\/ CSS Styles\n\t\t\tbaseClass : \"owl-carousel\",\n\t\t\ttheme : \"owl-theme\",\n\t\t \n\t\t\t\/\/Auto height\n\t\t\tautoHeight : true,\n\t\t \n\t\t\t\/\/Mouse Events\n\t\t\tdragBeforeAnimFinish : true,\n\t\t\tmouseDrag : true,\n\t\t\ttouchDrag : true,\n\t\t \n\t\t\t\/\/Transitions\n\t\t\ttransitionStyle : \"fade\",\n\t\t});\n\t});\n\t<\/script>\n\t\t\t<div id=\"sr-slider-313\">\n\t\t\t\t\t\t\t\t<div class=\"sr-image\">\n\t\t\t\t\t\t\t\t\t\t\t\t\t<img decoding=\"async\" class=\"lazyOwl\" src=\"https:\/\/cvalmogaversparc.com\/wp-content\/uploads\/2020\/03\/DSC_0436-e1612455281533.jpg\" alt=\"RECEPCI\u00d3N\">\n\t\t\t\t\t\t\t\t\t\t\t\t\n\t\t\t\t\t\t<!--Text Below Slide-->\n\t\t\t\t\t\t\t\t\t\t\t\t<div class=\"sr-title\">RECEPCI\u00d3N<\/div>\n\t\t\t\t\t\t\t\t\t\t\t\t\n\t\t\t\t\t\t\t\t\t\t\t\t\n\t\t\t\t\t\t\t\t\t\t\t\t<!--Text Below Slide-->\n\t\t\t\t\t<\/div>\n\t\t\t\t\t\t\t\t\t\t<div class=\"sr-image\">\n\t\t\t\t\t\t\t\t\t\t\t\t\t<img decoding=\"async\" class=\"lazyOwl\" src=\"https:\/\/cvalmogaversparc.com\/wp-content\/uploads\/2019\/02\/DSC05960-e1612457476387.jpg\" alt=\"QUIR\u00d3FANO\">\n\t\t\t\t\t\t\t\t\t\t\t\t\n\t\t\t\t\t\t<!--Text Below Slide-->\n\t\t\t\t\t\t\t\t\t\t\t\t<div class=\"sr-title\">QUIR\u00d3FANO<\/div>\n\t\t\t\t\t\t\t\t\t\t\t\t\n\t\t\t\t\t\t\t\t\t\t\t\t\n\t\t\t\t\t\t\t\t\t\t\t\t<!--Text Below Slide-->\n\t\t\t\t\t<\/div>\n\t\t\t\t\t\t\t\t\t\t<div class=\"sr-image\">\n\t\t\t\t\t\t\t\t\t\t\t\t\t<img decoding=\"async\" class=\"lazyOwl\" src=\"https:\/\/cvalmogaversparc.com\/wp-content\/uploads\/2020\/03\/DSC_0099-e1612455501626.jpg\" alt=\"TIENDA ESPECIALIZADA\">\n\t\t\t\t\t\t\t\t\t\t\t\t\n\t\t\t\t\t\t<!--Text Below Slide-->\n\t\t\t\t\t\t\t\t\t\t\t\t<div class=\"sr-title\">TIENDA ESPECIALIZADA<\/div>\n\t\t\t\t\t\t\t\t\t\t\t\t\n\t\t\t\t\t\t\t\t\t\t\t\t\n\t\t\t\t\t\t\t\t\t\t\t\t<!--Text Below Slide-->\n\t\t\t\t\t<\/div>\n\t\t\t\t\t\t\t\t\t\t<div class=\"sr-image\">\n\t\t\t\t\t\t\t\t\t\t\t\t\t<img decoding=\"async\" class=\"lazyOwl\" src=\"https:\/\/cvalmogaversparc.com\/wp-content\/uploads\/2021\/06\/Vet84-scaled.jpg\" alt=\"RADIOLOG\u00cdA\">\n\t\t\t\t\t\t\t\t\t\t\t\t\n\t\t\t\t\t\t<!--Text Below Slide-->\n\t\t\t\t\t\t\t\t\t\t\t\t<div class=\"sr-title\">RADIOLOG\u00cdA<\/div>\n\t\t\t\t\t\t\t\t\t\t\t\t\n\t\t\t\t\t\t\t\t\t\t\t\t\n\t\t\t\t\t\t\t\t\t\t\t\t<!--Text Below Slide-->\n\t\t\t\t\t<\/div>\n\t\t\t\t\t\t\t\t\t\t<div class=\"sr-image\">\n\t\t\t\t\t\t\t\t\t\t\t\t\t<img decoding=\"async\" class=\"lazyOwl\" src=\"https:\/\/cvalmogaversparc.com\/wp-content\/uploads\/2021\/06\/DSC_0169-scaled.jpg\" alt=\"LABORATORIO\">\n\t\t\t\t\t\t\t\t\t\t\t\t\n\t\t\t\t\t\t<!--Text Below Slide-->\n\t\t\t\t\t\t\t\t\t\t\t\t<div class=\"sr-title\">LABORATORIO<\/div>\n\t\t\t\t\t\t\t\t\t\t\t\t\n\t\t\t\t\t\t\t\t\t\t\t\t\n\t\t\t\t\t\t\t\t\t\t\t\t<!--Text Below Slide-->\n\t\t\t\t\t<\/div>\n\t\t\t\t\t\t\t\t\t\t<div class=\"sr-image\">\n\t\t\t\t\t\t\t\t\t\t\t\t\t<img decoding=\"async\" class=\"lazyOwl\" src=\"https:\/\/cvalmogaversparc.com\/wp-content\/uploads\/2020\/03\/DSC_0004-e1612455563723.jpg\" alt=\"CONSULTAS INFERIORES\">\n\t\t\t\t\t\t\t\t\t\t\t\t\n\t\t\t\t\t\t<!--Text Below Slide-->\n\t\t\t\t\t\t\t\t\t\t\t\t<div class=\"sr-title\">CONSULTAS INFERIORES<\/div>\n\t\t\t\t\t\t\t\t\t\t\t\t\n\t\t\t\t\t\t\t\t\t\t\t\t\n\t\t\t\t\t\t\t\t\t\t\t\t<!--Text Below Slide-->\n\t\t\t\t\t<\/div>\n\t\t\t\t\t\t\t\t\t\t<div class=\"sr-image\">\n\t\t\t\t\t\t\t\t\t\t\t\t\t<img decoding=\"async\" class=\"lazyOwl\" src=\"https:\/\/cvalmogaversparc.com\/wp-content\/uploads\/2021\/06\/Vet83-scaled.jpg\" alt=\"OFTALMOLOG\u00cdA\">\n\t\t\t\t\t\t\t\t\t\t\t\t\n\t\t\t\t\t\t<!--Text Below Slide-->\n\t\t\t\t\t\t\t\t\t\t\t\t<div class=\"sr-title\">OFTALMOLOG\u00cdA<\/div>\n\t\t\t\t\t\t\t\t\t\t\t\t\n\t\t\t\t\t\t\t\t\t\t\t\t\n\t\t\t\t\t\t\t\t\t\t\t\t<!--Text Below Slide-->\n\t\t\t\t\t<\/div>\n\t\t\t\t\t\t\t\t\t\t<div class=\"sr-image\">\n\t\t\t\t\t\t\t\t\t\t\t\t\t<img decoding=\"async\" class=\"lazyOwl\" src=\"https:\/\/cvalmogaversparc.com\/wp-content\/uploads\/2021\/06\/Vet-59-scaled.jpg\" alt=\"HOSPITALIZACI\u00d3N DE D\u00cdA\">\n\t\t\t\t\t\t\t\t\t\t\t\t\n\t\t\t\t\t\t<!--Text Below Slide-->\n\t\t\t\t\t\t\t\t\t\t\t\t<div class=\"sr-title\">HOSPITALIZACI\u00d3N DE D\u00cdA<\/div>\n\t\t\t\t\t\t\t\t\t\t\t\t\n\t\t\t\t\t\t\t\t\t\t\t\t\n\t\t\t\t\t\t\t\t\t\t\t\t<!--Text Below Slide-->\n\t\t\t\t\t<\/div>\n\t\t\t\t\t\t\t<\/div>\n\t\t\r\n<p>&nbsp;<\/p>\r\n<p><img loading=\"lazy\" decoding=\"async\" class=\"wp-image-860 alignleft\" src=\"http:\/\/cvalmogaversparc.com\/wp-content\/uploads\/2020\/03\/ENTRADA_MOD-1010x1024.jpg\" alt=\"\" width=\"300\" height=\"303\"\/><\/p>\r\n<p>Cl\u00ednica Veterin\u00e0ria Almog\u00e0vers Parc is located in Barcelona, in the Fort Pienc neighbourhood, just in front of the <a href=\"https:\/\/cvalmogaversparc.com\/en_GB\/contacte\">Estaci\u00f3 del Nord parc<\/a>. At it, we offer a close and quality service to ensure your animals health.<\/p>\r\n<p><strong>CONTACT US: &nbsp;Calle Almog\u00e0vers 56, 08018 Barcelona <\/strong><\/p>\r\n<p><strong>&nbsp; &nbsp;<img loading=\"lazy\" decoding=\"async\" class=\"\" style=\"font-family: inherit; font-size: inherit;\" src=\"https:\/\/e7.pngegg.com\/pngimages\/879\/786\/png-clipart-mobile-phones-telephone-call-blackphone-logo-phone-icon-black-and-white-text-monochrome.png\" alt=\"Tel\u00e9fonos m\u00f3viles llamada telef\u00f3nica logotipo de blackphone, icono de tel\u00e9fono blanco y negro, texto, monocromo png | PNGEgg\" width=\"35\" height=\"20\"\/>93 485 30 10&nbsp; &nbsp;<\/strong><\/p>\r\n<p><strong>&nbsp; &nbsp; &nbsp;<img loading=\"lazy\" decoding=\"async\" style=\"font-family: inherit; font-size: inherit;\" src=\"http:\/\/cvalmogaversparc.com\/wp-content\/uploads\/2019\/02\/descarga-150x150.png\" alt=\"\" width=\"20\" height=\"20\"\/> &nbsp;662 207 308&nbsp; <\/strong><\/p>\r\n<p>&nbsp;<\/p>\r\n<p style=\"font-family: Georgia, serif; font-size: 16px;\"><img loading=\"lazy\" decoding=\"async\" class=\"wp-image-862 alignright\" src=\"http:\/\/cvalmogaversparc.com\/wp-content\/uploads\/2020\/03\/DSC_0004-1-scaled.jpg\" alt=\"\" width=\"313\" height=\"208\"\/><\/p>\r\n<p>We dispose of a complete <a href=\"http:\/\/cvalmogaversparc.com\/en_GB\/instal-lacions\">EQUIPMENT<\/a> distributed in two floors where we have three examination romos (one in the upper floor and two in the lower floor), two waiting romos (one for dogs and one only for cats), our own laboratory, radiodiagnostic room, hospitalization and a fully equiped operating room.<br \/><br \/>Our <a href=\"https:\/\/cvalmogaversparc.com\/en_GB\/la-clinica\/equip\">PERSONNEL<\/a> is experienced and qualified to offer the best treatments available in every case. Do you know our <a href=\"https:\/\/cvalmogaversparc.com\/en_GB\/serveis\">SERVICES<\/a>?<\/p>\r\n<p>&nbsp;<\/p>\r\n<p><strong style=\"font-family: inherit; font-size: 1rem;\"><img loading=\"lazy\" decoding=\"async\" class=\" wp-image-2020 aligncenter\" src=\"https:\/\/cvalmogaversparc.com\/wp-content\/uploads\/2021\/10\/webpage-eng.png\" alt=\"\" width=\"542\" height=\"393\" srcset=\"https:\/\/cvalmogaversparc.com\/wp-content\/uploads\/2021\/10\/webpage-eng.png 495w, https:\/\/cvalmogaversparc.com\/wp-content\/uploads\/2021\/10\/webpage-eng-300x218.png 300w\" sizes=\"auto, (max-width: 542px) 100vw, 542px\" \/><\/strong><\/p>\r\n<p>We have got personalized <a href=\"https:\/\/cvalmogaversparc.com\/plans-de-salut\">HEALTH PLANS<\/a> depending on your animal\u2019s needs to make sure they have the best attention&nbsp;at an affordable price.<\/p>\r\n<p><img loading=\"lazy\" decoding=\"async\" class=\"wp-image-822 alignleft\" src=\"http:\/\/cvalmogaversparc.com\/wp-content\/uploads\/2020\/03\/DSC_0426.jpg\" alt=\"\" width=\"311\" height=\"206\"\/><\/p>\r\n<p><img loading=\"lazy\" decoding=\"async\" class=\"wp-image-851 alignright\" src=\"http:\/\/cvalmogaversparc.com\/wp-content\/uploads\/2020\/03\/DSC_0044-1024x680.jpg\" alt=\"\" width=\"313\" height=\"208\"\/><\/p>\r\n<p>&nbsp;<\/p>\r\n<p>&nbsp;<\/p>\r\n<p>&nbsp;<\/p>\r\n<p>&nbsp;<\/p>\r\n<p>Do you know our <a href=\"https:\/\/cvalmogaversparc.com\/blog\">BLOG<\/a>? We inform you periodically about all you have to know about your pet!<\/p>\r\n<p>Do you have any doubts about your pets health? <a href=\"https:\/\/cvalmogaversparc.com\/contacte\">CALL OR VISIT US<\/a> and we will advise you about anything you need!<\/p>\r\n<p><img loading=\"lazy\" decoding=\"async\" class=\"size-large wp-image-887 aligncenter\" style=\"font-family: inherit; font-size: 1rem;\" src=\"http:\/\/cvalmogaversparc.com\/wp-content\/uploads\/2020\/03\/DSC_0359_mod-1024x500.jpg\" alt=\"\" width=\"688\" height=\"336\"\/><\/p>\r\n<hr \/>\r\n<p><a href=\"https:\/\/www.royalcanin.com\/es\" target=\"_blank\" rel=\"noopener noreferrer\"><img loading=\"lazy\" decoding=\"async\" src=\"https:\/\/tradetermsrc.com\/es\/banners\/RC\/Kit-Digital_728x90.jpg\" alt=\"Royal Canin\" width=\"728\" height=\"90\"\/><\/a><\/p>\r\n<p><\/p>\r\n<p>&nbsp;<\/p><!-- \/wp:post-content -->","protected":false},"excerpt":{"rendered":"<p>&nbsp; La Cl\u00ednica Veterin\u00e0ria Almog\u00e0vers Parc est\u00e0 situada a Barcelona, al barri del Fort Pienc, just al davant del parc&hellip;<\/p>\n","protected":false},"author":1,"featured_media":0,"parent":0,"menu_order":0,"comment_status":"closed","ping_status":"closed","template":"","meta":{"pgc_meta":"","ngg_post_thumbnail":0,"_joinchat":[],"footnotes":""},"class_list":["post-126","page","type-page","status-publish","hentry"],"pgc_meta":"","yoast_head":"<!-- This site is optimized with the Yoast SEO plugin v21.4 - https:\/\/yoast.com\/wordpress\/plugins\/seo\/ -->\n<title>INICI - Cl\u00ednica Veterin\u00e0ria Almog\u00e0vers Parc<\/title>\n<meta name=\"description\" content=\"Cl\u00ednica Veterin\u00e0ria Almogavers Parc - Un m\u00e9s de la fam\u00edlia\" \/>\n<meta name=\"robots\" content=\"index, follow, max-snippet:-1, max-image-preview:large, max-video-preview:-1\" \/>\n<link rel=\"canonical\" href=\"https:\/\/cvalmogaversparc.com\/\" \/>\n<meta property=\"og:locale\" content=\"ca_ES\" \/>\n<meta property=\"og:type\" content=\"article\" \/>\n<meta property=\"og:title\" content=\"INICI - Cl\u00ednica Veterin\u00e0ria Almog\u00e0vers Parc\" \/>\n<meta property=\"og:description\" content=\"Cl\u00ednica Veterin\u00e0ria Almogavers Parc - Un m\u00e9s de la fam\u00edlia\" \/>\n<meta property=\"og:url\" content=\"https:\/\/cvalmogaversparc.com\/\" \/>\n<meta property=\"og:site_name\" content=\"Cl\u00ednica Veterin\u00e0ria Almog\u00e0vers Parc\" \/>\n<meta property=\"article:publisher\" content=\"https:\/\/www.facebook.com\/cvetalmogaversparc\/\" \/>\n<meta property=\"article:modified_time\" content=\"2024-09-24T09:48:12+00:00\" \/>\n<meta property=\"og:image\" content=\"http:\/\/cvalmogaversparc.com\/wp-content\/uploads\/2020\/03\/ENTRADA_MOD-1010x1024.jpg\" \/>\n<meta name=\"twitter:card\" content=\"summary_large_image\" \/>\n<meta name=\"twitter:label1\" content=\"Temps estimat de lectura\" \/>\n\t<meta name=\"twitter:data1\" content=\"3 minuts\" \/>\n<script type=\"application\/ld+json\" class=\"yoast-schema-graph\">{\"@context\":\"https:\/\/schema.org\",\"@graph\":[{\"@type\":\"WebPage\",\"@id\":\"https:\/\/cvalmogaversparc.com\/\",\"url\":\"https:\/\/cvalmogaversparc.com\/\",\"name\":\"INICI - Cl\u00ednica Veterin\u00e0ria Almog\u00e0vers Parc\",\"isPartOf\":{\"@id\":\"https:\/\/cvalmogaversparc.com\/es_ES\/#website\"},\"datePublished\":\"2019-02-04T19:23:42+00:00\",\"dateModified\":\"2024-09-24T09:48:12+00:00\",\"description\":\"Cl\u00ednica Veterin\u00e0ria Almogavers Parc - Un m\u00e9s de la fam\u00edlia\",\"breadcrumb\":{\"@id\":\"https:\/\/cvalmogaversparc.com\/#breadcrumb\"},\"inLanguage\":\"ca\",\"potentialAction\":[{\"@type\":\"ReadAction\",\"target\":[\"https:\/\/cvalmogaversparc.com\/\"]}]},{\"@type\":\"BreadcrumbList\",\"@id\":\"https:\/\/cvalmogaversparc.com\/#breadcrumb\",\"itemListElement\":[{\"@type\":\"ListItem\",\"position\":1,\"name\":\"Portada\",\"item\":\"https:\/\/cvalmogaversparc.com\/\"},{\"@type\":\"ListItem\",\"position\":2,\"name\":\"INICI\"}]},{\"@type\":\"WebSite\",\"@id\":\"https:\/\/cvalmogaversparc.com\/es_ES\/#website\",\"url\":\"https:\/\/cvalmogaversparc.com\/es_ES\/\",\"name\":\"Cl\u00ednica Veterin\u00e0ria Almog\u00e0vers Parc\",\"description\":\"Un m\u00e9s de la fam\u00edlia\",\"publisher\":{\"@id\":\"https:\/\/cvalmogaversparc.com\/es_ES\/#organization\"},\"potentialAction\":[{\"@type\":\"SearchAction\",\"target\":{\"@type\":\"EntryPoint\",\"urlTemplate\":\"https:\/\/cvalmogaversparc.com\/es_ES\/?s={search_term_string}\"},\"query-input\":\"required name=search_term_string\"}],\"inLanguage\":\"ca\"},{\"@type\":\"Organization\",\"@id\":\"https:\/\/cvalmogaversparc.com\/es_ES\/#organization\",\"name\":\"Cl\u00ednica Veterin\u00e0ria Almog\u00e0vers Parc\",\"url\":\"https:\/\/cvalmogaversparc.com\/es_ES\/\",\"logo\":{\"@type\":\"ImageObject\",\"inLanguage\":\"ca\",\"@id\":\"https:\/\/cvalmogaversparc.com\/es_ES\/#\/schema\/logo\/image\/\",\"url\":\"https:\/\/cvalmogaversparc.com\/wp-content\/uploads\/2019\/02\/img064.jpg\",\"contentUrl\":\"https:\/\/cvalmogaversparc.com\/wp-content\/uploads\/2019\/02\/img064.jpg\",\"width\":3509,\"height\":2481,\"caption\":\"Cl\u00ednica Veterin\u00e0ria Almog\u00e0vers Parc\"},\"image\":{\"@id\":\"https:\/\/cvalmogaversparc.com\/es_ES\/#\/schema\/logo\/image\/\"},\"sameAs\":[\"https:\/\/www.facebook.com\/cvetalmogaversparc\/\",\"https:\/\/www.instagram.com\/cvetalmogaversparc\/\"]}]}<\/script>\n<!-- \/ Yoast SEO plugin. -->","yoast_head_json":{"title":"INICI - Cl\u00ednica Veterin\u00e0ria Almog\u00e0vers Parc","description":"Cl\u00ednica Veterin\u00e0ria Almogavers Parc - Un m\u00e9s de la fam\u00edlia","robots":{"index":"index","follow":"follow","max-snippet":"max-snippet:-1","max-image-preview":"max-image-preview:large","max-video-preview":"max-video-preview:-1"},"canonical":"https:\/\/cvalmogaversparc.com\/","og_locale":"ca_ES","og_type":"article","og_title":"INICI - Cl\u00ednica Veterin\u00e0ria Almog\u00e0vers Parc","og_description":"Cl\u00ednica Veterin\u00e0ria Almogavers Parc - Un m\u00e9s de la fam\u00edlia","og_url":"https:\/\/cvalmogaversparc.com\/","og_site_name":"Cl\u00ednica Veterin\u00e0ria Almog\u00e0vers Parc","article_publisher":"https:\/\/www.facebook.com\/cvetalmogaversparc\/","article_modified_time":"2024-09-24T09:48:12+00:00","og_image":[{"url":"http:\/\/cvalmogaversparc.com\/wp-content\/uploads\/2020\/03\/ENTRADA_MOD-1010x1024.jpg"}],"twitter_card":"summary_large_image","twitter_misc":{"Temps estimat de lectura":"3 minuts"},"schema":{"@context":"https:\/\/schema.org","@graph":[{"@type":"WebPage","@id":"https:\/\/cvalmogaversparc.com\/","url":"https:\/\/cvalmogaversparc.com\/","name":"INICI - Cl\u00ednica Veterin\u00e0ria Almog\u00e0vers Parc","isPartOf":{"@id":"https:\/\/cvalmogaversparc.com\/es_ES\/#website"},"datePublished":"2019-02-04T19:23:42+00:00","dateModified":"2024-09-24T09:48:12+00:00","description":"Cl\u00ednica Veterin\u00e0ria Almogavers Parc - Un m\u00e9s de la fam\u00edlia","breadcrumb":{"@id":"https:\/\/cvalmogaversparc.com\/#breadcrumb"},"inLanguage":"ca","potentialAction":[{"@type":"ReadAction","target":["https:\/\/cvalmogaversparc.com\/"]}]},{"@type":"BreadcrumbList","@id":"https:\/\/cvalmogaversparc.com\/#breadcrumb","itemListElement":[{"@type":"ListItem","position":1,"name":"Portada","item":"https:\/\/cvalmogaversparc.com\/"},{"@type":"ListItem","position":2,"name":"INICI"}]},{"@type":"WebSite","@id":"https:\/\/cvalmogaversparc.com\/es_ES\/#website","url":"https:\/\/cvalmogaversparc.com\/es_ES\/","name":"Cl\u00ednica Veterin\u00e0ria Almog\u00e0vers Parc","description":"Un m\u00e9s de la fam\u00edlia","publisher":{"@id":"https:\/\/cvalmogaversparc.com\/es_ES\/#organization"},"potentialAction":[{"@type":"SearchAction","target":{"@type":"EntryPoint","urlTemplate":"https:\/\/cvalmogaversparc.com\/es_ES\/?s={search_term_string}"},"query-input":"required name=search_term_string"}],"inLanguage":"ca"},{"@type":"Organization","@id":"https:\/\/cvalmogaversparc.com\/es_ES\/#organization","name":"Cl\u00ednica Veterin\u00e0ria Almog\u00e0vers Parc","url":"https:\/\/cvalmogaversparc.com\/es_ES\/","logo":{"@type":"ImageObject","inLanguage":"ca","@id":"https:\/\/cvalmogaversparc.com\/es_ES\/#\/schema\/logo\/image\/","url":"https:\/\/cvalmogaversparc.com\/wp-content\/uploads\/2019\/02\/img064.jpg","contentUrl":"https:\/\/cvalmogaversparc.com\/wp-content\/uploads\/2019\/02\/img064.jpg","width":3509,"height":2481,"caption":"Cl\u00ednica Veterin\u00e0ria Almog\u00e0vers Parc"},"image":{"@id":"https:\/\/cvalmogaversparc.com\/es_ES\/#\/schema\/logo\/image\/"},"sameAs":["https:\/\/www.facebook.com\/cvetalmogaversparc\/","https:\/\/www.instagram.com\/cvetalmogaversparc\/"]}]}},"_links":{"self":[{"href":"https:\/\/cvalmogaversparc.com\/en_GB\/wp-json\/wp\/v2\/pages\/126","targetHints":{"allow":["GET"]}}],"collection":[{"href":"https:\/\/cvalmogaversparc.com\/en_GB\/wp-json\/wp\/v2\/pages"}],"about":[{"href":"https:\/\/cvalmogaversparc.com\/en_GB\/wp-json\/wp\/v2\/types\/page"}],"author":[{"embeddable":true,"href":"https:\/\/cvalmogaversparc.com\/en_GB\/wp-json\/wp\/v2\/users\/1"}],"replies":[{"embeddable":true,"href":"https:\/\/cvalmogaversparc.com\/en_GB\/wp-json\/wp\/v2\/comments?post=126"}],"version-history":[{"count":205,"href":"https:\/\/cvalmogaversparc.com\/en_GB\/wp-json\/wp\/v2\/pages\/126\/revisions"}],"predecessor-version":[{"id":143,"href":"https:\/\/cvalmogaversparc.com\/en_GB\/wp-json\/wp\/v2\/pages\/126\/revisions\/143"}],"wp:attachment":[{"href":"https:\/\/cvalmogaversparc.com\/en_GB\/wp-json\/wp\/v2\/media?parent=126"}],"curies":[{"name":"wp","href":"https:\/\/api.w.org\/{rel}","templated":true}]}}